{"id":1079,"date":"2018-11-21T15:48:55","date_gmt":"2018-11-21T14:48:55","guid":{"rendered":"http:\/\/www.biekapa.com\/biekapa-perfiladores\/empresa\/"},"modified":"2020-09-16T16:36:16","modified_gmt":"2020-09-16T15:36:16","slug":"company","status":"publish","type":"page","link":"https:\/\/www.biekapa.com\/en\/biekapa-perfiladores\/company\/","title":{"rendered":"Company"},"content":{"rendered":"\n<style type=\"text\/css\" data-created_by=\"avia_inline_auto\" id=\"style-css-av-dbz1uz-8021d417507b76579e87a4b88fdbaa9c\">\n.avia-section.av-dbz1uz-8021d417507b76579e87a4b88fdbaa9c{\nbackground-color:#ffffff;\nbackground-image:url(https:\/\/www.biekapa.com\/wp-content\/uploads\/2018\/11\/1-1.jpg);\nbackground-repeat:no-repeat;\nbackground-position:0% 0%;\nbackground-attachment:fixed;\n}\n.avia-section.av-dbz1uz-8021d417507b76579e87a4b88fdbaa9c .av-extra-border-element .av-extra-border-inner{\nbackground-color:#ffffff;\n}\n<\/style>\n<div id='av_section_1'  class='avia-section av-dbz1uz-8021d417507b76579e87a4b88fdbaa9c main_color avia-section-large avia-no-border-styling  avia-builder-el-0  el_before_av_section  avia-builder-el-first  avia-full-stretch avia-bg-style-fixed container_wrap fullsize'  data-section-bg-repeat='stretch'><div class=\"av-section-color-overlay-wrap\"><a href='#next-section' title='' class='scroll-down-link ' aria-hidden='true' data-av_icon='\ue877' data-av_iconfont='entypo-fontello'><\/a><div class='container av-section-cont-open' ><main  role=\"main\" itemprop=\"mainContentOfPage\"  class='template-page content  av-content-full alpha units'><div class='post-entry post-entry-type-page post-entry-1079'><div class='entry-content-wrapper clearfix'>\n\n<style type=\"text\/css\" data-created_by=\"avia_inline_auto\" id=\"style-css-av-d0ldej-eb313229f87800d1b2795aa74d1454ec\">\n.flex_column.av-d0ldej-eb313229f87800d1b2795aa74d1454ec{\nborder-radius:0px 0px 0px 0px;\npadding:20px 20px 20px 20px;\n}\n<\/style>\n<div  class='flex_column av-d0ldej-eb313229f87800d1b2795aa74d1454ec av_one_full  avia-builder-el-1  avia-builder-el-no-sibling  first flex_column_div av-animated-generic top-to-bottom  '     ><p>\n<style type=\"text\/css\" data-created_by=\"avia_inline_auto\" id=\"style-css-av-jrm8iyo6-506dc99d4d28a54a1d037ab5fdb0b875\">\n#top .av-special-heading.av-jrm8iyo6-506dc99d4d28a54a1d037ab5fdb0b875{\npadding-bottom:0;\nfont-size:40px;\n}\nbody .av-special-heading.av-jrm8iyo6-506dc99d4d28a54a1d037ab5fdb0b875 .av-special-heading-tag .heading-char{\nfont-size:25px;\n}\n#top #wrap_all .av-special-heading.av-jrm8iyo6-506dc99d4d28a54a1d037ab5fdb0b875 .av-special-heading-tag{\nfont-size:40px;\n}\n.av-special-heading.av-jrm8iyo6-506dc99d4d28a54a1d037ab5fdb0b875 .av-subheading{\nfont-size:15px;\n}\n\n@media only screen and (min-width: 480px) and (max-width: 767px){ \n#top #wrap_all .av-special-heading.av-jrm8iyo6-506dc99d4d28a54a1d037ab5fdb0b875 .av-special-heading-tag{\nfont-size:0.8em;\n}\n}\n\n@media only screen and (max-width: 479px){ \n#top #wrap_all .av-special-heading.av-jrm8iyo6-506dc99d4d28a54a1d037ab5fdb0b875 .av-special-heading-tag{\nfont-size:0.8em;\n}\n}\n<\/style>\n<div  class='av-special-heading av-jrm8iyo6-506dc99d4d28a54a1d037ab5fdb0b875 av-special-heading-h3 blockquote modern-quote modern-centered  avia-builder-el-2  el_before_av_hr  avia-builder-el-first  av-inherit-size'><h3 class='av-special-heading-tag'  itemprop=\"headline\"  >COMPANY<\/h3><div class=\"special-heading-border\"><div class=\"special-heading-inner-border\"><\/div><\/div><\/div><br \/>\n\n<style type=\"text\/css\" data-created_by=\"avia_inline_auto\" id=\"style-css-av-cotw17-3b2264b6cc8369b855d06d1687662b1f\">\n#top .hr.av-cotw17-3b2264b6cc8369b855d06d1687662b1f{\nmargin-top:30px;\nmargin-bottom:30px;\n}\n.hr.av-cotw17-3b2264b6cc8369b855d06d1687662b1f .hr-inner{\nwidth:50px;\nborder-color:#000000;\n}\n<\/style>\n<div  class='hr av-cotw17-3b2264b6cc8369b855d06d1687662b1f hr-custom  avia-builder-el-3  el_after_av_heading  el_before_av_textblock  hr-center hr-icon-no'><span class='hr-inner inner-border-av-border-thin'><span class=\"hr-inner-style\"><\/span><\/span><\/div><br \/>\n\n<style type=\"text\/css\" data-created_by=\"avia_inline_auto\" id=\"style-css-av-ckg50r-3352883846c88c01836270e522f82d9e\">\n#top .av_textblock_section.av-ckg50r-3352883846c88c01836270e522f82d9e .avia_textblock{\nfont-size:22px;\n}\n<\/style>\n<section  class='av_textblock_section av-ckg50r-3352883846c88c01836270e522f82d9e '   itemscope=\"itemscope\" itemtype=\"https:\/\/schema.org\/CreativeWork\" ><div class='avia_textblock'  itemprop=\"text\" ><p style=\"text-align: center;\">At BIEKAPA we are dedicated to the manufacture of cold rolled steel profiles. Our strategy and philosophy means finding out the exact needs of the customer, to then provide a custom solution to work with: from the basics of manufacturing steel profiles to the planning and delivery of solutions for industrial projects.<\/p>\n<\/div><\/section><br \/>\n\n<style type=\"text\/css\" data-created_by=\"avia_inline_auto\" id=\"style-css-av-18mj7n-9832996e7f68f36e029e69f9dea61c65\">\n#top .hr.hr-invisible.av-18mj7n-9832996e7f68f36e029e69f9dea61c65{\nheight:120px;\n}\n<\/style>\n<div  class='hr av-18mj7n-9832996e7f68f36e029e69f9dea61c65 hr-invisible  avia-builder-el-5  el_after_av_textblock  avia-builder-el-last '><span class='hr-inner '><span class=\"hr-inner-style\"><\/span><\/span><\/div><\/p><\/div>\n\n<\/div><\/div><\/main><!-- close content main element --><\/div><div class='av-extra-border-element border-extra-diagonal  diagonal-box-shadow'><div class='av-extra-border-outer'><div class='av-extra-border-inner'><\/div><\/div><\/div><\/div><\/div><div id='av_section_2'  class='avia-section av-45na-5928aef6d90c35c7128e07b7a1a105b6 main_color avia-section-default avia-no-border-styling  avia-builder-el-6  el_after_av_section  avia-builder-el-last  avia-bg-style-scroll container_wrap fullsize'  ><div class='container av-section-cont-open' ><div class='template-page content  av-content-full alpha units'><div class='post-entry post-entry-type-page post-entry-1079'><div class='entry-content-wrapper clearfix'>\n\n<style type=\"text\/css\" data-created_by=\"avia_inline_auto\" id=\"style-css-av-554i-80d80252d7b2e985ccf98c3f90618554\">\n.flex_column.av-554i-80d80252d7b2e985ccf98c3f90618554{\nborder-radius:0px 0px 0px 0px;\npadding:0px 0px 0px 0px;\n}\n<\/style>\n<div  class='flex_column av-554i-80d80252d7b2e985ccf98c3f90618554 av_one_half  avia-builder-el-7  el_before_av_one_half  avia-builder-el-first  first flex_column_div av-zero-column-padding  '     ><section  class='av_textblock_section av-jotxvakk-472a07899708aeac06d9efe28b1e62fb '   itemscope=\"itemscope\" itemtype=\"https:\/\/schema.org\/CreativeWork\" ><div class='avia_textblock'  itemprop=\"text\" ><p style=\"text-align: justify;\">BIEKAPA was born in 2017 as the result of the merger between two companies with an extensive experience in the manufacturing of steel profiles through cold forming processes. On the one hand KAPA PERFILES, SL, specialising in profiles for drywall systems, and on the other side, BIEK PERFILADORES, SL manufacturer of profiles for agriculture, industrial, the energy sector and construction applications.<\/p>\n<p style=\"text-align: justify;\">Both companies began their activity in the year 2000, based in the same geographical area. The location on the border between Spain and France, means that today, BIEKAPA is able to focus strongly on the export market, with a clear international objective.<\/p>\n<p style=\"text-align: justify;\">BIEKAPA has a wide knowledge of the cold forming sector of metal profiles, both at production and market levels; its know-how is the result of twenty years of experience providing solutions to the needs and requirements of its customers. The machine facilities and production capacity can respond to businesses\u2019 needs rapidly and efficiently, drawing on a wealth of experienced organisation, innovative designs and desire of new challenges.<\/p>\n<\/div><\/section><\/div>\n<style type=\"text\/css\" data-created_by=\"avia_inline_auto\" id=\"style-css-av-3rts-c0047074deb3d855c4fbd8f0f89dd079\">\n.flex_column.av-3rts-c0047074deb3d855c4fbd8f0f89dd079{\nborder-radius:0px 0px 0px 0px;\npadding:0px 0px 0px 0px;\n}\n<\/style>\n<div  class='flex_column av-3rts-c0047074deb3d855c4fbd8f0f89dd079 av_one_half  avia-builder-el-9  el_after_av_one_half  avia-builder-el-last  flex_column_div av-zero-column-padding  '     ><section  class='av_textblock_section av-jotxvakk-472a07899708aeac06d9efe28b1e62fb '   itemscope=\"itemscope\" itemtype=\"https:\/\/schema.org\/CreativeWork\" ><div class='avia_textblock'  itemprop=\"text\" ><p style=\"text-align: justify;\">The drive for quality is demonstrated by the international recognitions of this young and dynamic company. BIEKAPA has products certified in its catalogue by national and foreign quality organisations (N AENOR, NF CSTB &#8230;).<\/p>\n<p style=\"text-align: justify;\">BIEKAPA is the result of merging two companies on a similar path that decided to join forces to become a leading company within its sector, armed with a vast understanding of the skills and techniques required to manufacture the best product, at the best price with the best service, to satisfy customer needs.<\/p>\n<\/div><\/section><br \/>\n\n<style type=\"text\/css\" data-created_by=\"avia_inline_auto\" id=\"style-css-av-cotw17-88dbe571f579905c0a37d5bb54e96760\">\n#top .hr.hr-invisible.av-cotw17-88dbe571f579905c0a37d5bb54e96760{\nheight:30px;\n}\n<\/style>\n<div  class='hr av-cotw17-88dbe571f579905c0a37d5bb54e96760 hr-invisible  avia-builder-el-11  el_after_av_textblock  el_before_av_image '><span class='hr-inner '><span class=\"hr-inner-style\"><\/span><\/span><\/div><br \/>\n\n<style type=\"text\/css\" data-created_by=\"avia_inline_auto\" id=\"style-css-av-jpfeyrgx-fc74615be5af7f28a029b94f90f64655\">\n.avia-image-container.av-jpfeyrgx-fc74615be5af7f28a029b94f90f64655 img.avia_image{\nbox-shadow:none;\n}\n.avia-image-container.av-jpfeyrgx-fc74615be5af7f28a029b94f90f64655 .av-image-caption-overlay-center{\ncolor:#ffffff;\n}\n<\/style>\n<div  class='avia-image-container av-jpfeyrgx-fc74615be5af7f28a029b94f90f64655 av-styling- avia-align-right  avia-builder-el-12  el_after_av_hr  avia-builder-el-last '   itemprop=\"image\" itemscope=\"itemscope\" itemtype=\"https:\/\/schema.org\/ImageObject\" ><div class=\"avia-image-container-inner\"><div class=\"avia-image-overlay-wrap\"><img decoding=\"async\" fetchpriority=\"high\" class='wp-image-1523 avia-img-lazy-loading-not-1523 avia_image ' src=\"https:\/\/www.biekapa.com\/wp-content\/uploads\/2019\/02\/Biekapa-profilers-300x78.png\" alt='' title='Biekapa profilers'  height=\"78\" width=\"300\"  itemprop=\"thumbnailUrl\"  \/><\/div><\/div><\/div><\/p><\/div>\n","protected":false},"excerpt":{"rendered":"","protected":false},"author":2,"featured_media":0,"parent":1074,"menu_order":0,"comment_status":"closed","ping_status":"closed","template":"","meta":{"footnotes":""},"class_list":["post-1079","page","type-page","status-publish","hentry"],"yoast_head":"<!-- This site is optimized with the Yoast SEO plugin v27.1.1 - https:\/\/yoast.com\/product\/yoast-seo-wordpress\/ -->\n<title>Empresa | Biekapa Perfiladores | Fabricaci\u00f3n de Perfiles de acero Oiartzun<\/title>\n<meta name=\"description\" content=\"Desde la pura fabricaci\u00f3n de perfiles de acero a la definici\u00f3n conjunta de proyectos de colaboraci\u00f3n industrial | Biekapa Perfiladores | Oiartzun Gipuzkoa\" \/>\n<meta name=\"robots\" content=\"index, follow, max-snippet:-1, max-image-preview:large, max-video-preview:-1\" \/>\n<link rel=\"canonical\" href=\"https:\/\/www.biekapa.com\/en\/biekapa-perfiladores\/company\/\" \/>\n<meta property=\"og:locale\" content=\"en_US\" \/>\n<meta property=\"og:type\" content=\"article\" \/>\n<meta property=\"og:title\" content=\"Empresa | Biekapa Perfiladores | Fabricaci\u00f3n de Perfiles de acero Oiartzun\" \/>\n<meta property=\"og:description\" content=\"Desde la pura fabricaci\u00f3n de perfiles de acero a la definici\u00f3n conjunta de proyectos de colaboraci\u00f3n industrial | Biekapa Perfiladores | Oiartzun Gipuzkoa\" \/>\n<meta property=\"og:url\" content=\"https:\/\/www.biekapa.com\/en\/biekapa-perfiladores\/company\/\" \/>\n<meta property=\"og:site_name\" content=\"Biekapa\" \/>\n<meta property=\"article:modified_time\" content=\"2020-09-16T15:36:16+00:00\" \/>\n<meta name=\"twitter:card\" content=\"summary_large_image\" \/>\n<meta name=\"twitter:label1\" content=\"Est. reading time\" \/>\n\t<meta name=\"twitter:data1\" content=\"6 minutes\" \/>\n<script type=\"application\/ld+json\" class=\"yoast-schema-graph\">{\"@context\":\"https:\/\/schema.org\",\"@graph\":[{\"@type\":\"WebPage\",\"@id\":\"https:\/\/www.biekapa.com\/en\/biekapa-perfiladores\/company\/\",\"url\":\"https:\/\/www.biekapa.com\/en\/biekapa-perfiladores\/company\/\",\"name\":\"Empresa | Biekapa Perfiladores | Fabricaci\u00f3n de Perfiles de acero Oiartzun\",\"isPartOf\":{\"@id\":\"https:\/\/www.biekapa.com\/#website\"},\"datePublished\":\"2018-11-21T14:48:55+00:00\",\"dateModified\":\"2020-09-16T15:36:16+00:00\",\"description\":\"Desde la pura fabricaci\u00f3n de perfiles de acero a la definici\u00f3n conjunta de proyectos de colaboraci\u00f3n industrial | Biekapa Perfiladores | Oiartzun Gipuzkoa\",\"breadcrumb\":{\"@id\":\"https:\/\/www.biekapa.com\/en\/biekapa-perfiladores\/company\/#breadcrumb\"},\"inLanguage\":\"en-US\",\"potentialAction\":[{\"@type\":\"ReadAction\",\"target\":[\"https:\/\/www.biekapa.com\/en\/biekapa-perfiladores\/company\/\"]}]},{\"@type\":\"BreadcrumbList\",\"@id\":\"https:\/\/www.biekapa.com\/en\/biekapa-perfiladores\/company\/#breadcrumb\",\"itemListElement\":[{\"@type\":\"ListItem\",\"position\":1,\"name\":\"Portada\",\"item\":\"https:\/\/www.biekapa.com\/en\/\"},{\"@type\":\"ListItem\",\"position\":2,\"name\":\"Biekapa\",\"item\":\"https:\/\/www.biekapa.com\/en\/\"},{\"@type\":\"ListItem\",\"position\":3,\"name\":\"Company\"}]},{\"@type\":\"WebSite\",\"@id\":\"https:\/\/www.biekapa.com\/#website\",\"url\":\"https:\/\/www.biekapa.com\/\",\"name\":\"Biekapa\",\"description\":\"Perfiladores\",\"potentialAction\":[{\"@type\":\"SearchAction\",\"target\":{\"@type\":\"EntryPoint\",\"urlTemplate\":\"https:\/\/www.biekapa.com\/?s={search_term_string}\"},\"query-input\":{\"@type\":\"PropertyValueSpecification\",\"valueRequired\":true,\"valueName\":\"search_term_string\"}}],\"inLanguage\":\"en-US\"}]}<\/script>\n<!-- \/ Yoast SEO plugin. -->","yoast_head_json":{"title":"Empresa | Biekapa Perfiladores | Fabricaci\u00f3n de Perfiles de acero Oiartzun","description":"Desde la pura fabricaci\u00f3n de perfiles de acero a la definici\u00f3n conjunta de proyectos de colaboraci\u00f3n industrial | Biekapa Perfiladores | Oiartzun Gipuzkoa","robots":{"index":"index","follow":"follow","max-snippet":"max-snippet:-1","max-image-preview":"max-image-preview:large","max-video-preview":"max-video-preview:-1"},"canonical":"https:\/\/www.biekapa.com\/en\/biekapa-perfiladores\/company\/","og_locale":"en_US","og_type":"article","og_title":"Empresa | Biekapa Perfiladores | Fabricaci\u00f3n de Perfiles de acero Oiartzun","og_description":"Desde la pura fabricaci\u00f3n de perfiles de acero a la definici\u00f3n conjunta de proyectos de colaboraci\u00f3n industrial | Biekapa Perfiladores | Oiartzun Gipuzkoa","og_url":"https:\/\/www.biekapa.com\/en\/biekapa-perfiladores\/company\/","og_site_name":"Biekapa","article_modified_time":"2020-09-16T15:36:16+00:00","twitter_card":"summary_large_image","twitter_misc":{"Est. reading time":"6 minutes"},"schema":{"@context":"https:\/\/schema.org","@graph":[{"@type":"WebPage","@id":"https:\/\/www.biekapa.com\/en\/biekapa-perfiladores\/company\/","url":"https:\/\/www.biekapa.com\/en\/biekapa-perfiladores\/company\/","name":"Empresa | Biekapa Perfiladores | Fabricaci\u00f3n de Perfiles de acero Oiartzun","isPartOf":{"@id":"https:\/\/www.biekapa.com\/#website"},"datePublished":"2018-11-21T14:48:55+00:00","dateModified":"2020-09-16T15:36:16+00:00","description":"Desde la pura fabricaci\u00f3n de perfiles de acero a la definici\u00f3n conjunta de proyectos de colaboraci\u00f3n industrial | Biekapa Perfiladores | Oiartzun Gipuzkoa","breadcrumb":{"@id":"https:\/\/www.biekapa.com\/en\/biekapa-perfiladores\/company\/#breadcrumb"},"inLanguage":"en-US","potentialAction":[{"@type":"ReadAction","target":["https:\/\/www.biekapa.com\/en\/biekapa-perfiladores\/company\/"]}]},{"@type":"BreadcrumbList","@id":"https:\/\/www.biekapa.com\/en\/biekapa-perfiladores\/company\/#breadcrumb","itemListElement":[{"@type":"ListItem","position":1,"name":"Portada","item":"https:\/\/www.biekapa.com\/en\/"},{"@type":"ListItem","position":2,"name":"Biekapa","item":"https:\/\/www.biekapa.com\/en\/"},{"@type":"ListItem","position":3,"name":"Company"}]},{"@type":"WebSite","@id":"https:\/\/www.biekapa.com\/#website","url":"https:\/\/www.biekapa.com\/","name":"Biekapa","description":"Perfiladores","potentialAction":[{"@type":"SearchAction","target":{"@type":"EntryPoint","urlTemplate":"https:\/\/www.biekapa.com\/?s={search_term_string}"},"query-input":{"@type":"PropertyValueSpecification","valueRequired":true,"valueName":"search_term_string"}}],"inLanguage":"en-US"}]}},"_links":{"self":[{"href":"https:\/\/www.biekapa.com\/en\/wp-json\/wp\/v2\/pages\/1079","targetHints":{"allow":["GET"]}}],"collection":[{"href":"https:\/\/www.biekapa.com\/en\/wp-json\/wp\/v2\/pages"}],"about":[{"href":"https:\/\/www.biekapa.com\/en\/wp-json\/wp\/v2\/types\/page"}],"author":[{"embeddable":true,"href":"https:\/\/www.biekapa.com\/en\/wp-json\/wp\/v2\/users\/2"}],"replies":[{"embeddable":true,"href":"https:\/\/www.biekapa.com\/en\/wp-json\/wp\/v2\/comments?post=1079"}],"version-history":[{"count":3,"href":"https:\/\/www.biekapa.com\/en\/wp-json\/wp\/v2\/pages\/1079\/revisions"}],"predecessor-version":[{"id":1553,"href":"https:\/\/www.biekapa.com\/en\/wp-json\/wp\/v2\/pages\/1079\/revisions\/1553"}],"up":[{"embeddable":true,"href":"https:\/\/www.biekapa.com\/en\/wp-json\/wp\/v2\/pages\/1074"}],"wp:attachment":[{"href":"https:\/\/www.biekapa.com\/en\/wp-json\/wp\/v2\/media?parent=1079"}],"curies":[{"name":"wp","href":"https:\/\/api.w.org\/{rel}","templated":true}]}}