{"id":1088,"date":"2018-11-21T16:07:17","date_gmt":"2018-11-21T15:07:17","guid":{"rendered":"http:\/\/www.biekapa.com\/biekapa-perfiladores\/instalaciones\/"},"modified":"2020-09-16T16:36:16","modified_gmt":"2020-09-16T15:36:16","slug":"facilities","status":"publish","type":"page","link":"https:\/\/www.biekapa.com\/en\/biekapa-perfiladores\/facilities\/","title":{"rendered":"Facilities"},"content":{"rendered":"\n<style type=\"text\/css\" data-created_by=\"avia_inline_auto\" id=\"style-css-av-dbz1uz-e3663f9afddc239b61cf0e3b0396f655\">\n.avia-section.av-dbz1uz-e3663f9afddc239b61cf0e3b0396f655{\nbackground-color:#ffffff;\nbackground-image:url(https:\/\/www.biekapa.com\/wp-content\/uploads\/2018\/11\/5-1.jpg);\nbackground-repeat:no-repeat;\nbackground-position:0% 0%;\nbackground-attachment:fixed;\n}\n.avia-section.av-dbz1uz-e3663f9afddc239b61cf0e3b0396f655 .av-extra-border-element .av-extra-border-inner{\nbackground-color:#ffffff;\n}\n<\/style>\n<div id='av_section_1'  class='avia-section av-dbz1uz-e3663f9afddc239b61cf0e3b0396f655 main_color avia-section-large avia-no-border-styling  avia-builder-el-0  el_before_av_section  avia-builder-el-first  avia-full-stretch avia-bg-style-fixed container_wrap fullsize'  data-section-bg-repeat='stretch'><div class=\"av-section-color-overlay-wrap\"><a href='#next-section' title='' class='scroll-down-link ' aria-hidden='true' data-av_icon='\ue877' data-av_iconfont='entypo-fontello'><\/a><div class='container av-section-cont-open' ><main  role=\"main\" itemprop=\"mainContentOfPage\"  class='template-page content  av-content-full alpha units'><div class='post-entry post-entry-type-page post-entry-1088'><div class='entry-content-wrapper clearfix'>\n\n<style type=\"text\/css\" data-created_by=\"avia_inline_auto\" id=\"style-css-av-d0ldej-eb313229f87800d1b2795aa74d1454ec\">\n.flex_column.av-d0ldej-eb313229f87800d1b2795aa74d1454ec{\nborder-radius:0px 0px 0px 0px;\npadding:20px 20px 20px 20px;\n}\n<\/style>\n<div  class='flex_column av-d0ldej-eb313229f87800d1b2795aa74d1454ec av_one_full  avia-builder-el-1  avia-builder-el-no-sibling  first flex_column_div av-animated-generic top-to-bottom  '     ><p>\n<style type=\"text\/css\" data-created_by=\"avia_inline_auto\" id=\"style-css-av-av_heading-26195c3500aae61998a8546dfca22a4f\">\n#top .av-special-heading.av-av_heading-26195c3500aae61998a8546dfca22a4f{\npadding-bottom:0;\nfont-size:40px;\n}\nbody .av-special-heading.av-av_heading-26195c3500aae61998a8546dfca22a4f .av-special-heading-tag .heading-char{\nfont-size:25px;\n}\n#top #wrap_all .av-special-heading.av-av_heading-26195c3500aae61998a8546dfca22a4f .av-special-heading-tag{\nfont-size:40px;\n}\n.av-special-heading.av-av_heading-26195c3500aae61998a8546dfca22a4f .av-subheading{\nfont-size:15px;\n}\n\n@media only screen and (min-width: 480px) and (max-width: 767px){ \n#top #wrap_all .av-special-heading.av-av_heading-26195c3500aae61998a8546dfca22a4f .av-special-heading-tag{\nfont-size:0.8em;\n}\n}\n\n@media only screen and (max-width: 479px){ \n#top #wrap_all .av-special-heading.av-av_heading-26195c3500aae61998a8546dfca22a4f .av-special-heading-tag{\nfont-size:0.8em;\n}\n}\n<\/style>\n<div  class='av-special-heading av-av_heading-26195c3500aae61998a8546dfca22a4f av-special-heading-h3 blockquote modern-quote modern-centered  avia-builder-el-2  el_before_av_hr  avia-builder-el-first  av-inherit-size av-linked-heading'><h3 class='av-special-heading-tag'  itemprop=\"headline\"  >FACILITIES<\/h3><div class=\"special-heading-border\"><div class=\"special-heading-inner-border\"><\/div><\/div><\/div><br \/>\n\n<style type=\"text\/css\" data-created_by=\"avia_inline_auto\" id=\"style-css-av-cotw17-3b2264b6cc8369b855d06d1687662b1f\">\n#top .hr.av-cotw17-3b2264b6cc8369b855d06d1687662b1f{\nmargin-top:30px;\nmargin-bottom:30px;\n}\n.hr.av-cotw17-3b2264b6cc8369b855d06d1687662b1f .hr-inner{\nwidth:50px;\nborder-color:#000000;\n}\n<\/style>\n<div  class='hr av-cotw17-3b2264b6cc8369b855d06d1687662b1f hr-custom  avia-builder-el-3  el_after_av_heading  el_before_av_textblock  hr-center hr-icon-no'><span class='hr-inner inner-border-av-border-thin'><span class=\"hr-inner-style\"><\/span><\/span><\/div><br \/>\n\n<style type=\"text\/css\" data-created_by=\"avia_inline_auto\" id=\"style-css-av-ckg50r-62f4e9c5a482775bed8a66b33ddff0b2\">\n#top .av_textblock_section.av-ckg50r-62f4e9c5a482775bed8a66b33ddff0b2 .avia_textblock{\nfont-size:22px;\n}\n<\/style>\n<section  class='av_textblock_section av-ckg50r-62f4e9c5a482775bed8a66b33ddff0b2 '   itemscope=\"itemscope\" itemtype=\"https:\/\/schema.org\/CreativeWork\" ><div class='avia_textblock'  itemprop=\"text\" ><p style=\"text-align: center;\">11 profiling lines with high production and flexibility: Thickness: 0.5 to 4 mm, Bandwidth: Up to 400 mm. Materials : Black Steel, Pickling, Galvanised, Stainless Steel, etc &#8230;<\/p>\n<p style=\"text-align: center;\">Slitter Line<\/p>\n<p style=\"text-align: center;\">Auxiliary Processes<\/p>\n<\/div><\/section><br \/>\n\n<style type=\"text\/css\" data-created_by=\"avia_inline_auto\" id=\"style-css-av-18mj7n-9832996e7f68f36e029e69f9dea61c65\">\n#top .hr.hr-invisible.av-18mj7n-9832996e7f68f36e029e69f9dea61c65{\nheight:120px;\n}\n<\/style>\n<div  class='hr av-18mj7n-9832996e7f68f36e029e69f9dea61c65 hr-invisible  avia-builder-el-5  el_after_av_textblock  avia-builder-el-last '><span class='hr-inner '><span class=\"hr-inner-style\"><\/span><\/span><\/div><\/p><\/div><\/div><\/div><\/main><!-- close content main element --><\/div><div class='av-extra-border-element border-extra-diagonal  diagonal-box-shadow'><div class='av-extra-border-outer'><div class='av-extra-border-inner'><\/div><\/div><\/div><\/div><\/div>\n<style type=\"text\/css\" data-created_by=\"avia_inline_auto\" id=\"style-css-av-bz7s1n-90669438f7a958cc7c2458078c5f0422\">\n.avia-section.av-bz7s1n-90669438f7a958cc7c2458078c5f0422{\nbackground-color:#f8f8f8;\nbackground-image:unset;\n}\n.avia-section.av-bz7s1n-90669438f7a958cc7c2458078c5f0422 .av-extra-border-element .av-extra-border-inner{\nbackground-color:#ffffff;\n}\n<\/style>\n<div id='service'  class='avia-section av-bz7s1n-90669438f7a958cc7c2458078c5f0422 main_color avia-section-huge avia-no-border-styling  avia-builder-el-6  el_after_av_section  avia-builder-el-last  avia-bg-style-scroll container_wrap fullsize'  ><div class='container av-section-cont-open' ><div class='template-page content  av-content-full alpha units'><div class='post-entry post-entry-type-page post-entry-1088'><div class='entry-content-wrapper clearfix'>\n\n<style type=\"text\/css\" data-created_by=\"avia_inline_auto\" id=\"style-css-av-jrm8xwvz-8d4dc5e75efe32446606a40b005dcc5b\">\n#top .av-special-heading.av-jrm8xwvz-8d4dc5e75efe32446606a40b005dcc5b{\npadding-bottom:40px;\nfont-size:65px;\n}\nbody .av-special-heading.av-jrm8xwvz-8d4dc5e75efe32446606a40b005dcc5b .av-special-heading-tag .heading-char{\nfont-size:25px;\n}\n#top #wrap_all .av-special-heading.av-jrm8xwvz-8d4dc5e75efe32446606a40b005dcc5b .av-special-heading-tag{\nfont-size:65px;\n}\n.av-special-heading.av-jrm8xwvz-8d4dc5e75efe32446606a40b005dcc5b .av-subheading{\nfont-size:15px;\n}\n\n@media only screen and (min-width: 480px) and (max-width: 767px){ \n#top #wrap_all .av-special-heading.av-jrm8xwvz-8d4dc5e75efe32446606a40b005dcc5b .av-special-heading-tag{\nfont-size:0.8em;\n}\n}\n\n@media only screen and (max-width: 479px){ \n#top #wrap_all .av-special-heading.av-jrm8xwvz-8d4dc5e75efe32446606a40b005dcc5b .av-special-heading-tag{\nfont-size:0.8em;\n}\n}\n<\/style>\n<div  class='av-special-heading av-jrm8xwvz-8d4dc5e75efe32446606a40b005dcc5b av-special-heading-h3 blockquote modern-quote  avia-builder-el-7  el_before_av_masonry_gallery  avia-builder-el-no-sibling  av-inherit-size'><h3 class='av-special-heading-tag'  itemprop=\"headline\"  >Facilities and BIEKAPA\u00b4s profiles<\/h3><div class=\"special-heading-border\"><div class=\"special-heading-inner-border\"><\/div><\/div><\/div>\n<div id='av-masonry-1' class='av-masonry av-658bm3-13a859a2a3f04c4b769a8da93fa98387 noHover av-fixed-size av-large-gap av-hover-overlay-active av-masonry-animation-active av-masonry-col-3 av-caption-on-hover av-caption-style-overlay av-masonry-gallery ' data-post_id=\"1088\"><div class=\"av-masonry-container isotope av-js-disabled\"><div class='av-masonry-entry isotope-item av-masonry-item-no-image '><\/div><a href=\"https:\/\/www.biekapa.com\/wp-content\/uploads\/2018\/12\/1-1.jpg\" data-srcset=\"https:\/\/www.biekapa.com\/wp-content\/uploads\/2018\/12\/1-1.jpg 800w, https:\/\/www.biekapa.com\/wp-content\/uploads\/2018\/12\/1-1-300x200.jpg 300w, https:\/\/www.biekapa.com\/wp-content\/uploads\/2018\/12\/1-1-768x513.jpg 768w, https:\/\/www.biekapa.com\/wp-content\/uploads\/2018\/12\/1-1-705x471.jpg 705w, https:\/\/www.biekapa.com\/wp-content\/uploads\/2018\/12\/1-1-450x300.jpg 450w\" data-sizes=\"(max-width: 800px) 100vw, 800px\"  aria-label=\"image 1\"  id='av-masonry-1-item-1364' data-av-masonry-item='1364' class='av-masonry-entry isotope-item post-1364 attachment type-attachment status-inherit hentry  av-masonry-item-with-image' title=\"1\" alt=\"\"    itemprop=\"thumbnailUrl\" ><div class='av-inner-masonry-sizer'><\/div><figure class='av-inner-masonry main_color'><div class=\"av-masonry-outerimage-container\"><div class='av-masonry-image-container' style=\"background-image: url(https:\/\/www.biekapa.com\/wp-content\/uploads\/2018\/12\/1-1-705x471.jpg);\"  title=\"1\"  ><\/div><\/div><\/figure><\/a><!--end av-masonry entry--><a href=\"https:\/\/www.biekapa.com\/wp-content\/uploads\/2018\/12\/2-1.jpg\" data-srcset=\"https:\/\/www.biekapa.com\/wp-content\/uploads\/2018\/12\/2-1.jpg 800w, https:\/\/www.biekapa.com\/wp-content\/uploads\/2018\/12\/2-1-300x200.jpg 300w, https:\/\/www.biekapa.com\/wp-content\/uploads\/2018\/12\/2-1-768x513.jpg 768w, https:\/\/www.biekapa.com\/wp-content\/uploads\/2018\/12\/2-1-705x471.jpg 705w, https:\/\/www.biekapa.com\/wp-content\/uploads\/2018\/12\/2-1-450x300.jpg 450w\" data-sizes=\"(max-width: 800px) 100vw, 800px\"  aria-label=\"image 2\"  id='av-masonry-1-item-1366' data-av-masonry-item='1366' class='av-masonry-entry isotope-item post-1366 attachment type-attachment status-inherit hentry  av-masonry-item-with-image' title=\"2\" alt=\"\"    itemprop=\"thumbnailUrl\" ><div class='av-inner-masonry-sizer'><\/div><figure class='av-inner-masonry main_color'><div class=\"av-masonry-outerimage-container\"><div class='av-masonry-image-container' style=\"background-image: url(https:\/\/www.biekapa.com\/wp-content\/uploads\/2018\/12\/2-1-705x471.jpg);\"  title=\"2\"  ><\/div><\/div><\/figure><\/a><!--end av-masonry entry--><a href=\"https:\/\/www.biekapa.com\/wp-content\/uploads\/2018\/12\/4-1.jpg\" data-srcset=\"https:\/\/www.biekapa.com\/wp-content\/uploads\/2018\/12\/4-1.jpg 800w, https:\/\/www.biekapa.com\/wp-content\/uploads\/2018\/12\/4-1-300x200.jpg 300w, https:\/\/www.biekapa.com\/wp-content\/uploads\/2018\/12\/4-1-768x513.jpg 768w, https:\/\/www.biekapa.com\/wp-content\/uploads\/2018\/12\/4-1-705x471.jpg 705w, https:\/\/www.biekapa.com\/wp-content\/uploads\/2018\/12\/4-1-450x300.jpg 450w\" data-sizes=\"(max-width: 800px) 100vw, 800px\"  aria-label=\"image 4\"  id='av-masonry-1-item-1358' data-av-masonry-item='1358' class='av-masonry-entry isotope-item post-1358 attachment type-attachment status-inherit hentry  av-masonry-item-with-image' title=\"4\" alt=\"\"    itemprop=\"thumbnailUrl\" ><div class='av-inner-masonry-sizer'><\/div><figure class='av-inner-masonry main_color'><div class=\"av-masonry-outerimage-container\"><div class='av-masonry-image-container' style=\"background-image: url(https:\/\/www.biekapa.com\/wp-content\/uploads\/2018\/12\/4-1-705x471.jpg);\"  title=\"4\"  ><\/div><\/div><\/figure><\/a><!--end av-masonry entry--><a href=\"https:\/\/www.biekapa.com\/wp-content\/uploads\/2018\/12\/3-1.jpg\" data-srcset=\"https:\/\/www.biekapa.com\/wp-content\/uploads\/2018\/12\/3-1.jpg 800w, https:\/\/www.biekapa.com\/wp-content\/uploads\/2018\/12\/3-1-300x200.jpg 300w, https:\/\/www.biekapa.com\/wp-content\/uploads\/2018\/12\/3-1-768x513.jpg 768w, https:\/\/www.biekapa.com\/wp-content\/uploads\/2018\/12\/3-1-705x471.jpg 705w, https:\/\/www.biekapa.com\/wp-content\/uploads\/2018\/12\/3-1-450x300.jpg 450w\" data-sizes=\"(max-width: 800px) 100vw, 800px\"  aria-label=\"image 3\"  id='av-masonry-1-item-1356' data-av-masonry-item='1356' class='av-masonry-entry isotope-item post-1356 attachment type-attachment status-inherit hentry  av-masonry-item-with-image' title=\"3\" alt=\"\"    itemprop=\"thumbnailUrl\" ><div class='av-inner-masonry-sizer'><\/div><figure class='av-inner-masonry main_color'><div class=\"av-masonry-outerimage-container\"><div class='av-masonry-image-container' style=\"background-image: url(https:\/\/www.biekapa.com\/wp-content\/uploads\/2018\/12\/3-1-705x471.jpg);\"  title=\"3\"  ><\/div><\/div><\/figure><\/a><!--end av-masonry entry--><a href=\"https:\/\/www.biekapa.com\/wp-content\/uploads\/2018\/12\/5-1.jpg\" data-srcset=\"https:\/\/www.biekapa.com\/wp-content\/uploads\/2018\/12\/5-1.jpg 800w, https:\/\/www.biekapa.com\/wp-content\/uploads\/2018\/12\/5-1-300x200.jpg 300w, https:\/\/www.biekapa.com\/wp-content\/uploads\/2018\/12\/5-1-768x513.jpg 768w, https:\/\/www.biekapa.com\/wp-content\/uploads\/2018\/12\/5-1-705x471.jpg 705w, https:\/\/www.biekapa.com\/wp-content\/uploads\/2018\/12\/5-1-450x300.jpg 450w\" data-sizes=\"(max-width: 800px) 100vw, 800px\"  aria-label=\"image 5\"  id='av-masonry-1-item-1360' data-av-masonry-item='1360' class='av-masonry-entry isotope-item post-1360 attachment type-attachment status-inherit hentry  av-masonry-item-with-image' title=\"5\" alt=\"\"    itemprop=\"thumbnailUrl\" ><div class='av-inner-masonry-sizer'><\/div><figure class='av-inner-masonry main_color'><div class=\"av-masonry-outerimage-container\"><div class='av-masonry-image-container' style=\"background-image: url(https:\/\/www.biekapa.com\/wp-content\/uploads\/2018\/12\/5-1-705x471.jpg);\"  title=\"5\"  ><\/div><\/div><\/figure><\/a><!--end av-masonry entry--><a href=\"https:\/\/www.biekapa.com\/wp-content\/uploads\/2018\/12\/6-1.jpg\" data-srcset=\"https:\/\/www.biekapa.com\/wp-content\/uploads\/2018\/12\/6-1.jpg 800w, https:\/\/www.biekapa.com\/wp-content\/uploads\/2018\/12\/6-1-300x200.jpg 300w, https:\/\/www.biekapa.com\/wp-content\/uploads\/2018\/12\/6-1-768x513.jpg 768w, https:\/\/www.biekapa.com\/wp-content\/uploads\/2018\/12\/6-1-705x471.jpg 705w, https:\/\/www.biekapa.com\/wp-content\/uploads\/2018\/12\/6-1-450x300.jpg 450w\" data-sizes=\"(max-width: 800px) 100vw, 800px\"  aria-label=\"image 6\"  id='av-masonry-1-item-1362' data-av-masonry-item='1362' class='av-masonry-entry isotope-item post-1362 attachment type-attachment status-inherit hentry  av-masonry-item-with-image' title=\"6\" alt=\"\"    itemprop=\"thumbnailUrl\" ><div class='av-inner-masonry-sizer'><\/div><figure class='av-inner-masonry main_color'><div class=\"av-masonry-outerimage-container\"><div class='av-masonry-image-container' style=\"background-image: url(https:\/\/www.biekapa.com\/wp-content\/uploads\/2018\/12\/6-1-705x471.jpg);\"  title=\"6\"  ><\/div><\/div><\/figure><\/a><!--end av-masonry entry--><\/div><a class='av-masonry-pagination av-masonry-load-more' href='#load-more'  data-ids='1027,1028,1024,1023,1025,1026,783,784,785,786,787,788,795,790,794,797,792,798,789,791,793,796,799,801'  data-caption_elements='none'  data-caption_styling=''  data-caption_display='on-hover'  data-img_copyright=''  data-size='fixed'  data-orientation=''  data-image_size='masonry'  data-gap='large'  data-columns='3'  data-av-desktop-columns=''  data-av-medium-columns=''  data-av-small-columns=''  data-av-mini-columns=''  data-items='6'  data-paginate='load_more'  data-color=''  data-custom_bg=''  data-img_copyright_font=''  data-av-desktop-font-img_copyright_font=''  data-av-medium-font-img_copyright_font=''  data-av-small-font-img_copyright_font=''  data-av-mini-font-img_copyright_font=''  data-img_copyright_color=''  data-img_copyright_bg=''  data-animation='active'  data-animation_duration=''  data-animation_custom_bg_color=''  data-animation_custom_bg_color_multi_list=''  data-animation_z_index_curtain='100'  data-overlay_fx='active'  data-container_links='active'  data-link_dest=''  data-lightbox_text=''  data-img_scrset=''  data-lazy_loading='disabled'  data-av-desktop-hide=''  data-av-medium-hide=''  data-av-small-hide=''  data-av-mini-hide=''  data-alb_description=''  data-id=''  data-custom_class=''  data-template_class=''  data-av_uid='av-658bm3'  data-sc_version='1.0'  data-action=''  data-link='category'  data-post_type='post, page, attachment, revision, nav_menu_item, custom_css, customize_changeset, oembed_cache, user_request, wp_block, wp_template, wp_template_part, wp_global_styles, wp_navigation, wp_font_family, wp_font_face, wpcf7_contact_form, flamingo_contact, flamingo_inbound, mc4wp-form, portfolio, avia_framework_post'  data-term_rel='IN'  data-offset='0'  data-container_class='av-masonry-gallery'  data-wc_prod_visible=''  data-wc_prod_hidden=''  data-wc_prod_featured=''  data-prod_order_by=''  data-prod_order=''  data-sort='no'  data-auto_ratio='1.7'  data-set_breadcrumb='1'  data-custom_markup=''  data-query_orderby='date'  data-query_order='DESC'  data-date_filter=''  data-date_filter_start=''  data-date_filter_end=''  data-date_filter_format='yy\/mm\/dd'  data-period_filter_unit_1=''  data-period_filter_unit_2=''  data-page_element_filter=''  data-avno='81e2f639b8'>Load more<\/a><\/div>\n\n<style type=\"text\/css\" data-created_by=\"avia_inline_auto\" id=\"style-css-av-6o1dub-6ee5a9ddb159bd0a19fbc8c8352ff628\">\n#top .hr.hr-invisible.av-6o1dub-6ee5a9ddb159bd0a19fbc8c8352ff628{\nheight:50px;\n}\n<\/style>\n<div  class='hr av-6o1dub-6ee5a9ddb159bd0a19fbc8c8352ff628 hr-invisible  avia-builder-el-9  el_after_av_masonry_gallery  avia-builder-el-no-sibling '><span class='hr-inner '><span class=\"hr-inner-style\"><\/span><\/span><\/div>\n<\/p>\n","protected":false},"excerpt":{"rendered":"","protected":false},"author":2,"featured_media":0,"parent":1074,"menu_order":0,"comment_status":"closed","ping_status":"closed","template":"","meta":{"footnotes":""},"class_list":["post-1088","page","type-page","status-publish","hentry"],"yoast_head":"<!-- This site is optimized with the Yoast SEO plugin v27.1.1 - https:\/\/yoast.com\/product\/yoast-seo-wordpress\/ -->\n<title>Instalaciones Biekapa Perfiladores | Fabricaci\u00f3n de Perfiles de acero<\/title>\n<meta name=\"description\" content=\"Instalaciones Biekapa Perfiladores | Fabricaci\u00f3n de Perfiles de acero | 11 l\u00edneas de perfilado de alta producci\u00f3n y flexibilidad. Oiartzun Gipuzkoa\" \/>\n<meta name=\"robots\" content=\"index, follow, max-snippet:-1, max-image-preview:large, max-video-preview:-1\" \/>\n<link rel=\"canonical\" href=\"https:\/\/www.biekapa.com\/en\/biekapa-perfiladores\/facilities\/\" \/>\n<meta property=\"og:locale\" content=\"en_US\" \/>\n<meta property=\"og:type\" content=\"article\" \/>\n<meta property=\"og:title\" content=\"Instalaciones Biekapa Perfiladores | Fabricaci\u00f3n de Perfiles de acero\" \/>\n<meta property=\"og:description\" content=\"Instalaciones Biekapa Perfiladores | Fabricaci\u00f3n de Perfiles de acero | 11 l\u00edneas de perfilado de alta producci\u00f3n y flexibilidad. Oiartzun Gipuzkoa\" \/>\n<meta property=\"og:url\" content=\"https:\/\/www.biekapa.com\/en\/biekapa-perfiladores\/facilities\/\" \/>\n<meta property=\"og:site_name\" content=\"Biekapa\" \/>\n<meta property=\"article:modified_time\" content=\"2020-09-16T15:36:16+00:00\" \/>\n<meta name=\"twitter:card\" content=\"summary_large_image\" \/>\n<meta name=\"twitter:label1\" content=\"Est. reading time\" \/>\n\t<meta name=\"twitter:data1\" content=\"4 minutes\" \/>\n<script type=\"application\/ld+json\" class=\"yoast-schema-graph\">{\"@context\":\"https:\/\/schema.org\",\"@graph\":[{\"@type\":\"WebPage\",\"@id\":\"https:\/\/www.biekapa.com\/en\/biekapa-perfiladores\/facilities\/\",\"url\":\"https:\/\/www.biekapa.com\/en\/biekapa-perfiladores\/facilities\/\",\"name\":\"Instalaciones Biekapa Perfiladores | Fabricaci\u00f3n de Perfiles de acero\",\"isPartOf\":{\"@id\":\"https:\/\/www.biekapa.com\/#website\"},\"datePublished\":\"2018-11-21T15:07:17+00:00\",\"dateModified\":\"2020-09-16T15:36:16+00:00\",\"description\":\"Instalaciones Biekapa Perfiladores | Fabricaci\u00f3n de Perfiles de acero | 11 l\u00edneas de perfilado de alta producci\u00f3n y flexibilidad. Oiartzun Gipuzkoa\",\"breadcrumb\":{\"@id\":\"https:\/\/www.biekapa.com\/en\/biekapa-perfiladores\/facilities\/#breadcrumb\"},\"inLanguage\":\"en-US\",\"potentialAction\":[{\"@type\":\"ReadAction\",\"target\":[\"https:\/\/www.biekapa.com\/en\/biekapa-perfiladores\/facilities\/\"]}]},{\"@type\":\"BreadcrumbList\",\"@id\":\"https:\/\/www.biekapa.com\/en\/biekapa-perfiladores\/facilities\/#breadcrumb\",\"itemListElement\":[{\"@type\":\"ListItem\",\"position\":1,\"name\":\"Portada\",\"item\":\"https:\/\/www.biekapa.com\/en\/\"},{\"@type\":\"ListItem\",\"position\":2,\"name\":\"Biekapa\",\"item\":\"https:\/\/www.biekapa.com\/en\/\"},{\"@type\":\"ListItem\",\"position\":3,\"name\":\"Facilities\"}]},{\"@type\":\"WebSite\",\"@id\":\"https:\/\/www.biekapa.com\/#website\",\"url\":\"https:\/\/www.biekapa.com\/\",\"name\":\"Biekapa\",\"description\":\"Perfiladores\",\"potentialAction\":[{\"@type\":\"SearchAction\",\"target\":{\"@type\":\"EntryPoint\",\"urlTemplate\":\"https:\/\/www.biekapa.com\/?s={search_term_string}\"},\"query-input\":{\"@type\":\"PropertyValueSpecification\",\"valueRequired\":true,\"valueName\":\"search_term_string\"}}],\"inLanguage\":\"en-US\"}]}<\/script>\n<!-- \/ Yoast SEO plugin. -->","yoast_head_json":{"title":"Instalaciones Biekapa Perfiladores | Fabricaci\u00f3n de Perfiles de acero","description":"Instalaciones Biekapa Perfiladores | Fabricaci\u00f3n de Perfiles de acero | 11 l\u00edneas de perfilado de alta producci\u00f3n y flexibilidad. Oiartzun Gipuzkoa","robots":{"index":"index","follow":"follow","max-snippet":"max-snippet:-1","max-image-preview":"max-image-preview:large","max-video-preview":"max-video-preview:-1"},"canonical":"https:\/\/www.biekapa.com\/en\/biekapa-perfiladores\/facilities\/","og_locale":"en_US","og_type":"article","og_title":"Instalaciones Biekapa Perfiladores | Fabricaci\u00f3n de Perfiles de acero","og_description":"Instalaciones Biekapa Perfiladores | Fabricaci\u00f3n de Perfiles de acero | 11 l\u00edneas de perfilado de alta producci\u00f3n y flexibilidad. Oiartzun Gipuzkoa","og_url":"https:\/\/www.biekapa.com\/en\/biekapa-perfiladores\/facilities\/","og_site_name":"Biekapa","article_modified_time":"2020-09-16T15:36:16+00:00","twitter_card":"summary_large_image","twitter_misc":{"Est. reading time":"4 minutes"},"schema":{"@context":"https:\/\/schema.org","@graph":[{"@type":"WebPage","@id":"https:\/\/www.biekapa.com\/en\/biekapa-perfiladores\/facilities\/","url":"https:\/\/www.biekapa.com\/en\/biekapa-perfiladores\/facilities\/","name":"Instalaciones Biekapa Perfiladores | Fabricaci\u00f3n de Perfiles de acero","isPartOf":{"@id":"https:\/\/www.biekapa.com\/#website"},"datePublished":"2018-11-21T15:07:17+00:00","dateModified":"2020-09-16T15:36:16+00:00","description":"Instalaciones Biekapa Perfiladores | Fabricaci\u00f3n de Perfiles de acero | 11 l\u00edneas de perfilado de alta producci\u00f3n y flexibilidad. Oiartzun Gipuzkoa","breadcrumb":{"@id":"https:\/\/www.biekapa.com\/en\/biekapa-perfiladores\/facilities\/#breadcrumb"},"inLanguage":"en-US","potentialAction":[{"@type":"ReadAction","target":["https:\/\/www.biekapa.com\/en\/biekapa-perfiladores\/facilities\/"]}]},{"@type":"BreadcrumbList","@id":"https:\/\/www.biekapa.com\/en\/biekapa-perfiladores\/facilities\/#breadcrumb","itemListElement":[{"@type":"ListItem","position":1,"name":"Portada","item":"https:\/\/www.biekapa.com\/en\/"},{"@type":"ListItem","position":2,"name":"Biekapa","item":"https:\/\/www.biekapa.com\/en\/"},{"@type":"ListItem","position":3,"name":"Facilities"}]},{"@type":"WebSite","@id":"https:\/\/www.biekapa.com\/#website","url":"https:\/\/www.biekapa.com\/","name":"Biekapa","description":"Perfiladores","potentialAction":[{"@type":"SearchAction","target":{"@type":"EntryPoint","urlTemplate":"https:\/\/www.biekapa.com\/?s={search_term_string}"},"query-input":{"@type":"PropertyValueSpecification","valueRequired":true,"valueName":"search_term_string"}}],"inLanguage":"en-US"}]}},"_links":{"self":[{"href":"https:\/\/www.biekapa.com\/en\/wp-json\/wp\/v2\/pages\/1088","targetHints":{"allow":["GET"]}}],"collection":[{"href":"https:\/\/www.biekapa.com\/en\/wp-json\/wp\/v2\/pages"}],"about":[{"href":"https:\/\/www.biekapa.com\/en\/wp-json\/wp\/v2\/types\/page"}],"author":[{"embeddable":true,"href":"https:\/\/www.biekapa.com\/en\/wp-json\/wp\/v2\/users\/2"}],"replies":[{"embeddable":true,"href":"https:\/\/www.biekapa.com\/en\/wp-json\/wp\/v2\/comments?post=1088"}],"version-history":[{"count":3,"href":"https:\/\/www.biekapa.com\/en\/wp-json\/wp\/v2\/pages\/1088\/revisions"}],"predecessor-version":[{"id":3062,"href":"https:\/\/www.biekapa.com\/en\/wp-json\/wp\/v2\/pages\/1088\/revisions\/3062"}],"up":[{"embeddable":true,"href":"https:\/\/www.biekapa.com\/en\/wp-json\/wp\/v2\/pages\/1074"}],"wp:attachment":[{"href":"https:\/\/www.biekapa.com\/en\/wp-json\/wp\/v2\/media?parent=1088"}],"curies":[{"name":"wp","href":"https:\/\/api.w.org\/{rel}","templated":true}]}}