{"id":1098,"date":"2018-11-21T16:08:08","date_gmt":"2018-11-21T16:08:08","guid":{"rendered":"http:\/\/www.biekapa.com\/productos\/perfiles-especiales\/"},"modified":"2020-09-16T16:36:16","modified_gmt":"2020-09-16T15:36:16","slug":"special-profiles","status":"publish","type":"page","link":"https:\/\/www.biekapa.com\/en\/products\/special-profiles\/","title":{"rendered":"Special Profiles"},"content":{"rendered":"\n<style type=\"text\/css\" data-created_by=\"avia_inline_auto\" id=\"style-css-av-dbz1uz-07b1434df8b8bd6e7e925bb21f48f843\">\n.avia-section.av-dbz1uz-07b1434df8b8bd6e7e925bb21f48f843{\nbackground-color:#ffffff;\nbackground-image:url(https:\/\/www.biekapa.com\/wp-content\/uploads\/2018\/12\/Biekapa-Perfiles-Gipuzkoa-00010.jpg);\nbackground-repeat:no-repeat;\nbackground-position:0% 0%;\nbackground-attachment:fixed;\n}\n.avia-section.av-dbz1uz-07b1434df8b8bd6e7e925bb21f48f843 .av-section-color-overlay{\nopacity:0.6;\nbackground-color:#ffffff;\n}\n.avia-section.av-dbz1uz-07b1434df8b8bd6e7e925bb21f48f843 .av-extra-border-element .av-extra-border-inner{\nbackground-color:#ffffff;\n}\n<\/style>\n<div id='av_section_1'  class='avia-section av-dbz1uz-07b1434df8b8bd6e7e925bb21f48f843 main_color avia-section-large avia-no-border-styling  avia-builder-el-0  el_before_av_section  avia-builder-el-first  avia-full-stretch avia-bg-style-fixed av-section-color-overlay-active container_wrap fullsize'  data-section-bg-repeat='stretch'><div class=\"av-section-color-overlay-wrap\"><div class=\"av-section-color-overlay\"><\/div><a href='#next-section' title='' class='scroll-down-link ' aria-hidden='true' data-av_icon='\ue877' data-av_iconfont='entypo-fontello'><\/a><div class='container av-section-cont-open' ><main  role=\"main\" itemprop=\"mainContentOfPage\"  class='template-page content  av-content-full alpha units'><div class='post-entry post-entry-type-page post-entry-1098'><div class='entry-content-wrapper clearfix'>\n\n<style type=\"text\/css\" data-created_by=\"avia_inline_auto\" id=\"style-css-av-d0ldej-eb313229f87800d1b2795aa74d1454ec\">\n.flex_column.av-d0ldej-eb313229f87800d1b2795aa74d1454ec{\nborder-radius:0px 0px 0px 0px;\npadding:20px 20px 20px 20px;\n}\n<\/style>\n<div  class='flex_column av-d0ldej-eb313229f87800d1b2795aa74d1454ec av_one_full  avia-builder-el-1  avia-builder-el-no-sibling  first flex_column_div av-animated-generic top-to-bottom  '     ><p>\n<style type=\"text\/css\" data-created_by=\"avia_inline_auto\" id=\"style-css-av-jrm9eepq-772a28dcad9f50742a936494c688b397\">\n#top .av-special-heading.av-jrm9eepq-772a28dcad9f50742a936494c688b397{\npadding-bottom:0;\nfont-size:40px;\n}\nbody .av-special-heading.av-jrm9eepq-772a28dcad9f50742a936494c688b397 .av-special-heading-tag .heading-char{\nfont-size:25px;\n}\n#top #wrap_all .av-special-heading.av-jrm9eepq-772a28dcad9f50742a936494c688b397 .av-special-heading-tag{\nfont-size:40px;\n}\n.av-special-heading.av-jrm9eepq-772a28dcad9f50742a936494c688b397 .av-subheading{\nfont-size:15px;\n}\n\n@media only screen and (min-width: 480px) and (max-width: 767px){ \n#top #wrap_all .av-special-heading.av-jrm9eepq-772a28dcad9f50742a936494c688b397 .av-special-heading-tag{\nfont-size:0.8em;\n}\n}\n\n@media only screen and (max-width: 479px){ \n#top #wrap_all .av-special-heading.av-jrm9eepq-772a28dcad9f50742a936494c688b397 .av-special-heading-tag{\nfont-size:0.8em;\n}\n}\n<\/style>\n<div  class='av-special-heading av-jrm9eepq-772a28dcad9f50742a936494c688b397 av-special-heading-h3 blockquote modern-quote modern-centered  avia-builder-el-2  el_before_av_hr  avia-builder-el-first  av-inherit-size'><h3 class='av-special-heading-tag'  itemprop=\"headline\"  >SPECIAL PROFILES<\/h3><div class=\"special-heading-border\"><div class=\"special-heading-inner-border\"><\/div><\/div><\/div><br \/>\n\n<style type=\"text\/css\" data-created_by=\"avia_inline_auto\" id=\"style-css-av-cotw17-3b2264b6cc8369b855d06d1687662b1f\">\n#top .hr.av-cotw17-3b2264b6cc8369b855d06d1687662b1f{\nmargin-top:30px;\nmargin-bottom:30px;\n}\n.hr.av-cotw17-3b2264b6cc8369b855d06d1687662b1f .hr-inner{\nwidth:50px;\nborder-color:#000000;\n}\n<\/style>\n<div  class='hr av-cotw17-3b2264b6cc8369b855d06d1687662b1f hr-custom  avia-builder-el-3  el_after_av_heading  el_before_av_textblock  hr-center hr-icon-no'><span class='hr-inner inner-border-av-border-thin'><span class=\"hr-inner-style\"><\/span><\/span><\/div><br \/>\n\n<style type=\"text\/css\" data-created_by=\"avia_inline_auto\" id=\"style-css-av-ckg50r-3352883846c88c01836270e522f82d9e\">\n#top .av_textblock_section.av-ckg50r-3352883846c88c01836270e522f82d9e .avia_textblock{\nfont-size:22px;\n}\n<\/style>\n<section  class='av_textblock_section av-ckg50r-3352883846c88c01836270e522f82d9e '   itemscope=\"itemscope\" itemtype=\"https:\/\/schema.org\/CreativeWork\" ><div class='avia_textblock'  itemprop=\"text\" ><p style=\"text-align: center;\">BIEKAPA has its own experienced technical department that ensures the development and delivery of high quality products for excellent performances at both a European and transcontinental level. The strategy and philosophy of BIEKAPA means finding out the exact needs of the customer and then provide a custom solution to work with: from the basics of manufacturing steel profiles to the planning and delivery of solutions for industrial projects.<\/p>\n<\/div><\/section><br \/>\n\n<style type=\"text\/css\" data-created_by=\"avia_inline_auto\" id=\"style-css-av-18mj7n-9832996e7f68f36e029e69f9dea61c65\">\n#top .hr.hr-invisible.av-18mj7n-9832996e7f68f36e029e69f9dea61c65{\nheight:120px;\n}\n<\/style>\n<div  class='hr av-18mj7n-9832996e7f68f36e029e69f9dea61c65 hr-invisible  avia-builder-el-5  el_after_av_textblock  avia-builder-el-last '><span class='hr-inner '><span class=\"hr-inner-style\"><\/span><\/span><\/div><\/p><\/div>\n\n<\/div><\/div><\/main><!-- close content main element --><\/div><div class='av-extra-border-element border-extra-diagonal  diagonal-box-shadow'><div class='av-extra-border-outer'><div class='av-extra-border-inner'><\/div><\/div><\/div><\/div><\/div>\n<style type=\"text\/css\" data-created_by=\"avia_inline_auto\" id=\"style-css-av-jp00trv3-d0dba10633b3bed1f319fa2e885f8e2d\">\n.avia-section.av-jp00trv3-d0dba10633b3bed1f319fa2e885f8e2d{\nbackground-repeat:no-repeat;\nbackground-image:url(https:\/\/www.biekapa.com\/wp-content\/uploads\/2018\/11\/5-1.jpg);\nbackground-position:0% 0%;\nbackground-attachment:scroll;\n}\n.avia-section.av-jp00trv3-d0dba10633b3bed1f319fa2e885f8e2d .av-section-color-overlay{\nopacity:0.6;\nbackground-color:#ffffff;\n}\n<\/style>\n<div id='av_section_2'  class='avia-section av-jp00trv3-d0dba10633b3bed1f319fa2e885f8e2d main_color avia-section-default avia-no-border-styling  avia-builder-el-6  el_after_av_section  avia-builder-el-last  avia-bg-style-scroll av-section-color-overlay-active container_wrap fullsize'  data-section-bg-repeat='no-repeat'><div class=\"av-section-color-overlay-wrap\"><div class=\"av-section-color-overlay\"><\/div><div class='container av-section-cont-open' ><div class='template-page content  av-content-full alpha units'><div class='post-entry post-entry-type-page post-entry-1098'><div class='entry-content-wrapper clearfix'>\n\n<style type=\"text\/css\" data-created_by=\"avia_inline_auto\" id=\"style-css-av-jrm9niur-4b45099475d5a9f1ea6d78c7046507e0\">\n#top .av-special-heading.av-jrm9niur-4b45099475d5a9f1ea6d78c7046507e0{\npadding-bottom:0;\nfont-size:30px;\n}\nbody .av-special-heading.av-jrm9niur-4b45099475d5a9f1ea6d78c7046507e0 .av-special-heading-tag .heading-char{\nfont-size:25px;\n}\n#top #wrap_all .av-special-heading.av-jrm9niur-4b45099475d5a9f1ea6d78c7046507e0 .av-special-heading-tag{\nfont-size:30px;\n}\n.av-special-heading.av-jrm9niur-4b45099475d5a9f1ea6d78c7046507e0 .av-subheading{\nfont-size:15px;\n}\n\n@media only screen and (min-width: 480px) and (max-width: 767px){ \n#top #wrap_all .av-special-heading.av-jrm9niur-4b45099475d5a9f1ea6d78c7046507e0 .av-special-heading-tag{\nfont-size:0.8em;\n}\n}\n\n@media only screen and (max-width: 479px){ \n#top #wrap_all .av-special-heading.av-jrm9niur-4b45099475d5a9f1ea6d78c7046507e0 .av-special-heading-tag{\nfont-size:0.8em;\n}\n}\n<\/style>\n<div  class='av-special-heading av-jrm9niur-4b45099475d5a9f1ea6d78c7046507e0 av-special-heading-h4 blockquote modern-quote modern-centered  avia-builder-el-7  el_before_av_one_fifth  avia-builder-el-first  av-inherit-size'><h4 class='av-special-heading-tag'  itemprop=\"headline\"  >Can\u2019t find the answer you\u2019re looking for?<\/h4><div class='av-subheading av-subheading_below'><p>Get in touch with us, send us your questions and we will contact you as soon as possible<\/p>\n<\/div><div class=\"special-heading-border\"><div class=\"special-heading-inner-border\"><\/div><\/div><\/div>\n\n<style type=\"text\/css\" data-created_by=\"avia_inline_auto\" id=\"style-css-av-dnxg3-d3c3d555c9ec36b4b1f1866193d40178\">\n.flex_column.av-dnxg3-d3c3d555c9ec36b4b1f1866193d40178{\nborder-radius:0px 0px 0px 0px;\npadding:0px 0px 0px 0px;\n}\n<\/style>\n<div  class='flex_column av-dnxg3-d3c3d555c9ec36b4b1f1866193d40178 av_one_fifth  avia-builder-el-8  el_after_av_heading  el_before_av_two_third  first flex_column_div av-zero-column-padding  '     ><\/div>\n<style type=\"text\/css\" data-created_by=\"avia_inline_auto\" id=\"style-css-av-a6y7v-f1f4f90fc3449b64c4e41ad7432fdefc\">\n.flex_column.av-a6y7v-f1f4f90fc3449b64c4e41ad7432fdefc{\nborder-radius:0px 0px 0px 0px;\npadding:0px 0px 0px 0px;\n}\n<\/style>\n<div  class='flex_column av-a6y7v-f1f4f90fc3449b64c4e41ad7432fdefc av_two_third  avia-builder-el-9  el_after_av_one_fifth  avia-builder-el-last  flex_column_div av-zero-column-padding  '     ><section  class='av_textblock_section av-jp00w632-82f1f0a7bb017417df7e5b02f4f683a6 '   itemscope=\"itemscope\" itemtype=\"https:\/\/schema.org\/CreativeWork\" ><div class='avia_textblock'  itemprop=\"text\" >\n<div class=\"wpcf7 no-js\" id=\"wpcf7-f1446-o1\" lang=\"es-ES\" dir=\"ltr\" data-wpcf7-id=\"1446\">\n<div class=\"screen-reader-response\"><p role=\"status\" aria-live=\"polite\" aria-atomic=\"true\"><\/p> <ul><\/ul><\/div>\n<form action=\"\/en\/wp-json\/wp\/v2\/pages\/1098#wpcf7-f1446-o1\" method=\"post\" class=\"wpcf7-form init\" aria-label=\"Formulario de contacto\" novalidate=\"novalidate\" data-status=\"init\">\n<fieldset class=\"hidden-fields-container\"><input type=\"hidden\" name=\"_wpcf7\" value=\"1446\" \/><input type=\"hidden\" name=\"_wpcf7_version\" value=\"6.1.5\" \/><input type=\"hidden\" name=\"_wpcf7_locale\" value=\"es_ES\" \/><input type=\"hidden\" name=\"_wpcf7_unit_tag\" value=\"wpcf7-f1446-o1\" \/><input type=\"hidden\" name=\"_wpcf7_container_post\" value=\"0\" \/><input type=\"hidden\" name=\"_wpcf7_posted_data_hash\" value=\"\" \/>\n<\/fieldset>\n<p><label> Name and surname*<br \/>\n<span class=\"wpcf7-form-control-wrap\" data-name=\"your-name\"><input size=\"40\" maxlength=\"400\" class=\"wpcf7-form-control wpcf7-text wpcf7-validates-as-required\" aria-required=\"true\" aria-invalid=\"false\" value=\"\" type=\"text\" name=\"your-name\" \/><\/span> <\/label>\n<\/p>\n<p><label> Email*<br \/>\n<span class=\"wpcf7-form-control-wrap\" data-name=\"your-email\"><input size=\"40\" maxlength=\"400\" class=\"wpcf7-form-control wpcf7-email wpcf7-validates-as-required wpcf7-text wpcf7-validates-as-email\" aria-required=\"true\" aria-invalid=\"false\" value=\"\" type=\"email\" name=\"your-email\" \/><\/span> <\/label>\n<\/p>\n<p><label> Message*<br \/>\n<span class=\"wpcf7-form-control-wrap\" data-name=\"your-message\"><textarea cols=\"40\" rows=\"10\" maxlength=\"2000\" class=\"wpcf7-form-control wpcf7-textarea wpcf7-validates-as-required\" aria-required=\"true\" aria-invalid=\"false\" name=\"your-message\"><\/textarea><\/span> <\/label>\n<\/p>\n<p><span class=\"wpcf7-form-control-wrap\" data-name=\"aceptar\"><span class=\"wpcf7-form-control wpcf7-acceptance\"><span class=\"wpcf7-list-item\"><label><input type=\"checkbox\" name=\"aceptar\" value=\"1\" aria-invalid=\"false\" \/><span class=\"wpcf7-list-item-label\">I have read and accept the <a style=\"text-decoration: underline;\" href=\"https:\/\/www.biekapa.com\/politica-de-privacidad\/\">Privacy policy<\/a>.<\/span><\/label><\/span><\/span><\/span><br \/>\n<span id=\"wpcf7-69f8eea67c179-wrapper\" class=\"wpcf7-form-control-wrap email-776-wrap\" ><label for=\"wpcf7-69f8eea67c179-field\" class=\"hp-message\">Por favor, deja este campo vac\u00edo.<\/label><input id=\"wpcf7-69f8eea67c179-field\"  class=\"wpcf7-form-control wpcf7-text\" type=\"text\" name=\"email-776\" value=\"\" size=\"40\" tabindex=\"-1\" autocomplete=\"new-password\" \/><\/span><br \/>\n<input class=\"wpcf7-form-control wpcf7-submit has-spinner\" type=\"submit\" value=\"Send\" \/>\n<\/p>\n<p style=\"line-height:0.7;\">\n\t<font size=\"1\">\nTreatment manager: Biekapa\nPurpose of treatment and Legitimation: Management of users who contact Biekapa through the contact form to request information.\nLegitimising basis: Consent of the interested party when completing and sending the form and by checking the box accepting this privacy notice.\nRecipients of assignments: No data will be transferred to third parties.\nRecipient of international transfer: No international transfers are made.\nRights of the interested parties: To withdraw their consent at any time to oppose the processing, to access, rectify and suppress the data, as well as other rights, as explained in the <a href=\"https:\/\/www.biekapa.com\/politica-de-privacidad\/\">additional information<\/a> or by writing to info@biekapa.com\nAdditional information: You can consult the additional and detailed information in:<a title=\"Ir a informaci\u00f3n adicional\" href=\"https:\/\/www.biekapa.com\/politica-de-privacidad\/\" target=\"_parent\" rel=\"noopener\">\"2nd Layer: Additional and detailed information\"<\/a>\n\t<\/font>\n<\/p><p style=\"display: none !important;\" class=\"akismet-fields-container\" data-prefix=\"_wpcf7_ak_\"><label>&#916;<textarea name=\"_wpcf7_ak_hp_textarea\" cols=\"45\" rows=\"8\" maxlength=\"100\"><\/textarea><\/label><input type=\"hidden\" id=\"ak_js_1\" name=\"_wpcf7_ak_js\" value=\"192\"\/><script>document.getElementById( \"ak_js_1\" ).setAttribute( \"value\", ( new Date() ).getTime() );<\/script><\/p><div class=\"wpcf7-response-output\" aria-hidden=\"true\"><\/div>\n<\/form>\n<\/div>\n\n<\/div><\/section><\/div>\n","protected":false},"excerpt":{"rendered":"","protected":false},"author":2,"featured_media":0,"parent":1093,"menu_order":0,"comment_status":"closed","ping_status":"closed","template":"","meta":{"footnotes":""},"class_list":["post-1098","page","type-page","status-publish","hentry"],"yoast_head":"<!-- This site is optimized with the Yoast SEO plugin v27.1.1 - https:\/\/yoast.com\/product\/yoast-seo-wordpress\/ -->\n<title>Perfiles especiales Biekapa Perfiladores | Fabricaci\u00f3n de Perfiles de acero<\/title>\n<meta name=\"description\" content=\"Perfiles Especiales Biekapa, contamos con un Departamento T\u00e9cnico propio y la profesionalidad y experiencia de uno de los mejores equipos t\u00e9cnicos.\" \/>\n<meta name=\"robots\" content=\"index, follow, max-snippet:-1, max-image-preview:large, max-video-preview:-1\" \/>\n<link rel=\"canonical\" href=\"https:\/\/www.biekapa.com\/en\/products\/special-profiles\/\" \/>\n<meta property=\"og:locale\" content=\"en_US\" \/>\n<meta property=\"og:type\" content=\"article\" \/>\n<meta property=\"og:title\" content=\"Perfiles especiales Biekapa Perfiladores | Fabricaci\u00f3n de Perfiles de acero\" \/>\n<meta property=\"og:description\" content=\"Perfiles Especiales Biekapa, contamos con un Departamento T\u00e9cnico propio y la profesionalidad y experiencia de uno de los mejores equipos t\u00e9cnicos.\" \/>\n<meta property=\"og:url\" content=\"https:\/\/www.biekapa.com\/en\/products\/special-profiles\/\" \/>\n<meta property=\"og:site_name\" content=\"Biekapa\" \/>\n<meta property=\"article:modified_time\" content=\"2020-09-16T15:36:16+00:00\" \/>\n<meta name=\"twitter:card\" content=\"summary_large_image\" \/>\n<meta name=\"twitter:label1\" content=\"Est. reading time\" \/>\n\t<meta name=\"twitter:data1\" content=\"5 minutes\" \/>\n<script type=\"application\/ld+json\" class=\"yoast-schema-graph\">{\"@context\":\"https:\/\/schema.org\",\"@graph\":[{\"@type\":\"WebPage\",\"@id\":\"https:\/\/www.biekapa.com\/en\/products\/special-profiles\/\",\"url\":\"https:\/\/www.biekapa.com\/en\/products\/special-profiles\/\",\"name\":\"Perfiles especiales Biekapa Perfiladores | Fabricaci\u00f3n de Perfiles de acero\",\"isPartOf\":{\"@id\":\"https:\/\/www.biekapa.com\/#website\"},\"datePublished\":\"2018-11-21T16:08:08+00:00\",\"dateModified\":\"2020-09-16T15:36:16+00:00\",\"description\":\"Perfiles Especiales Biekapa, contamos con un Departamento T\u00e9cnico propio y la profesionalidad y experiencia de uno de los mejores equipos t\u00e9cnicos.\",\"breadcrumb\":{\"@id\":\"https:\/\/www.biekapa.com\/en\/products\/special-profiles\/#breadcrumb\"},\"inLanguage\":\"en-US\",\"potentialAction\":[{\"@type\":\"ReadAction\",\"target\":[\"https:\/\/www.biekapa.com\/en\/products\/special-profiles\/\"]}]},{\"@type\":\"BreadcrumbList\",\"@id\":\"https:\/\/www.biekapa.com\/en\/products\/special-profiles\/#breadcrumb\",\"itemListElement\":[{\"@type\":\"ListItem\",\"position\":1,\"name\":\"Portada\",\"item\":\"https:\/\/www.biekapa.com\/en\/\"},{\"@type\":\"ListItem\",\"position\":2,\"name\":\"Products\",\"item\":\"https:\/\/www.biekapa.com\/en\/products\/\"},{\"@type\":\"ListItem\",\"position\":3,\"name\":\"Special Profiles\"}]},{\"@type\":\"WebSite\",\"@id\":\"https:\/\/www.biekapa.com\/#website\",\"url\":\"https:\/\/www.biekapa.com\/\",\"name\":\"Biekapa\",\"description\":\"Perfiladores\",\"potentialAction\":[{\"@type\":\"SearchAction\",\"target\":{\"@type\":\"EntryPoint\",\"urlTemplate\":\"https:\/\/www.biekapa.com\/?s={search_term_string}\"},\"query-input\":{\"@type\":\"PropertyValueSpecification\",\"valueRequired\":true,\"valueName\":\"search_term_string\"}}],\"inLanguage\":\"en-US\"}]}<\/script>\n<!-- \/ Yoast SEO plugin. -->","yoast_head_json":{"title":"Perfiles especiales Biekapa Perfiladores | Fabricaci\u00f3n de Perfiles de acero","description":"Perfiles Especiales Biekapa, contamos con un Departamento T\u00e9cnico propio y la profesionalidad y experiencia de uno de los mejores equipos t\u00e9cnicos.","robots":{"index":"index","follow":"follow","max-snippet":"max-snippet:-1","max-image-preview":"max-image-preview:large","max-video-preview":"max-video-preview:-1"},"canonical":"https:\/\/www.biekapa.com\/en\/products\/special-profiles\/","og_locale":"en_US","og_type":"article","og_title":"Perfiles especiales Biekapa Perfiladores | Fabricaci\u00f3n de Perfiles de acero","og_description":"Perfiles Especiales Biekapa, contamos con un Departamento T\u00e9cnico propio y la profesionalidad y experiencia de uno de los mejores equipos t\u00e9cnicos.","og_url":"https:\/\/www.biekapa.com\/en\/products\/special-profiles\/","og_site_name":"Biekapa","article_modified_time":"2020-09-16T15:36:16+00:00","twitter_card":"summary_large_image","twitter_misc":{"Est. reading time":"5 minutes"},"schema":{"@context":"https:\/\/schema.org","@graph":[{"@type":"WebPage","@id":"https:\/\/www.biekapa.com\/en\/products\/special-profiles\/","url":"https:\/\/www.biekapa.com\/en\/products\/special-profiles\/","name":"Perfiles especiales Biekapa Perfiladores | Fabricaci\u00f3n de Perfiles de acero","isPartOf":{"@id":"https:\/\/www.biekapa.com\/#website"},"datePublished":"2018-11-21T16:08:08+00:00","dateModified":"2020-09-16T15:36:16+00:00","description":"Perfiles Especiales Biekapa, contamos con un Departamento T\u00e9cnico propio y la profesionalidad y experiencia de uno de los mejores equipos t\u00e9cnicos.","breadcrumb":{"@id":"https:\/\/www.biekapa.com\/en\/products\/special-profiles\/#breadcrumb"},"inLanguage":"en-US","potentialAction":[{"@type":"ReadAction","target":["https:\/\/www.biekapa.com\/en\/products\/special-profiles\/"]}]},{"@type":"BreadcrumbList","@id":"https:\/\/www.biekapa.com\/en\/products\/special-profiles\/#breadcrumb","itemListElement":[{"@type":"ListItem","position":1,"name":"Portada","item":"https:\/\/www.biekapa.com\/en\/"},{"@type":"ListItem","position":2,"name":"Products","item":"https:\/\/www.biekapa.com\/en\/products\/"},{"@type":"ListItem","position":3,"name":"Special Profiles"}]},{"@type":"WebSite","@id":"https:\/\/www.biekapa.com\/#website","url":"https:\/\/www.biekapa.com\/","name":"Biekapa","description":"Perfiladores","potentialAction":[{"@type":"SearchAction","target":{"@type":"EntryPoint","urlTemplate":"https:\/\/www.biekapa.com\/?s={search_term_string}"},"query-input":{"@type":"PropertyValueSpecification","valueRequired":true,"valueName":"search_term_string"}}],"inLanguage":"en-US"}]}},"_links":{"self":[{"href":"https:\/\/www.biekapa.com\/en\/wp-json\/wp\/v2\/pages\/1098","targetHints":{"allow":["GET"]}}],"collection":[{"href":"https:\/\/www.biekapa.com\/en\/wp-json\/wp\/v2\/pages"}],"about":[{"href":"https:\/\/www.biekapa.com\/en\/wp-json\/wp\/v2\/types\/page"}],"author":[{"embeddable":true,"href":"https:\/\/www.biekapa.com\/en\/wp-json\/wp\/v2\/users\/2"}],"replies":[{"embeddable":true,"href":"https:\/\/www.biekapa.com\/en\/wp-json\/wp\/v2\/comments?post=1098"}],"version-history":[{"count":3,"href":"https:\/\/www.biekapa.com\/en\/wp-json\/wp\/v2\/pages\/1098\/revisions"}],"predecessor-version":[{"id":1599,"href":"https:\/\/www.biekapa.com\/en\/wp-json\/wp\/v2\/pages\/1098\/revisions\/1599"}],"up":[{"embeddable":true,"href":"https:\/\/www.biekapa.com\/en\/wp-json\/wp\/v2\/pages\/1093"}],"wp:attachment":[{"href":"https:\/\/www.biekapa.com\/en\/wp-json\/wp\/v2\/media?parent=1098"}],"curies":[{"name":"wp","href":"https:\/\/api.w.org\/{rel}","templated":true}]}}