{"id":1134,"date":"2018-11-21T17:57:05","date_gmt":"2018-11-21T16:57:05","guid":{"rendered":"http:\/\/www.biekapa.com\/aviso-legal\/"},"modified":"2020-09-16T16:36:17","modified_gmt":"2020-09-16T15:36:17","slug":"aviso-legal","status":"publish","type":"page","link":"https:\/\/www.biekapa.com\/en\/aviso-legal\/","title":{"rendered":"Aviso Legal"},"content":{"rendered":"<h1>AVISO LEGAL<\/h1>\n<p>&nbsp;<\/p>\n<h2>Datos del Responsable<\/h2>\n<ul style=\"padding-left: 60px;\">\n<li><b>Identidad del Responsable:<\/b>\u00a0Biek Kapa Perfiladores S.L.<\/li>\n<li><b>Nombre comercial:<\/b>\u00a0Biekapa<\/li>\n<li><b>NIF\/CIF:<\/b> B20545968<\/li>\n<li><b>Direcci\u00f3n:<\/b> Poligono Lintzirin, 12, 20180 Oiartzun Gipuzkoa<\/li>\n<li><b>Correo electr\u00f3nico:<\/b>\u00a0<a href=\"mailto:info@biekapa.com\">info@biekapa.com<\/a><\/li>\n<\/ul>\n<h2>Condiciones generales de uso<\/h2>\n<p style=\"padding-left: 30px;\">Las presentes Condiciones Generales regulan el uso (incluyendo el mero acceso) de las p\u00e1ginas de web, integrantes del sitio web de Biekapa incluidos los contenidos y servicios puestos a disposici\u00f3n en ellas. Toda persona que acceda a la web\u00a0 https:\/\/www.biekapa.com\u00a0 acepta someterse a las Condiciones Generales vigentes en cada momento del portal https:\/\/www.biekapa.com.<\/p>\n<h2>Datos personales que recabamos y c\u00f3mo lo hacemos<\/h2>\n<p style=\"padding-left: 30px;\">Leer <a href=\"https:\/\/www.biekapa.com\/en\/politica-de-privacidad\/\">Pol\u00edtica de Privacidad<\/a>.<\/p>\n<h2>Compromisos y obligaciones de los usuarios<\/h2>\n<p style=\"padding-left: 30px;\">El usuario queda informado, y acepta, que el acceso a la presente web no supone, en modo alguno, el inicio de una relaci\u00f3n comercial con Biekapa. De esta forma, el usuario se compromete a utilizar el sitio web, sus servicios y contenidos sin contravenir la legislaci\u00f3n vigente, la buena fe y el orden p\u00fablico.<\/p>\n<p style=\"padding-left: 30px;\">Queda prohibido el uso de la web, con fines il\u00edcitos o lesivos, o que, de cualquier forma, puedan causar perjuicio o impedir el normal funcionamiento del sitio web. Respecto de los contenidos de esta web, se proh\u00edbe:<\/p>\n<ul style=\"padding-left: 60px;\">\n<li>Su reproducci\u00f3n, distribuci\u00f3n o modificaci\u00f3n, total o parcial, a menos que se cuente con la autorizaci\u00f3n de sus leg\u00edtimos titulares.<\/li>\n<li>Cualquier vulneraci\u00f3n de los derechos del prestador o de los leg\u00edtimos titulares.<\/li>\n<li>Su utilizaci\u00f3n para fines comerciales o publicitarios.<\/li>\n<\/ul>\n<p style=\"padding-left: 30px;\">En la utilizaci\u00f3n de la web, https:\/\/www.biekapa.com el usuario se compromete a no llevar a cabo\u00a0<b>ninguna conducta<\/b>\u00a0que pudiera da\u00f1ar la imagen, los intereses y los derechos de Biekapa o de terceros o que pudiera da\u00f1ar, inutilizar o sobrecargar el portal https:\/\/www.biekapa.com o que impidiera, de cualquier forma, la normal utilizaci\u00f3n de la web.<\/p>\n<p style=\"padding-left: 30px;\">No obstante, el usuario debe ser consciente de que las medidas de seguridad de los sistemas inform\u00e1ticos en Internet no son enteramente fiables y que, por tanto https:\/\/www.biekapa.com no puede garantizar la inexistencia de malware u otros elementos que puedan producir alteraciones en los sistemas inform\u00e1ticos (software y hardware) del usuario o en sus documentos electr\u00f3nicos y ficheros contenidos en los mismos aunque ponemos todos los medios necesarios y las medidas de seguridad oportunas para evitar la presencia de estos elementos da\u00f1inos.<\/p>\n<h2>Medidas de seguridad<\/h2>\n<p style=\"padding-left: 30px;\">Los datos personales comunicados por el usuario a Biekapa pueden ser almacenados en bases de datos automatizadas o no, cuya titularidad corresponde en exclusiva a Biekapa, asumiendo \u00e9sta todas las medidas de \u00edndole t\u00e9cnica, organizativa y de seguridad que garantizan la confidencialidad, integridad y calidad de la informaci\u00f3n contenida en las mismas de acuerdo con lo establecido en la normativa vigente en protecci\u00f3n de datos. La comunicaci\u00f3n entre los usuarios y https:\/\/www.biekapa.com utiliza un canal seguro, y los datos transmitidos son cifrados gracias a protocolos a https, por tanto, garantizamos las mejores condiciones de seguridad para que la confidencialidad de los usuarios est\u00e9 garantizada.<\/p>\n<h2>Plataforma de resoluci\u00f3n de conflictos<\/h2>\n<p style=\"padding-left: 30px;\">Ponemos tambi\u00e9n a disposici\u00f3n de los usuarios la plataforma de resoluci\u00f3n de litigios que facilita la Comisi\u00f3n Europea y que se encuentra disponible en el siguiente enlace:\u00a0<a href=\"http:\/\/ec.europa.eu\/consumers\/odr\/\" target=\"_blank\" rel=\"noopener noreferrer\">http:\/\/ec.europa.eu\/consumers\/odr\/<\/a><\/p>\n<h2>Derechos de propiedad intelectual e industrial<\/h2>\n<p style=\"padding-left: 30px;\">En virtud de lo dispuesto en los art\u00edculos 8 y 32.1, p\u00e1rrafo segundo, de la Ley de Propiedad Intelectual, quedan expresamente prohibidas la reproducci\u00f3n, la distribuci\u00f3n y la comunicaci\u00f3n p\u00fablica, incluida su modalidad de puesta a disposici\u00f3n, de la totalidad o parte de los contenidos de esta p\u00e1gina web, con fines comerciales, en cualquier soporte y por cualquier medio t\u00e9cnico, sin la autorizaci\u00f3n de Biekapa. El usuario se compromete a respetar los derechos de Propiedad Intelectual e Industrial titularidad de Biekapa.<\/p>\n<p style=\"padding-left: 30px;\">El usuario conoce y acepta que la totalidad del sitio web, conteniendo sin car\u00e1cter exhaustivo el texto, software, contenidos (incluyendo estructura, selecci\u00f3n, ordenaci\u00f3n y presentaci\u00f3n de los mismos) podcast, fotograf\u00edas, material audiovisual y gr\u00e1ficos, est\u00e1 protegida por marcas, derechos de autor y otros derechos leg\u00edtimos, de acuerdo con los tratados internacionales en los que Espa\u00f1a es parte y otros derechos de propiedad y leyes de Espa\u00f1a.<\/p>\n<p style=\"padding-left: 30px;\">En el caso de que un usuario o un tercero consideren que se ha producido una violaci\u00f3n de sus leg\u00edtimos derechos de propiedad intelectual por la introducci\u00f3n de un determinado contenido en la web, deber\u00e1 notificar dicha circunstancia a Biekapa indicando:<\/p>\n<ul style=\"padding-left: 60px;\">\n<li>Datos personales del interesado titular de los derechos presuntamente infringidos, o indicar la representaci\u00f3n con la que act\u00faa en caso de que la reclamaci\u00f3n la presente un tercero distinto del interesado.<\/li>\n<li>Se\u00f1alar los contenidos protegidos por los derechos de propiedad intelectual y su ubicaci\u00f3n en la web, la acreditaci\u00f3n de los derechos de propiedad intelectual se\u00f1alados y declaraci\u00f3n expresa en la que el interesado se responsabiliza de la veracidad de las informaciones facilitadas en la notificaci\u00f3n.<\/li>\n<\/ul>\n<h2>Exclusi\u00f3n de garant\u00edas y responsable<\/h2>\n<p style=\"padding-left: 30px;\">Biekapa no otorga ninguna garant\u00eda ni se hace responsable, en ning\u00fan caso, de los da\u00f1os y perjuicios de cualquier naturaleza que pudieran traer causa de:<\/p>\n<ul style=\"padding-left: 60px;\">\n<li>La falta de disponibilidad, mantenimiento y efectivo funcionamiento de la web, o de sus servicios y contenidos.<\/li>\n<li>La existencia de malware, programas maliciosos o lesivos en los contenido.<\/li>\n<li>El uso il\u00edcito, negligente, fraudulento o contrario a este Aviso Legal.<\/li>\n<li>La falta de licitud, calidad, fiabilidad, utilidad y disponibilidad de los servicios prestados por terceros y puestos a disposici\u00f3n de los usuarios en el sitio web.<\/li>\n<li>El prestador no se hace responsable bajo ning\u00fan concepto de los da\u00f1os que pudieran dimanar del uso ilegal o indebido de la presente p\u00e1gina web.<\/li>\n<\/ul>\n<h2>Ley aplicable y jurisdicci\u00f3n<\/h2>\n<p style=\"padding-left: 30px;\">Con car\u00e1cter general las relaciones entre\u00a0con los usuarios de sus servicios telem\u00e1ticos, presentes en esta web se encuentran sometidas a la legislaci\u00f3n y jurisdicci\u00f3n espa\u00f1olas y a los tribunales de Donostia &#8211; San Sebasti\u00e1n.<\/p>\n<h2>Contacto<\/h2>\n<p style=\"padding-left: 30px;\">En caso de que cualquier usuario tuviese alguna duda acerca de estas Condiciones legales o cualquier comentario sobre el portal https:\/\/www.biekapa.com, por favor dir\u00edjase a <a href=\"mailto:info@biekapa.com\">info@biekapa.com<\/a>.<\/p>\n","protected":false},"excerpt":{"rendered":"<p>AVISO LEGAL &nbsp; Datos del Responsable Identidad del Responsable:\u00a0Biek Kapa Perfiladores S.L. Nombre comercial:\u00a0Biekapa NIF\/CIF: B20545968 Direcci\u00f3n: Poligono Lintzirin, 12, 20180 Oiartzun Gipuzkoa Correo electr\u00f3nico:\u00a0info@biekapa.com Condiciones generales de uso Las presentes Condiciones Generales regulan el uso (incluyendo el mero acceso) de las p\u00e1ginas de web, integrantes del sitio web de Biekapa incluidos los contenidos y [&hellip;]<\/p>\n","protected":false},"author":2,"featured_media":0,"parent":0,"menu_order":99,"comment_status":"closed","ping_status":"closed","template":"","meta":{"footnotes":""},"class_list":["post-1134","page","type-page","status-publish","hentry"],"yoast_head":"<!-- This site is optimized with the Yoast SEO plugin v27.1.1 - https:\/\/yoast.com\/product\/yoast-seo-wordpress\/ -->\n<title>Aviso Legal - Biekapa<\/title>\n<meta name=\"description\" content=\"Biekapa Perfiladores | Fabricaci\u00f3n de Perfiles met\u00e1licos a trav\u00e9s de procesos de conformado en fr\u00edo para la agricultura, industria, sector energ\u00e9tico ...\" \/>\n<meta name=\"robots\" content=\"noindex, nofollow\" \/>\n<meta property=\"og:locale\" content=\"en_US\" \/>\n<meta property=\"og:type\" content=\"article\" \/>\n<meta property=\"og:title\" content=\"Aviso Legal - Biekapa\" \/>\n<meta property=\"og:description\" content=\"Biekapa Perfiladores | Fabricaci\u00f3n de Perfiles met\u00e1licos a trav\u00e9s de procesos de conformado en fr\u00edo para la agricultura, industria, sector energ\u00e9tico ...\" \/>\n<meta property=\"og:url\" content=\"https:\/\/www.biekapa.com\/aviso-legal\/\" \/>\n<meta property=\"og:site_name\" content=\"Biekapa\" \/>\n<meta property=\"article:modified_time\" content=\"2020-09-16T15:36:17+00:00\" \/>\n<meta name=\"twitter:card\" content=\"summary_large_image\" \/>\n<meta name=\"twitter:label1\" content=\"Est. reading time\" \/>\n\t<meta name=\"twitter:data1\" content=\"5 minutes\" \/>\n<script type=\"application\/ld+json\" class=\"yoast-schema-graph\">{\"@context\":\"https:\/\/schema.org\",\"@graph\":[{\"@type\":\"WebPage\",\"@id\":\"https:\/\/www.biekapa.com\/aviso-legal\/\",\"url\":\"https:\/\/www.biekapa.com\/aviso-legal\/\",\"name\":\"Aviso Legal - Biekapa\",\"isPartOf\":{\"@id\":\"https:\/\/www.biekapa.com\/#website\"},\"datePublished\":\"2018-11-21T16:57:05+00:00\",\"dateModified\":\"2020-09-16T15:36:17+00:00\",\"description\":\"Biekapa Perfiladores | Fabricaci\u00f3n de Perfiles met\u00e1licos a trav\u00e9s de procesos de conformado en fr\u00edo para la agricultura, industria, sector energ\u00e9tico ...\",\"breadcrumb\":{\"@id\":\"https:\/\/www.biekapa.com\/aviso-legal\/#breadcrumb\"},\"inLanguage\":\"en-US\",\"potentialAction\":[{\"@type\":\"ReadAction\",\"target\":[\"https:\/\/www.biekapa.com\/aviso-legal\/\"]}]},{\"@type\":\"BreadcrumbList\",\"@id\":\"https:\/\/www.biekapa.com\/aviso-legal\/#breadcrumb\",\"itemListElement\":[{\"@type\":\"ListItem\",\"position\":1,\"name\":\"Portada\",\"item\":\"https:\/\/www.biekapa.com\/en\/\"},{\"@type\":\"ListItem\",\"position\":2,\"name\":\"Aviso Legal\"}]},{\"@type\":\"WebSite\",\"@id\":\"https:\/\/www.biekapa.com\/#website\",\"url\":\"https:\/\/www.biekapa.com\/\",\"name\":\"Biekapa\",\"description\":\"Perfiladores\",\"potentialAction\":[{\"@type\":\"SearchAction\",\"target\":{\"@type\":\"EntryPoint\",\"urlTemplate\":\"https:\/\/www.biekapa.com\/?s={search_term_string}\"},\"query-input\":{\"@type\":\"PropertyValueSpecification\",\"valueRequired\":true,\"valueName\":\"search_term_string\"}}],\"inLanguage\":\"en-US\"}]}<\/script>\n<!-- \/ Yoast SEO plugin. -->","yoast_head_json":{"title":"Aviso Legal - Biekapa","description":"Biekapa Perfiladores | Fabricaci\u00f3n de Perfiles met\u00e1licos a trav\u00e9s de procesos de conformado en fr\u00edo para la agricultura, industria, sector energ\u00e9tico ...","robots":{"index":"noindex","follow":"nofollow"},"og_locale":"en_US","og_type":"article","og_title":"Aviso Legal - Biekapa","og_description":"Biekapa Perfiladores | Fabricaci\u00f3n de Perfiles met\u00e1licos a trav\u00e9s de procesos de conformado en fr\u00edo para la agricultura, industria, sector energ\u00e9tico ...","og_url":"https:\/\/www.biekapa.com\/aviso-legal\/","og_site_name":"Biekapa","article_modified_time":"2020-09-16T15:36:17+00:00","twitter_card":"summary_large_image","twitter_misc":{"Est. reading time":"5 minutes"},"schema":{"@context":"https:\/\/schema.org","@graph":[{"@type":"WebPage","@id":"https:\/\/www.biekapa.com\/aviso-legal\/","url":"https:\/\/www.biekapa.com\/aviso-legal\/","name":"Aviso Legal - Biekapa","isPartOf":{"@id":"https:\/\/www.biekapa.com\/#website"},"datePublished":"2018-11-21T16:57:05+00:00","dateModified":"2020-09-16T15:36:17+00:00","description":"Biekapa Perfiladores | Fabricaci\u00f3n de Perfiles met\u00e1licos a trav\u00e9s de procesos de conformado en fr\u00edo para la agricultura, industria, sector energ\u00e9tico ...","breadcrumb":{"@id":"https:\/\/www.biekapa.com\/aviso-legal\/#breadcrumb"},"inLanguage":"en-US","potentialAction":[{"@type":"ReadAction","target":["https:\/\/www.biekapa.com\/aviso-legal\/"]}]},{"@type":"BreadcrumbList","@id":"https:\/\/www.biekapa.com\/aviso-legal\/#breadcrumb","itemListElement":[{"@type":"ListItem","position":1,"name":"Portada","item":"https:\/\/www.biekapa.com\/en\/"},{"@type":"ListItem","position":2,"name":"Aviso Legal"}]},{"@type":"WebSite","@id":"https:\/\/www.biekapa.com\/#website","url":"https:\/\/www.biekapa.com\/","name":"Biekapa","description":"Perfiladores","potentialAction":[{"@type":"SearchAction","target":{"@type":"EntryPoint","urlTemplate":"https:\/\/www.biekapa.com\/?s={search_term_string}"},"query-input":{"@type":"PropertyValueSpecification","valueRequired":true,"valueName":"search_term_string"}}],"inLanguage":"en-US"}]}},"_links":{"self":[{"href":"https:\/\/www.biekapa.com\/en\/wp-json\/wp\/v2\/pages\/1134","targetHints":{"allow":["GET"]}}],"collection":[{"href":"https:\/\/www.biekapa.com\/en\/wp-json\/wp\/v2\/pages"}],"about":[{"href":"https:\/\/www.biekapa.com\/en\/wp-json\/wp\/v2\/types\/page"}],"author":[{"embeddable":true,"href":"https:\/\/www.biekapa.com\/en\/wp-json\/wp\/v2\/users\/2"}],"replies":[{"embeddable":true,"href":"https:\/\/www.biekapa.com\/en\/wp-json\/wp\/v2\/comments?post=1134"}],"version-history":[{"count":3,"href":"https:\/\/www.biekapa.com\/en\/wp-json\/wp\/v2\/pages\/1134\/revisions"}],"predecessor-version":[{"id":3288,"href":"https:\/\/www.biekapa.com\/en\/wp-json\/wp\/v2\/pages\/1134\/revisions\/3288"}],"wp:attachment":[{"href":"https:\/\/www.biekapa.com\/en\/wp-json\/wp\/v2\/media?parent=1134"}],"curies":[{"name":"wp","href":"https:\/\/api.w.org\/{rel}","templated":true}]}}