{"id":1140,"date":"2018-11-21T15:48:55","date_gmt":"2018-11-21T14:48:55","guid":{"rendered":"http:\/\/www.biekapa.com\/politica-de-privacidad\/"},"modified":"2020-09-16T16:36:17","modified_gmt":"2020-09-16T15:36:17","slug":"politica-de-privacidad","status":"publish","type":"page","link":"https:\/\/www.biekapa.com\/en\/politica-de-privacidad\/","title":{"rendered":"Pol\u00edtica de Privacidad"},"content":{"rendered":"<p style=\"text-align: justify;\"><strong><u><b>Pol\u00edtica de Privacidad &#8211; Protecci\u00f3n de datos Personales<\/b><\/u><\/strong><\/p>\n<ol style=\"text-align: justify;\">\n<li><b><\/b><strong><u><b>Introducci\u00f3n<\/b><\/u><\/strong><\/li>\n<\/ol>\n<p style=\"text-align: justify; padding-left: 60px;\">En cumplimiento de la normativa sobre Protecci\u00f3n de Datos Personales, se informa a los usuarios que los datos personales que faciliten mediante correo electr\u00f3nico, enviados a trav\u00e9s de formularios ubicados en este sitio web o por cualquier otro medio ubicado en este sitio web ser\u00e1n incorporados a sistemas de tratamiento de datos de Biek Kapa Perfiladores S.L., Responsable del Tratamiento (NIF: B20545968), con la finalidad de atender a las consultas y solicitudes recibidas, contactar con usted, gestionar los servicios y productos solicitados, las relaciones comerciales y las funciones e intereses leg\u00edtimos propios de su actividad, as\u00ed como para el env\u00edo de los boletines y noticias a los que se haya podido suscribir y para el env\u00edo de futuras comunicaciones comerciales que pudieran ser de su inter\u00e9s.<\/p>\n<p style=\"text-align: justify; padding-left: 60px;\">La aceptaci\u00f3n de estas condiciones conlleva necesariamente la autorizaci\u00f3n expresa para los tratamientos de datos descritos, pudiendo ser conservados sin limitaci\u00f3n en el tiempo para las finalidades descritas en esta Pol\u00edtica de Privacidad, a no ser que usted indique lo contrario.<\/p>\n<p style=\"text-align: justify; padding-left: 60px;\">Las bases jur\u00eddicas para los tratamientos de datos descritos son, en los t\u00e9rminos establecidos por la normativa sobre protecci\u00f3n de datos, la necesidad del tratamiento de sus datos para la ejecuci\u00f3n de los servicios solicitados por usted, su consentimiento para el tratamiento de los datos, el cumplimiento de obligaciones legales por parte del Responsable del Tratamiento y\/o el inter\u00e9s leg\u00edtimo del Responsable del Tratamiento, por ejemplo, a efectos de enviarle comunicaciones comerciales.<\/p>\n<p style=\"text-align: justify; padding-left: 60px;\">El tratamiento de sus datos personales se realizar\u00e1 de manera confidencial. Biek Kapa Perfiladores S.L. est\u00e1 comprometida con la privacidad y la protecci\u00f3n de los datos personales de los usuarios y utiliza sus recursos para garantizar la seguridad y privacidad de los interesados.<\/p>\n<p style=\"text-align: justify; padding-left: 60px;\">Sus datos pueden ser comunicados a empresas del Grupo empresarial al que pertenece Biek Kapa Perfiladores S.L. con el fin de mejorar el servicio prestado y siempre en cumplimiento de la legislaci\u00f3n sobre protecci\u00f3n de datos personales.<\/p>\n<p style=\"text-align: justify;\"><strong><b>\u00a0<\/b><\/strong><\/p>\n<ol style=\"text-align: justify;\" start=\"2\">\n<li><b><\/b><strong><u><b>Recogida de datos personales<\/b><\/u><\/strong><\/li>\n<\/ol>\n<p style=\"text-align: justify; padding-left: 60px;\">El Responsable del Tratamiento no requiere que proporcione datos personales para acceder al sitio web, no obstante, en el sitio web hay un formulario de contacto cuya cumplimentaci\u00f3n requiere que el usurio facilite datos personales identificativos y\/o de contacto.<\/p>\n<p style=\"text-align: justify; padding-left: 60px;\">El Responsable del Tratamiento\u00a0recoger\u00e1 los datos personales de manera adecuada, pertinente seg\u00fan las finalidades, utilidades, servicios y\/o prestaciones incluidas en su web, de forma determinada, expl\u00edcita y leg\u00edtima, por lo que en ning\u00fan caso se emplear\u00e1n medios fraudulentos, desleales, il\u00edcitos o que en alguna forma pongan en peligro los leg\u00edtimos derechos de los usuarios.<\/p>\n<p style=\"text-align: justify; padding-left: 60px;\">El usuario aporta sus datos personales de forma libre y voluntaria.\u00a0El Responsable del Tratamiento\u00a0no solicita m\u00e1s informaci\u00f3n personal que la que es necesaria para recibir los servicios e informaciones solicitadas. El env\u00edo de informaci\u00f3n a trav\u00e9s de este sitio web conlleva necesariamente la aceptaci\u00f3n de esta pol\u00edtica de privacidad y de las condiciones generales del sitio web. El usuario es el \u00fanico responsable de la veracidad y correcci\u00f3n de los datos incluidos, exonerando a Biek Kapa Perfiladores S.L.\u00a0de cualquier responsabilidad al respecto.<\/p>\n<p style=\"text-align: justify; padding-left: 60px;\">El usuario que incluya en este sitio web cualquier tipo de contenido (datos, textos, v\u00eddeos, sonido, fotograf\u00edas, gr\u00e1ficos, mensajes u otro material) declara y garantiza hacerlo de modo que se ajuste a las condiciones aqu\u00ed expresadas.<\/p>\n<p style=\"text-align: justify; padding-left: 60px;\">El usuario que incluya datos personales de terceros declara que cuenta con el consentimiento y permiso de estos para la publicaci\u00f3n de los mismos.<\/p>\n<p style=\"text-align: justify; padding-left: 60px;\">Los usuarios garantizan y responden, en cualquier caso, de la exactitud, vigencia y autenticidad de los datos personales facilitados, y se comprometen a mantenerlos debidamente actualizados.<\/p>\n<ol style=\"text-align: justify;\" start=\"3\">\n<li><b><\/b><strong><u><b>Derechos de los interesados<\/b><\/u><\/strong><\/li>\n<\/ol>\n<p style=\"text-align: justify; padding-left: 60px;\">Puede ejercer los derechos de acceso, rectificaci\u00f3n, supresi\u00f3n, limitaci\u00f3n al tratamiento, portabilidad y oposici\u00f3n, as\u00ed como retirar su consentimiento o realizar cualquier otra solicitud sobre esta materia\u00a0dirigi\u00e9ndose\u00a0por escrito al Responsable del Tratamiento, Biek Kapa Perfiladores S.L., en Poligono Lintzirin, 12, 20180 Oiartzun\u00a0(Gipuzkoa) o bien a trav\u00e9s de la direcci\u00f3n de correo electr\u00f3nico <a href=\"mailto:info@biekapa.com\"><u>info@biekapa.com<\/u><\/a>.<\/p>\n<p style=\"text-align: justify; padding-left: 60px;\">La solicitud deber\u00e1 llevar adjunta copia de documento de acreditativo de la identidad del solicitante (DNI o similares). En caso de realizar la solicitud en su condici\u00f3n de representante legal, deber\u00e1 adjuntar, adem\u00e1s de la copia de documento de acreditativo de la identidad del solicitante, un documento acreditativo de tal representaci\u00f3n.<\/p>\n<p style=\"text-align: justify; padding-left: 60px;\">La autoridad de control a la que usted puede dirigirse en caso de no estar de acuerdo con la resoluci\u00f3n de las solicitudes o para presentar una reclamaci\u00f3n es la Agencia Espa\u00f1ola de Protecci\u00f3n de Datos: www.aepd.es<\/p>\n<ol style=\"text-align: justify;\" start=\"4\">\n<li><b><\/b><strong><u><b>Medidas de seguridad<\/b><\/u><\/strong><\/li>\n<\/ol>\n<p style=\"text-align: justify; padding-left: 60px;\">Biek Kapa Perfiladores S.L.\u00a0tratar\u00e1 los datos personales contenidos en sus tratamientos de datos adoptando las medidas de \u00edndole t\u00e9cnica y organizativa que sean necesarias para garantizar su seguridad y evitar su alteraci\u00f3n, p\u00e9rdida, tratamiento o acceso no autorizado, habida cuenta del estado de la tecnolog\u00eda, la naturaleza de los datos almacenados y los riesgos a que est\u00e1n expuestos, ya provengan de la acci\u00f3n humana o del medio f\u00edsico o natural, de acuerdo con la legislaci\u00f3n vigente que resulte de aplicaci\u00f3n en materia de medidas de seguridad de los tratamientos de datos personales. Sin embargo, los usuarios son informados de que las medidas de seguridad inform\u00e1tica no son inexpugnables y no se est\u00e1 a salvo de posibles intromisiones ilegales e indebidas, que no ser\u00edan responsabilidad de Biek Kapa Perfiladores S.L.<\/p>\n<p style=\"text-align: justify; padding-left: 60px;\">Con el fin de garantizar la seguridad y privacidad del usuario Biek Kapa Perfiladores S.L.\u00a0utiliza tecnolog\u00eda de encriptaci\u00f3n basada en protocolos de capa de conexi\u00f3n segura (<em><i>Secure Sockets Layer &#8211; SSL<\/i><\/em>), de modo que la navegaci\u00f3n sea lo m\u00e1s segura posible.<\/p>\n<ol style=\"text-align: justify;\" start=\"5\">\n<li><b><\/b><strong><u><b>Datos de Tr\u00e1fico<\/b><\/u><\/strong><\/li>\n<\/ol>\n<p style=\"text-align: justify; padding-left: 60px;\">Con la finalidad de ofrecer un mejor servicio a trav\u00e9s de este sitio web, se puede registrar la direcci\u00f3n IP del dispositivo del usuario, permiti\u00e9ndose as\u00ed el posterior procesamiento de los datos con el fin de analizar entre otros el n\u00famero de p\u00e1ginas visitadas, el n\u00famero de visitas, as\u00ed como la actividad de los visitantes\/usuarios del sitio web, y su frecuencia de utilizaci\u00f3n.<\/p>\n<p style=\"text-align: justify; padding-left: 60px;\">El Usuario da su consentimiento previo e informado al registro de la IP de su dispositivo durante la conexi\u00f3n y navegaci\u00f3n en el sitio web, sin que sea necesario solicitarlo cada vez que acceda a este sitio web.<\/p>\n<p style=\"text-align: justify; padding-left: 60px;\">Con la finalidad ya mencionada, este sitio est\u00e1 siendo medido y analizado con Google Analytics y\/o herramientas similares, que pueden utilizar marcas en las p\u00e1ginas y cookies para analizar lo que sucede en las diferentes p\u00e1ginas del sitio web de Biek Kapa Perfiladores S.L.<\/p>\n<ol style=\"text-align: justify;\" start=\"6\">\n<li><b><\/b><strong><u><b>Enlace a redes sociales y canales web<\/b><\/u><\/strong><\/li>\n<\/ol>\n<p style=\"text-align: justify; padding-left: 60px;\">Este sitio web puede ofrecer enlaces a redes sociales y sitios y canales web externos, como Linkedin e Issuu, entre otros. Biek Kapa Perfiladores S.L.\u00a0no asume ninguna responsabilidad en relaci\u00f3n con estos sitios enlazados. El usuario que acceda a redes sociales y sitios y canales web externos, relacionados con Biek Kapa Perfiladores S.L., desde los enlaces ubicados en este sitio web o de cualquier otra forma, queda previa y expresamente informado de que las condiciones de uso, pol\u00edticas de privacidad, pol\u00edticas de cookies y cualesquiera condiciones y\/o normativas dependen de las entidades responsables de dichas redes sociales y sitios y canales web, y nunca de Biek Kapa Perfiladores S.L.<\/p>\n<ol style=\"text-align: justify;\" start=\"7\">\n<li><b><\/b><strong><u><b>Vigencia<\/b><\/u><\/strong><\/li>\n<\/ol>\n<p style=\"text-align: justify; padding-left: 60px;\">Biek Kapa Perfiladores S.L. se reserva el derecho de modificar su pol\u00edtica de privacidad de acuerdo a su criterio, a cambios legislativos o jurisprudenciales. Si el Responsable del Tratamiento introdujera alguna modificaci\u00f3n, el nuevo texto ser\u00e1 publicado en este mismo sitio web, donde el usuario podr\u00e1 tener conocimiento de la misma. En cualquier caso, la relaci\u00f3n con los usuarios se regir\u00e1 por las normas previstas en el momento preciso en que se accede al sitio web. Es por ello que el Responsable del Tratamiento le recomienda visitar esta pol\u00edtica de privacidad cada vez que se conecte al sitio web.<\/p>\n<p style=\"text-align: justify; padding-left: 60px;\">Biek Kapa Perfiladores S.L.\u00a0perseguir\u00e1 el incumplimiento de esta pol\u00edtica de privacidad, as\u00ed como cualquier utilizaci\u00f3n indebida de las funcionalidades y contenidos presentados en este sitio web, ejerciendo todas las acciones civiles y penales que le puedan corresponder en Derecho.<\/p>\n<ol style=\"text-align: justify;\" start=\"8\">\n<li><b><\/b><strong><u><b>Jurisdicci\u00f3n<\/b><\/u><\/strong><\/li>\n<\/ol>\n<p style=\"text-align: justify; padding-left: 60px;\">Las relaciones establecidas entre Biek Kapa Perfiladores S.L. y el usuario se regir\u00e1n por lo dispuesto en la normativa vigente acerca de la legislaci\u00f3n aplicable y la jurisdicci\u00f3n competente. No obstante, para los casos en los que la normativa prevea la posibilidad a las partes de someterse a un fuero, Biek Kapa Perfiladores S.L. y el usuario, con renuncia expresa a cualquier otro fuero que pudiera corresponderles, se someten a los Juzgados y Tribunales de Donostia \/ San Sebasti\u00e1n (Gipuzkoa).<\/p>\n<p style=\"text-align: justify; padding-left: 60px;\">Biek Kapa Perfiladores S.L.\u00a0perseguir\u00e1 el incumplimiento de esta Pol\u00edtica de Privacidad, as\u00ed como cualquier utilizaci\u00f3n indebida de los contenidos presentados en este sitio web ejerciendo todas las acciones civiles y penales que le puedan corresponder en Derecho.<\/p>\n<p style=\"text-align: right;\"><em><i>\u00daltima actualizaci\u00f3n de la Pol\u00edtica de Privacidad: 01\/02\/2019<\/i><\/em><\/p>\n","protected":false},"excerpt":{"rendered":"<p>Pol\u00edtica de Privacidad &#8211; Protecci\u00f3n de datos Personales Introducci\u00f3n En cumplimiento de la normativa sobre Protecci\u00f3n de Datos Personales, se informa a los usuarios que los datos personales que faciliten mediante correo electr\u00f3nico, enviados a trav\u00e9s de formularios ubicados en este sitio web o por cualquier otro medio ubicado en este sitio web ser\u00e1n incorporados [&hellip;]<\/p>\n","protected":false},"author":2,"featured_media":0,"parent":0,"menu_order":99,"comment_status":"closed","ping_status":"closed","template":"","meta":{"footnotes":""},"class_list":["post-1140","page","type-page","status-publish","hentry"],"yoast_head":"<!-- This site is optimized with the Yoast SEO plugin v27.1.1 - https:\/\/yoast.com\/product\/yoast-seo-wordpress\/ -->\n<title>Pol\u00edtica de Privacidad - Biekapa<\/title>\n<meta name=\"description\" content=\"Biekapa Perfiladores | Fabricaci\u00f3n de Perfiles met\u00e1licos a trav\u00e9s de procesos de conformado en fr\u00edo para la agricultura, industria, sector energ\u00e9tico ...\" \/>\n<meta name=\"robots\" content=\"noindex, nofollow\" \/>\n<meta property=\"og:locale\" content=\"en_US\" \/>\n<meta property=\"og:type\" content=\"article\" \/>\n<meta property=\"og:title\" content=\"Pol\u00edtica de Privacidad - Biekapa\" \/>\n<meta property=\"og:description\" content=\"Biekapa Perfiladores | Fabricaci\u00f3n de Perfiles met\u00e1licos a trav\u00e9s de procesos de conformado en fr\u00edo para la agricultura, industria, sector energ\u00e9tico ...\" \/>\n<meta property=\"og:url\" content=\"https:\/\/www.biekapa.com\/en\/politica-de-privacidad\/\" \/>\n<meta property=\"og:site_name\" content=\"Biekapa\" \/>\n<meta property=\"article:modified_time\" content=\"2020-09-16T15:36:17+00:00\" \/>\n<meta name=\"twitter:card\" content=\"summary_large_image\" \/>\n<meta name=\"twitter:label1\" content=\"Est. reading time\" \/>\n\t<meta name=\"twitter:data1\" content=\"8 minutes\" \/>\n<script type=\"application\/ld+json\" class=\"yoast-schema-graph\">{\"@context\":\"https:\/\/schema.org\",\"@graph\":[{\"@type\":\"WebPage\",\"@id\":\"https:\/\/www.biekapa.com\/en\/politica-de-privacidad\/\",\"url\":\"https:\/\/www.biekapa.com\/en\/politica-de-privacidad\/\",\"name\":\"Pol\u00edtica de Privacidad - Biekapa\",\"isPartOf\":{\"@id\":\"https:\/\/www.biekapa.com\/#website\"},\"datePublished\":\"2018-11-21T14:48:55+00:00\",\"dateModified\":\"2020-09-16T15:36:17+00:00\",\"description\":\"Biekapa Perfiladores | Fabricaci\u00f3n de Perfiles met\u00e1licos a trav\u00e9s de procesos de conformado en fr\u00edo para la agricultura, industria, sector energ\u00e9tico ...\",\"breadcrumb\":{\"@id\":\"https:\/\/www.biekapa.com\/en\/politica-de-privacidad\/#breadcrumb\"},\"inLanguage\":\"en-US\",\"potentialAction\":[{\"@type\":\"ReadAction\",\"target\":[\"https:\/\/www.biekapa.com\/en\/politica-de-privacidad\/\"]}]},{\"@type\":\"BreadcrumbList\",\"@id\":\"https:\/\/www.biekapa.com\/en\/politica-de-privacidad\/#breadcrumb\",\"itemListElement\":[{\"@type\":\"ListItem\",\"position\":1,\"name\":\"Portada\",\"item\":\"https:\/\/www.biekapa.com\/en\/\"},{\"@type\":\"ListItem\",\"position\":2,\"name\":\"Pol\u00edtica de Privacidad\"}]},{\"@type\":\"WebSite\",\"@id\":\"https:\/\/www.biekapa.com\/#website\",\"url\":\"https:\/\/www.biekapa.com\/\",\"name\":\"Biekapa\",\"description\":\"Perfiladores\",\"potentialAction\":[{\"@type\":\"SearchAction\",\"target\":{\"@type\":\"EntryPoint\",\"urlTemplate\":\"https:\/\/www.biekapa.com\/?s={search_term_string}\"},\"query-input\":{\"@type\":\"PropertyValueSpecification\",\"valueRequired\":true,\"valueName\":\"search_term_string\"}}],\"inLanguage\":\"en-US\"}]}<\/script>\n<!-- \/ Yoast SEO plugin. -->","yoast_head_json":{"title":"Pol\u00edtica de Privacidad - Biekapa","description":"Biekapa Perfiladores | Fabricaci\u00f3n de Perfiles met\u00e1licos a trav\u00e9s de procesos de conformado en fr\u00edo para la agricultura, industria, sector energ\u00e9tico ...","robots":{"index":"noindex","follow":"nofollow"},"og_locale":"en_US","og_type":"article","og_title":"Pol\u00edtica de Privacidad - Biekapa","og_description":"Biekapa Perfiladores | Fabricaci\u00f3n de Perfiles met\u00e1licos a trav\u00e9s de procesos de conformado en fr\u00edo para la agricultura, industria, sector energ\u00e9tico ...","og_url":"https:\/\/www.biekapa.com\/en\/politica-de-privacidad\/","og_site_name":"Biekapa","article_modified_time":"2020-09-16T15:36:17+00:00","twitter_card":"summary_large_image","twitter_misc":{"Est. reading time":"8 minutes"},"schema":{"@context":"https:\/\/schema.org","@graph":[{"@type":"WebPage","@id":"https:\/\/www.biekapa.com\/en\/politica-de-privacidad\/","url":"https:\/\/www.biekapa.com\/en\/politica-de-privacidad\/","name":"Pol\u00edtica de Privacidad - Biekapa","isPartOf":{"@id":"https:\/\/www.biekapa.com\/#website"},"datePublished":"2018-11-21T14:48:55+00:00","dateModified":"2020-09-16T15:36:17+00:00","description":"Biekapa Perfiladores | Fabricaci\u00f3n de Perfiles met\u00e1licos a trav\u00e9s de procesos de conformado en fr\u00edo para la agricultura, industria, sector energ\u00e9tico ...","breadcrumb":{"@id":"https:\/\/www.biekapa.com\/en\/politica-de-privacidad\/#breadcrumb"},"inLanguage":"en-US","potentialAction":[{"@type":"ReadAction","target":["https:\/\/www.biekapa.com\/en\/politica-de-privacidad\/"]}]},{"@type":"BreadcrumbList","@id":"https:\/\/www.biekapa.com\/en\/politica-de-privacidad\/#breadcrumb","itemListElement":[{"@type":"ListItem","position":1,"name":"Portada","item":"https:\/\/www.biekapa.com\/en\/"},{"@type":"ListItem","position":2,"name":"Pol\u00edtica de Privacidad"}]},{"@type":"WebSite","@id":"https:\/\/www.biekapa.com\/#website","url":"https:\/\/www.biekapa.com\/","name":"Biekapa","description":"Perfiladores","potentialAction":[{"@type":"SearchAction","target":{"@type":"EntryPoint","urlTemplate":"https:\/\/www.biekapa.com\/?s={search_term_string}"},"query-input":{"@type":"PropertyValueSpecification","valueRequired":true,"valueName":"search_term_string"}}],"inLanguage":"en-US"}]}},"_links":{"self":[{"href":"https:\/\/www.biekapa.com\/en\/wp-json\/wp\/v2\/pages\/1140","targetHints":{"allow":["GET"]}}],"collection":[{"href":"https:\/\/www.biekapa.com\/en\/wp-json\/wp\/v2\/pages"}],"about":[{"href":"https:\/\/www.biekapa.com\/en\/wp-json\/wp\/v2\/types\/page"}],"author":[{"embeddable":true,"href":"https:\/\/www.biekapa.com\/en\/wp-json\/wp\/v2\/users\/2"}],"replies":[{"embeddable":true,"href":"https:\/\/www.biekapa.com\/en\/wp-json\/wp\/v2\/comments?post=1140"}],"version-history":[{"count":1,"href":"https:\/\/www.biekapa.com\/en\/wp-json\/wp\/v2\/pages\/1140\/revisions"}],"predecessor-version":[{"id":1544,"href":"https:\/\/www.biekapa.com\/en\/wp-json\/wp\/v2\/pages\/1140\/revisions\/1544"}],"wp:attachment":[{"href":"https:\/\/www.biekapa.com\/en\/wp-json\/wp\/v2\/media?parent=1140"}],"curies":[{"name":"wp","href":"https:\/\/api.w.org\/{rel}","templated":true}]}}