{"id":5093,"date":"2024-02-09T11:47:04","date_gmt":"2024-02-09T10:47:04","guid":{"rendered":"https:\/\/www.biekapa.com\/sostenibilidad-2\/"},"modified":"2025-07-21T12:24:52","modified_gmt":"2025-07-21T11:24:52","slug":"sostenibilidad","status":"publish","type":"page","link":"https:\/\/www.biekapa.com\/en\/sostenibilidad\/","title":{"rendered":"Sustainability"},"content":{"rendered":"\n<style type=\"text\/css\" data-created_by=\"avia_inline_auto\" id=\"style-css-av-dbz1uz-19085bf6ff2b0b5b844e2d29229a3f14\">\n.avia-section.av-dbz1uz-19085bf6ff2b0b5b844e2d29229a3f14{\nbackground-color:#ffffff;\nbackground-image:url(https:\/\/www.biekapa.com\/wp-content\/uploads\/2018\/12\/Biekapa-Perfiles-Gipuzkoa-00003.jpg);\nbackground-repeat:no-repeat;\nbackground-position:0% 0%;\nbackground-attachment:fixed;\n}\n.avia-section.av-dbz1uz-19085bf6ff2b0b5b844e2d29229a3f14 .av-section-color-overlay{\nopacity:0.6;\nbackground-color:#ffffff;\n}\n.avia-section.av-dbz1uz-19085bf6ff2b0b5b844e2d29229a3f14 .av-extra-border-element .av-extra-border-inner{\nbackground-color:#ffffff;\n}\n<\/style>\n<div id='av_section_1'  class='avia-section av-dbz1uz-19085bf6ff2b0b5b844e2d29229a3f14 main_color avia-section-large avia-no-border-styling  avia-builder-el-0  avia-builder-el-no-sibling  avia-full-stretch avia-bg-style-fixed av-section-color-overlay-active container_wrap fullsize'  data-section-bg-repeat='stretch'><div class=\"av-section-color-overlay-wrap\"><div class=\"av-section-color-overlay\"><\/div><a href='#next-section' title='' class='scroll-down-link ' aria-hidden='true' data-av_icon='\ue877' data-av_iconfont='entypo-fontello'><\/a><div class='container av-section-cont-open' ><main  role=\"main\" itemprop=\"mainContentOfPage\"  class='template-page content  av-content-full alpha units'><div class='post-entry post-entry-type-page post-entry-5093'><div class='entry-content-wrapper clearfix'>\n\n<style type=\"text\/css\" data-created_by=\"avia_inline_auto\" id=\"style-css-av-d0ldej-eb313229f87800d1b2795aa74d1454ec\">\n.flex_column.av-d0ldej-eb313229f87800d1b2795aa74d1454ec{\nborder-radius:0px 0px 0px 0px;\npadding:20px 20px 20px 20px;\n}\n<\/style>\n<div  class='flex_column av-d0ldej-eb313229f87800d1b2795aa74d1454ec av_one_full  avia-builder-el-1  el_before_av_two_fifth  avia-builder-el-first  first flex_column_div av-animated-generic top-to-bottom  '     ><p>\n<style type=\"text\/css\" data-created_by=\"avia_inline_auto\" id=\"style-css-av-7sjvl-a4d833ddf1687e311c20923a2fa5c6d7\">\n#top .av-special-heading.av-7sjvl-a4d833ddf1687e311c20923a2fa5c6d7{\npadding-bottom:0;\nfont-size:40px;\n}\nbody .av-special-heading.av-7sjvl-a4d833ddf1687e311c20923a2fa5c6d7 .av-special-heading-tag .heading-char{\nfont-size:25px;\n}\n#top #wrap_all .av-special-heading.av-7sjvl-a4d833ddf1687e311c20923a2fa5c6d7 .av-special-heading-tag{\nfont-size:40px;\n}\n.av-special-heading.av-7sjvl-a4d833ddf1687e311c20923a2fa5c6d7 .av-subheading{\nfont-size:15px;\n}\n\n@media only screen and (min-width: 480px) and (max-width: 767px){ \n#top #wrap_all .av-special-heading.av-7sjvl-a4d833ddf1687e311c20923a2fa5c6d7 .av-special-heading-tag{\nfont-size:0.8em;\n}\n}\n\n@media only screen and (max-width: 479px){ \n#top #wrap_all .av-special-heading.av-7sjvl-a4d833ddf1687e311c20923a2fa5c6d7 .av-special-heading-tag{\nfont-size:0.8em;\n}\n}\n<\/style>\n<div  class='av-special-heading av-7sjvl-a4d833ddf1687e311c20923a2fa5c6d7 av-special-heading-h3 blockquote modern-quote modern-centered  avia-builder-el-2  el_before_av_hr  avia-builder-el-first  av-inherit-size av-linked-heading'><h3 class='av-special-heading-tag'  itemprop=\"headline\"  >SUSTAINABILITY<\/h3><div class=\"special-heading-border\"><div class=\"special-heading-inner-border\"><\/div><\/div><\/div><br \/>\n\n<style type=\"text\/css\" data-created_by=\"avia_inline_auto\" id=\"style-css-av-cotw17-3b2264b6cc8369b855d06d1687662b1f\">\n#top .hr.av-cotw17-3b2264b6cc8369b855d06d1687662b1f{\nmargin-top:30px;\nmargin-bottom:30px;\n}\n.hr.av-cotw17-3b2264b6cc8369b855d06d1687662b1f .hr-inner{\nwidth:50px;\nborder-color:#000000;\n}\n<\/style>\n<div  class='hr av-cotw17-3b2264b6cc8369b855d06d1687662b1f hr-custom  avia-builder-el-3  el_after_av_heading  el_before_av_textblock  hr-center hr-icon-no'><span class='hr-inner inner-border-av-border-thin'><span class=\"hr-inner-style\"><\/span><\/span><\/div><br \/>\n\n<style type=\"text\/css\" data-created_by=\"avia_inline_auto\" id=\"style-css-av-ckg50r-4f86147825ed7c940bd7bee7050b5278\">\n#top .av_textblock_section.av-ckg50r-4f86147825ed7c940bd7bee7050b5278 .avia_textblock{\nfont-size:22px;\n}\n<\/style>\n<section  class='av_textblock_section av-ckg50r-4f86147825ed7c940bd7bee7050b5278 '   itemscope=\"itemscope\" itemtype=\"https:\/\/schema.org\/CreativeWork\" ><div class='avia_textblock'  itemprop=\"text\" ><p style=\"text-align: center;\">BIEKAPA is committed to sustainability and the environment. This commitment is outlined in its &#8216;Environmental Policy&#8217; and recognized through ISO 14001 certification.<\/p>\n<p style=\"text-align: center;\">As part of its commitment to sustainability, BIEKAPA has conducted a life cycle analysis of the products it manufactures. The life cycle analysis is an environmental management tool aimed at objectively and methodically analyzing the environmental impact caused by its products in the gypsum board sector throughout their entire life cycle.BIEKAPA has benefited from the European Regional Development Fund, which aims to strengthen sustainable growth and competitiveness of SMEs, and thanks to which it has launched an Action Plan to enhance sustainable growth and competitiveness of SMEs throughout 2024. To this end, it has received support from the Sustainable SME Program of the Chamber of Commerce of Gipuzkoa. #EuropeFeels.<\/p>\n<p style=\"text-align: center;\">On the other hand, BIEKAPA has bet on improving energy efficiency and the use of renewable energies in its daily activities. In this regard, during 2023 BIEKAPA invested in the installation of a new photovoltaic plant for self-consumption of 220 kW. This plant consists of 603 panels of 500 Wp with monocrystalline solar PV technology. This investment was added to the one made in 2018 for another 100 kW and has received support from Next Generation funds promoted by the European Union, as well as the EVE (Basque Energy Agency) and the Ministry for Ecological Transition and Demographic Challenge (IDAE).<\/p>\n<p style=\"text-align: center;\"><img loading=\"lazy\" decoding=\"async\" class=\"aligncenter\" style=\"text-align: center;\" src=\"https:\/\/www.biekapa.com\/wp-content\/uploads\/2024\/02\/just.png\" width=\"836\" height=\"188\" \/><\/p>\n<\/div><\/section><\/p><\/div><div  class='flex_column av-lvxw5obn-f180d34cf200e64a955cfce00c598a4f av_two_fifth  avia-builder-el-5  el_after_av_one_full  el_before_av_one_fifth  first flex_column_div  column-top-margin'     ><p>\n<style type=\"text\/css\" data-created_by=\"avia_inline_auto\" id=\"style-css-av-lvxw32h8-e97b8ce28e96b2ab94080d588c3311d2\">\n.avia-image-container.av-lvxw32h8-e97b8ce28e96b2ab94080d588c3311d2 img.avia_image{\nbox-shadow:none;\n}\n.avia-image-container.av-lvxw32h8-e97b8ce28e96b2ab94080d588c3311d2 .av-image-caption-overlay-center{\ncolor:#ffffff;\n}\n<\/style>\n<div  class='avia-image-container av-lvxw32h8-e97b8ce28e96b2ab94080d588c3311d2 av-styling- avia-align-center  avia-builder-el-6  el_before_av_button  avia-builder-el-first '   itemprop=\"image\" itemscope=\"itemscope\" itemtype=\"https:\/\/schema.org\/ImageObject\" ><div class=\"avia-image-container-inner\"><div class=\"avia-image-overlay-wrap\"><a href=\"https:\/\/www.biekapa.com\/wp-content\/uploads\/2024\/05\/CertificadoGA-2024-0089_IN_2024-03-20.pdf\" class='avia_image'  aria-label='ENCertificadoGA-2024-0089_IN_2024-03-20'><img decoding=\"async\" fetchpriority=\"high\" class='wp-image-5590 avia-img-lazy-loading-not-5590 avia_image ' src=\"https:\/\/www.biekapa.com\/wp-content\/uploads\/2024\/05\/ENCertificadoGA-2024-0089_IN_2024-03-20.jpg\" alt='' title='ENCertificadoGA-2024-0089_IN_2024-03-20'  height=\"835\" width=\"588\"  itemprop=\"thumbnailUrl\" srcset=\"https:\/\/www.biekapa.com\/wp-content\/uploads\/2024\/05\/ENCertificadoGA-2024-0089_IN_2024-03-20.jpg 588w, https:\/\/www.biekapa.com\/wp-content\/uploads\/2024\/05\/ENCertificadoGA-2024-0089_IN_2024-03-20-211x300.jpg 211w, https:\/\/www.biekapa.com\/wp-content\/uploads\/2024\/05\/ENCertificadoGA-2024-0089_IN_2024-03-20-496x705.jpg 496w\" sizes=\"(max-width: 588px) 100vw, 588px\" \/><\/a><\/div><\/div><\/div><br \/>\n<div  class='avia-button-wrap av-lvxw16hi-453c1464dd6d7617e38ab66f35c01765-wrap avia-button-center  avia-builder-el-7  el_after_av_image  avia-builder-el-last '><a href='https:\/\/www.biekapa.com\/wp-content\/uploads\/2024\/05\/CertificadoGA-2024-0089_IN_2024-03-20.pdf'  class='avia-button av-lvxw16hi-453c1464dd6d7617e38ab66f35c01765 avia-icon_select-yes-left-icon avia-size-medium avia-position-center avia-color-theme-color'  ><span class='avia_button_icon avia_button_icon_left' aria-hidden='true' data-av_icon='\ue82d' data-av_iconfont='entypo-fontello'><\/span><span class='avia_iconbox_title' >Download<\/span><\/a><\/div><\/p><\/div><div  class='flex_column av-4oypp1-d6e629941ecd718ca045dfb002819e15 av_one_fifth  avia-builder-el-8  el_after_av_two_fifth  el_before_av_two_fifth  flex_column_div  column-top-margin'     ><\/div><div  class='flex_column av-39mi79-cfad5b9007ea9dd19249bdbbc2b592b3 av_two_fifth  avia-builder-el-9  el_after_av_one_fifth  el_before_av_hr  flex_column_div  column-top-margin'     ><p>\n<style type=\"text\/css\" data-created_by=\"avia_inline_auto\" id=\"style-css-av-m0qm2jpa-5841952d5f9d84db097c6802e819c521\">\n.avia-image-container.av-m0qm2jpa-5841952d5f9d84db097c6802e819c521 img.avia_image{\nbox-shadow:none;\n}\n.avia-image-container.av-m0qm2jpa-5841952d5f9d84db097c6802e819c521 .av-image-caption-overlay-center{\ncolor:#ffffff;\n}\n<\/style>\n<div  class='avia-image-container av-m0qm2jpa-5841952d5f9d84db097c6802e819c521 av-styling- avia-align-center  avia-builder-el-10  el_before_av_button  avia-builder-el-first '   itemprop=\"image\" itemscope=\"itemscope\" itemtype=\"https:\/\/schema.org\/ImageObject\" ><div class=\"avia-image-container-inner\"><div class=\"avia-image-overlay-wrap\"><a href=\"https:\/\/www.biekapa.com\/wp-content\/uploads\/2024\/09\/DC-IF-01.3-Politica-Medio-Ambiente.pdf\" class='avia_image'  aria-label='DC-IF-01.3 Politica Medio Ambiente'><img decoding=\"async\" fetchpriority=\"high\" class='wp-image-6082 avia-img-lazy-loading-not-6082 avia_image ' src=\"https:\/\/www.biekapa.com\/wp-content\/uploads\/2024\/09\/DC-IF-01.3-Politica-Medio-Ambiente.gif\" alt='' title='DC-IF-01.3 Politica Medio Ambiente'  height=\"678\" width=\"428\"  itemprop=\"thumbnailUrl\"  \/><\/a><\/div><\/div><\/div><br \/>\n<div  class='avia-button-wrap av-m0qm2p6z-3ca6d603343c44098dc70e9355e13836-wrap avia-button-center  avia-builder-el-11  el_after_av_image  avia-builder-el-last '><a href='https:\/\/www.biekapa.com\/wp-content\/uploads\/2024\/09\/DC-IF-01.3-Politica-Medio-Ambiente.pdf'  class='avia-button av-m0qm2p6z-3ca6d603343c44098dc70e9355e13836 avia-icon_select-yes-left-icon avia-size-medium avia-position-center avia-color-theme-color'  ><span class='avia_button_icon avia_button_icon_left' aria-hidden='true' data-av_icon='\ue82d' data-av_iconfont='entypo-fontello'><\/span><span class='avia_iconbox_title' >Download<\/span><\/a><\/div><\/p><\/div>\n<style type=\"text\/css\" data-created_by=\"avia_inline_auto\" id=\"style-css-av-18mj7n-9832996e7f68f36e029e69f9dea61c65\">\n#top .hr.hr-invisible.av-18mj7n-9832996e7f68f36e029e69f9dea61c65{\nheight:120px;\n}\n<\/style>\n<div  class='hr av-18mj7n-9832996e7f68f36e029e69f9dea61c65 hr-invisible  avia-builder-el-12  el_after_av_two_fifth  avia-builder-el-last '><span class='hr-inner '><span class=\"hr-inner-style\"><\/span><\/span><\/div>\n\n","protected":false},"excerpt":{"rendered":"","protected":false},"author":2,"featured_media":0,"parent":0,"menu_order":58,"comment_status":"closed","ping_status":"closed","template":"","meta":{"footnotes":""},"class_list":["post-5093","page","type-page","status-publish","hentry"],"yoast_head":"<!-- This site is optimized with the Yoast SEO plugin v27.1.1 - https:\/\/yoast.com\/product\/yoast-seo-wordpress\/ -->\n<title>Sustainability - Biekapa<\/title>\n<meta name=\"description\" content=\"Biekapa Perfiladores | Fabricaci\u00f3n de Perfiles met\u00e1licos a trav\u00e9s de procesos de conformado en fr\u00edo para la agricultura, industria, sector energ\u00e9tico ...\" \/>\n<meta name=\"robots\" content=\"index, follow, max-snippet:-1, max-image-preview:large, max-video-preview:-1\" \/>\n<link rel=\"canonical\" href=\"https:\/\/www.biekapa.com\/en\/sostenibilidad\/\" \/>\n<meta property=\"og:locale\" content=\"en_US\" \/>\n<meta property=\"og:type\" content=\"article\" \/>\n<meta property=\"og:title\" content=\"Sustainability - Biekapa\" \/>\n<meta property=\"og:description\" content=\"Biekapa Perfiladores | Fabricaci\u00f3n de Perfiles met\u00e1licos a trav\u00e9s de procesos de conformado en fr\u00edo para la agricultura, industria, sector energ\u00e9tico ...\" \/>\n<meta property=\"og:url\" content=\"https:\/\/www.biekapa.com\/en\/sostenibilidad\/\" \/>\n<meta property=\"og:site_name\" content=\"Biekapa\" \/>\n<meta property=\"article:modified_time\" content=\"2025-07-21T11:24:52+00:00\" \/>\n<meta property=\"og:image\" content=\"https:\/\/www.biekapa.com\/wp-content\/uploads\/2024\/02\/just.png\" \/>\n<meta name=\"twitter:card\" content=\"summary_large_image\" \/>\n<meta name=\"twitter:label1\" content=\"Est. reading time\" \/>\n\t<meta name=\"twitter:data1\" content=\"2 minutes\" \/>\n<script type=\"application\/ld+json\" class=\"yoast-schema-graph\">{\"@context\":\"https:\/\/schema.org\",\"@graph\":[{\"@type\":\"WebPage\",\"@id\":\"https:\/\/www.biekapa.com\/en\/sostenibilidad\/\",\"url\":\"https:\/\/www.biekapa.com\/en\/sostenibilidad\/\",\"name\":\"Sustainability - Biekapa\",\"isPartOf\":{\"@id\":\"https:\/\/www.biekapa.com\/#website\"},\"primaryImageOfPage\":{\"@id\":\"https:\/\/www.biekapa.com\/en\/sostenibilidad\/#primaryimage\"},\"image\":{\"@id\":\"https:\/\/www.biekapa.com\/en\/sostenibilidad\/#primaryimage\"},\"thumbnailUrl\":\"https:\/\/www.biekapa.com\/wp-content\/uploads\/2024\/02\/just.png\",\"datePublished\":\"2024-02-09T10:47:04+00:00\",\"dateModified\":\"2025-07-21T11:24:52+00:00\",\"description\":\"Biekapa Perfiladores | Fabricaci\u00f3n de Perfiles met\u00e1licos a trav\u00e9s de procesos de conformado en fr\u00edo para la agricultura, industria, sector energ\u00e9tico ...\",\"breadcrumb\":{\"@id\":\"https:\/\/www.biekapa.com\/en\/sostenibilidad\/#breadcrumb\"},\"inLanguage\":\"en-US\",\"potentialAction\":[{\"@type\":\"ReadAction\",\"target\":[\"https:\/\/www.biekapa.com\/en\/sostenibilidad\/\"]}]},{\"@type\":\"ImageObject\",\"inLanguage\":\"en-US\",\"@id\":\"https:\/\/www.biekapa.com\/en\/sostenibilidad\/#primaryimage\",\"url\":\"https:\/\/www.biekapa.com\/wp-content\/uploads\/2024\/02\/just.png\",\"contentUrl\":\"https:\/\/www.biekapa.com\/wp-content\/uploads\/2024\/02\/just.png\"},{\"@type\":\"BreadcrumbList\",\"@id\":\"https:\/\/www.biekapa.com\/en\/sostenibilidad\/#breadcrumb\",\"itemListElement\":[{\"@type\":\"ListItem\",\"position\":1,\"name\":\"Portada\",\"item\":\"https:\/\/www.biekapa.com\/en\/\"},{\"@type\":\"ListItem\",\"position\":2,\"name\":\"Sustainability\"}]},{\"@type\":\"WebSite\",\"@id\":\"https:\/\/www.biekapa.com\/#website\",\"url\":\"https:\/\/www.biekapa.com\/\",\"name\":\"Biekapa\",\"description\":\"Perfiladores\",\"potentialAction\":[{\"@type\":\"SearchAction\",\"target\":{\"@type\":\"EntryPoint\",\"urlTemplate\":\"https:\/\/www.biekapa.com\/?s={search_term_string}\"},\"query-input\":{\"@type\":\"PropertyValueSpecification\",\"valueRequired\":true,\"valueName\":\"search_term_string\"}}],\"inLanguage\":\"en-US\"}]}<\/script>\n<!-- \/ Yoast SEO plugin. -->","yoast_head_json":{"title":"Sustainability - Biekapa","description":"Biekapa Perfiladores | Fabricaci\u00f3n de Perfiles met\u00e1licos a trav\u00e9s de procesos de conformado en fr\u00edo para la agricultura, industria, sector energ\u00e9tico ...","robots":{"index":"index","follow":"follow","max-snippet":"max-snippet:-1","max-image-preview":"max-image-preview:large","max-video-preview":"max-video-preview:-1"},"canonical":"https:\/\/www.biekapa.com\/en\/sostenibilidad\/","og_locale":"en_US","og_type":"article","og_title":"Sustainability - Biekapa","og_description":"Biekapa Perfiladores | Fabricaci\u00f3n de Perfiles met\u00e1licos a trav\u00e9s de procesos de conformado en fr\u00edo para la agricultura, industria, sector energ\u00e9tico ...","og_url":"https:\/\/www.biekapa.com\/en\/sostenibilidad\/","og_site_name":"Biekapa","article_modified_time":"2025-07-21T11:24:52+00:00","og_image":[{"url":"https:\/\/www.biekapa.com\/wp-content\/uploads\/2024\/02\/just.png","type":"","width":"","height":""}],"twitter_card":"summary_large_image","twitter_misc":{"Est. reading time":"2 minutes"},"schema":{"@context":"https:\/\/schema.org","@graph":[{"@type":"WebPage","@id":"https:\/\/www.biekapa.com\/en\/sostenibilidad\/","url":"https:\/\/www.biekapa.com\/en\/sostenibilidad\/","name":"Sustainability - Biekapa","isPartOf":{"@id":"https:\/\/www.biekapa.com\/#website"},"primaryImageOfPage":{"@id":"https:\/\/www.biekapa.com\/en\/sostenibilidad\/#primaryimage"},"image":{"@id":"https:\/\/www.biekapa.com\/en\/sostenibilidad\/#primaryimage"},"thumbnailUrl":"https:\/\/www.biekapa.com\/wp-content\/uploads\/2024\/02\/just.png","datePublished":"2024-02-09T10:47:04+00:00","dateModified":"2025-07-21T11:24:52+00:00","description":"Biekapa Perfiladores | Fabricaci\u00f3n de Perfiles met\u00e1licos a trav\u00e9s de procesos de conformado en fr\u00edo para la agricultura, industria, sector energ\u00e9tico ...","breadcrumb":{"@id":"https:\/\/www.biekapa.com\/en\/sostenibilidad\/#breadcrumb"},"inLanguage":"en-US","potentialAction":[{"@type":"ReadAction","target":["https:\/\/www.biekapa.com\/en\/sostenibilidad\/"]}]},{"@type":"ImageObject","inLanguage":"en-US","@id":"https:\/\/www.biekapa.com\/en\/sostenibilidad\/#primaryimage","url":"https:\/\/www.biekapa.com\/wp-content\/uploads\/2024\/02\/just.png","contentUrl":"https:\/\/www.biekapa.com\/wp-content\/uploads\/2024\/02\/just.png"},{"@type":"BreadcrumbList","@id":"https:\/\/www.biekapa.com\/en\/sostenibilidad\/#breadcrumb","itemListElement":[{"@type":"ListItem","position":1,"name":"Portada","item":"https:\/\/www.biekapa.com\/en\/"},{"@type":"ListItem","position":2,"name":"Sustainability"}]},{"@type":"WebSite","@id":"https:\/\/www.biekapa.com\/#website","url":"https:\/\/www.biekapa.com\/","name":"Biekapa","description":"Perfiladores","potentialAction":[{"@type":"SearchAction","target":{"@type":"EntryPoint","urlTemplate":"https:\/\/www.biekapa.com\/?s={search_term_string}"},"query-input":{"@type":"PropertyValueSpecification","valueRequired":true,"valueName":"search_term_string"}}],"inLanguage":"en-US"}]}},"_links":{"self":[{"href":"https:\/\/www.biekapa.com\/en\/wp-json\/wp\/v2\/pages\/5093","targetHints":{"allow":["GET"]}}],"collection":[{"href":"https:\/\/www.biekapa.com\/en\/wp-json\/wp\/v2\/pages"}],"about":[{"href":"https:\/\/www.biekapa.com\/en\/wp-json\/wp\/v2\/types\/page"}],"author":[{"embeddable":true,"href":"https:\/\/www.biekapa.com\/en\/wp-json\/wp\/v2\/users\/2"}],"replies":[{"embeddable":true,"href":"https:\/\/www.biekapa.com\/en\/wp-json\/wp\/v2\/comments?post=5093"}],"version-history":[{"count":9,"href":"https:\/\/www.biekapa.com\/en\/wp-json\/wp\/v2\/pages\/5093\/revisions"}],"predecessor-version":[{"id":7685,"href":"https:\/\/www.biekapa.com\/en\/wp-json\/wp\/v2\/pages\/5093\/revisions\/7685"}],"wp:attachment":[{"href":"https:\/\/www.biekapa.com\/en\/wp-json\/wp\/v2\/media?parent=5093"}],"curies":[{"name":"wp","href":"https:\/\/api.w.org\/{rel}","templated":true}]}}