{"id":1745,"date":"2018-11-21T15:48:55","date_gmt":"2018-11-21T14:48:55","guid":{"rendered":"https:\/\/www.biekapa.com\/biekapa-perfiladores\/empresa\/"},"modified":"2020-09-16T16:36:29","modified_gmt":"2020-09-16T15:36:29","slug":"empresa","status":"publish","type":"page","link":"https:\/\/www.biekapa.com\/eu\/biekapa-perfiladores\/empresa\/","title":{"rendered":"Enpresa"},"content":{"rendered":"\n<style type=\"text\/css\" data-created_by=\"avia_inline_auto\" id=\"style-css-av-dbz1uz-8021d417507b76579e87a4b88fdbaa9c\">\n.avia-section.av-dbz1uz-8021d417507b76579e87a4b88fdbaa9c{\nbackground-color:#ffffff;\nbackground-image:url(https:\/\/www.biekapa.com\/wp-content\/uploads\/2018\/11\/1-1.jpg);\nbackground-repeat:no-repeat;\nbackground-position:0% 0%;\nbackground-attachment:fixed;\n}\n.avia-section.av-dbz1uz-8021d417507b76579e87a4b88fdbaa9c .av-extra-border-element .av-extra-border-inner{\nbackground-color:#ffffff;\n}\n<\/style>\n<div id='av_section_1'  class='avia-section av-dbz1uz-8021d417507b76579e87a4b88fdbaa9c main_color avia-section-large avia-no-border-styling  avia-builder-el-0  el_before_av_section  avia-builder-el-first  avia-full-stretch avia-bg-style-fixed container_wrap fullsize'  data-section-bg-repeat='stretch'><div class=\"av-section-color-overlay-wrap\"><a href='#next-section' title='' class='scroll-down-link ' aria-hidden='true' data-av_icon='\ue877' data-av_iconfont='entypo-fontello'><\/a><div class='container av-section-cont-open' ><main  role=\"main\" itemprop=\"mainContentOfPage\"  class='template-page content  av-content-full alpha units'><div class='post-entry post-entry-type-page post-entry-1745'><div class='entry-content-wrapper clearfix'>\n\n<style type=\"text\/css\" data-created_by=\"avia_inline_auto\" id=\"style-css-av-d0ldej-eb313229f87800d1b2795aa74d1454ec\">\n.flex_column.av-d0ldej-eb313229f87800d1b2795aa74d1454ec{\nborder-radius:0px 0px 0px 0px;\npadding:20px 20px 20px 20px;\n}\n<\/style>\n<div  class='flex_column av-d0ldej-eb313229f87800d1b2795aa74d1454ec av_one_full  avia-builder-el-1  avia-builder-el-no-sibling  first flex_column_div av-animated-generic top-to-bottom  '     ><p>\n<style type=\"text\/css\" data-created_by=\"avia_inline_auto\" id=\"style-css-av-ju2bnqj1-6bb3748c1751c8f1aaf9b4690c1e4c0b\">\n#top .av-special-heading.av-ju2bnqj1-6bb3748c1751c8f1aaf9b4690c1e4c0b{\npadding-bottom:0;\nfont-size:40px;\n}\nbody .av-special-heading.av-ju2bnqj1-6bb3748c1751c8f1aaf9b4690c1e4c0b .av-special-heading-tag .heading-char{\nfont-size:25px;\n}\n#top #wrap_all .av-special-heading.av-ju2bnqj1-6bb3748c1751c8f1aaf9b4690c1e4c0b .av-special-heading-tag{\nfont-size:40px;\n}\n.av-special-heading.av-ju2bnqj1-6bb3748c1751c8f1aaf9b4690c1e4c0b .av-subheading{\nfont-size:15px;\n}\n\n@media only screen and (min-width: 480px) and (max-width: 767px){ \n#top #wrap_all .av-special-heading.av-ju2bnqj1-6bb3748c1751c8f1aaf9b4690c1e4c0b .av-special-heading-tag{\nfont-size:0.8em;\n}\n}\n\n@media only screen and (max-width: 479px){ \n#top #wrap_all .av-special-heading.av-ju2bnqj1-6bb3748c1751c8f1aaf9b4690c1e4c0b .av-special-heading-tag{\nfont-size:0.8em;\n}\n}\n<\/style>\n<div  class='av-special-heading av-ju2bnqj1-6bb3748c1751c8f1aaf9b4690c1e4c0b av-special-heading-h3 blockquote modern-quote modern-centered  avia-builder-el-2  el_before_av_hr  avia-builder-el-first  av-inherit-size'><h3 class='av-special-heading-tag'  itemprop=\"headline\"  >ENPRESA<\/h3><div class=\"special-heading-border\"><div class=\"special-heading-inner-border\"><\/div><\/div><\/div><br \/>\n\n<style type=\"text\/css\" data-created_by=\"avia_inline_auto\" id=\"style-css-av-cotw17-3b2264b6cc8369b855d06d1687662b1f\">\n#top .hr.av-cotw17-3b2264b6cc8369b855d06d1687662b1f{\nmargin-top:30px;\nmargin-bottom:30px;\n}\n.hr.av-cotw17-3b2264b6cc8369b855d06d1687662b1f .hr-inner{\nwidth:50px;\nborder-color:#000000;\n}\n<\/style>\n<div  class='hr av-cotw17-3b2264b6cc8369b855d06d1687662b1f hr-custom  avia-builder-el-3  el_after_av_heading  el_before_av_textblock  hr-center hr-icon-no'><span class='hr-inner inner-border-av-border-thin'><span class=\"hr-inner-style\"><\/span><\/span><\/div><br \/>\n\n<style type=\"text\/css\" data-created_by=\"avia_inline_auto\" id=\"style-css-av-ckg50r-3352883846c88c01836270e522f82d9e\">\n#top .av_textblock_section.av-ckg50r-3352883846c88c01836270e522f82d9e .avia_textblock{\nfont-size:22px;\n}\n<\/style>\n<section  class='av_textblock_section av-ckg50r-3352883846c88c01836270e522f82d9e '   itemscope=\"itemscope\" itemtype=\"https:\/\/schema.org\/CreativeWork\" ><div class='avia_textblock'  itemprop=\"text\" ><p style=\"text-align: center;\">BIEKAPAn, hotzean konformaturiko altzairuzko profilak egiten ditugu. Gure estrategia eta filosofiaren xedea da bezeroaren beharrak ulertzea eta harekin elkarlanean aritzeko eredurik onena zehaztea: hala profilen fabrikazio hutsa nola industria-lankidetzako proiektuen baterako definizioa.<\/p>\n<\/div><\/section><br \/>\n\n<style type=\"text\/css\" data-created_by=\"avia_inline_auto\" id=\"style-css-av-18mj7n-9832996e7f68f36e029e69f9dea61c65\">\n#top .hr.hr-invisible.av-18mj7n-9832996e7f68f36e029e69f9dea61c65{\nheight:120px;\n}\n<\/style>\n<div  class='hr av-18mj7n-9832996e7f68f36e029e69f9dea61c65 hr-invisible  avia-builder-el-5  el_after_av_textblock  avia-builder-el-last '><span class='hr-inner '><span class=\"hr-inner-style\"><\/span><\/span><\/div><\/p><\/div><\/div><\/div><\/main><!-- close content main element --><\/div><div class='av-extra-border-element border-extra-diagonal  diagonal-box-shadow'><div class='av-extra-border-outer'><div class='av-extra-border-inner'><\/div><\/div><\/div><\/div><\/div><div id='av_section_2'  class='avia-section av-45na-5928aef6d90c35c7128e07b7a1a105b6 main_color avia-section-default avia-no-border-styling  avia-builder-el-6  el_after_av_section  avia-builder-el-last  avia-bg-style-scroll container_wrap fullsize'  ><div class='container av-section-cont-open' ><div class='template-page content  av-content-full alpha units'><div class='post-entry post-entry-type-page post-entry-1745'><div class='entry-content-wrapper clearfix'>\n\n<style type=\"text\/css\" data-created_by=\"avia_inline_auto\" id=\"style-css-av-554i-80d80252d7b2e985ccf98c3f90618554\">\n.flex_column.av-554i-80d80252d7b2e985ccf98c3f90618554{\nborder-radius:0px 0px 0px 0px;\npadding:0px 0px 0px 0px;\n}\n<\/style>\n<div  class='flex_column av-554i-80d80252d7b2e985ccf98c3f90618554 av_one_half  avia-builder-el-7  el_before_av_one_half  avia-builder-el-first  first flex_column_div av-zero-column-padding  '     ><section  class='av_textblock_section av-jotxvakk-472a07899708aeac06d9efe28b1e62fb '   itemscope=\"itemscope\" itemtype=\"https:\/\/schema.org\/CreativeWork\" ><div class='avia_textblock'  itemprop=\"text\" ><p style=\"text-align: justify;\">Biekapa 2017an jaio zen, profil metalikoen hotzeko konformatu prozesuen bidez altzairuzko profilen fabrikazioaren sektorean eskarmentu zabala zuten bi enpresak bat egin ostean: batetik, KAPA PERFILES, SL, pladur-sistemetarako profiletan espezializatua; bestetik, BIEK PERFILADORES,SL, nekazaritza, industria, energiaren sektore eta eraikuntzarako profilen fabrikazioan espezializatua.<\/p>\n<p style=\"text-align: justify;\">Enpresa biek 2000. urtean hasi zuten beren jarduera, eremu geografiko berean. Espainiaren eta Frantziaren arteko muga betean dagoenez, BIEKAPA enpresa egun esportatzailea da gehienbat, eta nazioarteko bokazio argia du.<\/p>\n<p style=\"text-align: justify;\">BIEKAPAk ezin hobeto ezagutzen du profil metalikoen hotzeko konformatuaren sektorea, hala ekoizpenari nola merkatuari dagokienez; enpresaren &#8220;know how&#8221; 20 urteko eskarmentuaren eta bezeroen behar zein eskakizunei erantzutearen emaitza da; instalazioak eta ekoizpen-gaitasuna egiten dituen negozioen araberakoak dit; eta erakunde eskarmentudun, profesional eta erronkazalea da.<\/p>\n<\/div><\/section><\/div>\n<style type=\"text\/css\" data-created_by=\"avia_inline_auto\" id=\"style-css-av-3rts-c0047074deb3d855c4fbd8f0f89dd079\">\n.flex_column.av-3rts-c0047074deb3d855c4fbd8f0f89dd079{\nborder-radius:0px 0px 0px 0px;\npadding:0px 0px 0px 0px;\n}\n<\/style>\n<div  class='flex_column av-3rts-c0047074deb3d855c4fbd8f0f89dd079 av_one_half  avia-builder-el-9  el_after_av_one_half  avia-builder-el-last  flex_column_div av-zero-column-padding  '     ><section  class='av_textblock_section av-jotxvakk-472a07899708aeac06d9efe28b1e62fb '   itemscope=\"itemscope\" itemtype=\"https:\/\/schema.org\/CreativeWork\" ><div class='avia_textblock'  itemprop=\"text\" ><p style=\"text-align: justify;\">Enpresa gazte eta dinamiko hau kalitateaz arduratzen dela eskuratu dituen ziurtagiriek erakusten dute. BIEKAPAk, bere katalogoan, estatuko eta atzerriko kalitate-erakundeen ziurtagiriak (N AENOR, NF CSTB\u2026) eskuratu dituzten produktuak ditu.<\/p>\n<p style=\"text-align: justify;\">Laburbilduta, BIEKAPA ibilbide sendoko bi proiektuk bat egin izanaren emaitza da; sektorean enpresa liderra izateko asmoz batu zituzten indarrak, ezagutza zabaleko eta gaitasun ugariko enpresa, merkatuko beharrei erantzun eta produkturik onena fabrikatzeko, preziorik onenean egiteko eta zerbitzurik onena emateko prest.<\/p>\n<\/div><\/section><br \/>\n\n<style type=\"text\/css\" data-created_by=\"avia_inline_auto\" id=\"style-css-av-cotw17-88dbe571f579905c0a37d5bb54e96760\">\n#top .hr.hr-invisible.av-cotw17-88dbe571f579905c0a37d5bb54e96760{\nheight:30px;\n}\n<\/style>\n<div  class='hr av-cotw17-88dbe571f579905c0a37d5bb54e96760 hr-invisible  avia-builder-el-11  el_after_av_textblock  el_before_av_image '><span class='hr-inner '><span class=\"hr-inner-style\"><\/span><\/span><\/div><br \/>\n\n<style type=\"text\/css\" data-created_by=\"avia_inline_auto\" id=\"style-css-av-jpfeyrgx-c3ab81d31de96b711d7e532b89deb98e\">\n.avia-image-container.av-jpfeyrgx-c3ab81d31de96b711d7e532b89deb98e img.avia_image{\nbox-shadow:none;\n}\n.avia-image-container.av-jpfeyrgx-c3ab81d31de96b711d7e532b89deb98e .av-image-caption-overlay-center{\ncolor:#ffffff;\n}\n<\/style>\n<div  class='avia-image-container av-jpfeyrgx-c3ab81d31de96b711d7e532b89deb98e av-styling- avia-align-right  avia-builder-el-12  el_after_av_hr  avia-builder-el-last '   itemprop=\"image\" itemscope=\"itemscope\" itemtype=\"https:\/\/schema.org\/ImageObject\" ><div class=\"avia-image-container-inner\"><div class=\"avia-image-overlay-wrap\"><img decoding=\"async\" fetchpriority=\"high\" class='wp-image-233 avia-img-lazy-loading-not-233 avia_image ' src=\"https:\/\/www.biekapa.com\/wp-content\/uploads\/2018\/11\/biekapa-perfiladores-logo.png\" alt='' title='biekapa-perfiladores-logo'  height=\"93\" width=\"323\"  itemprop=\"thumbnailUrl\" srcset=\"https:\/\/www.biekapa.com\/wp-content\/uploads\/2018\/11\/biekapa-perfiladores-logo.png 323w, https:\/\/www.biekapa.com\/wp-content\/uploads\/2018\/11\/biekapa-perfiladores-logo-300x86.png 300w\" sizes=\"(max-width: 323px) 100vw, 323px\" \/><\/div><\/div><\/div><\/p><\/div><\/p>\n","protected":false},"excerpt":{"rendered":"","protected":false},"author":2,"featured_media":0,"parent":1661,"menu_order":0,"comment_status":"closed","ping_status":"closed","template":"","meta":{"footnotes":""},"class_list":["post-1745","page","type-page","status-publish","hentry"],"yoast_head":"<!-- This site is optimized with the Yoast SEO plugin v27.1.1 - https:\/\/yoast.com\/product\/yoast-seo-wordpress\/ -->\n<title>Empresa | Biekapa Perfiladores | Fabricaci\u00f3n de Perfiles de acero Oiartzun<\/title>\n<meta name=\"description\" content=\"Desde la pura fabricaci\u00f3n de perfiles de acero a la definici\u00f3n conjunta de proyectos de colaboraci\u00f3n industrial | Biekapa Perfiladores | Oiartzun Gipuzkoa\" \/>\n<meta name=\"robots\" content=\"index, follow, max-snippet:-1, max-image-preview:large, max-video-preview:-1\" \/>\n<link rel=\"canonical\" href=\"https:\/\/www.biekapa.com\/eu\/biekapa-perfiladores\/empresa\/\" \/>\n<meta property=\"og:locale\" content=\"eu_ES\" \/>\n<meta property=\"og:type\" content=\"article\" \/>\n<meta property=\"og:title\" content=\"Empresa | Biekapa Perfiladores | Fabricaci\u00f3n de Perfiles de acero Oiartzun\" \/>\n<meta property=\"og:description\" content=\"Desde la pura fabricaci\u00f3n de perfiles de acero a la definici\u00f3n conjunta de proyectos de colaboraci\u00f3n industrial | Biekapa Perfiladores | Oiartzun Gipuzkoa\" \/>\n<meta property=\"og:url\" content=\"https:\/\/www.biekapa.com\/eu\/biekapa-perfiladores\/empresa\/\" \/>\n<meta property=\"og:site_name\" content=\"Biekapa\" \/>\n<meta property=\"article:modified_time\" content=\"2020-09-16T15:36:29+00:00\" \/>\n<meta name=\"twitter:card\" content=\"summary_large_image\" \/>\n<meta name=\"twitter:label1\" content=\"Est. reading time\" \/>\n\t<meta name=\"twitter:data1\" content=\"5 minutes\" \/>\n<script type=\"application\/ld+json\" class=\"yoast-schema-graph\">{\"@context\":\"https:\/\/schema.org\",\"@graph\":[{\"@type\":\"WebPage\",\"@id\":\"https:\/\/www.biekapa.com\/eu\/biekapa-perfiladores\/empresa\/\",\"url\":\"https:\/\/www.biekapa.com\/eu\/biekapa-perfiladores\/empresa\/\",\"name\":\"Empresa | Biekapa Perfiladores | Fabricaci\u00f3n de Perfiles de acero Oiartzun\",\"isPartOf\":{\"@id\":\"https:\/\/www.biekapa.com\/#website\"},\"datePublished\":\"2018-11-21T14:48:55+00:00\",\"dateModified\":\"2020-09-16T15:36:29+00:00\",\"description\":\"Desde la pura fabricaci\u00f3n de perfiles de acero a la definici\u00f3n conjunta de proyectos de colaboraci\u00f3n industrial | Biekapa Perfiladores | Oiartzun Gipuzkoa\",\"breadcrumb\":{\"@id\":\"https:\/\/www.biekapa.com\/eu\/biekapa-perfiladores\/empresa\/#breadcrumb\"},\"inLanguage\":\"eu-ES\",\"potentialAction\":[{\"@type\":\"ReadAction\",\"target\":[\"https:\/\/www.biekapa.com\/eu\/biekapa-perfiladores\/empresa\/\"]}]},{\"@type\":\"BreadcrumbList\",\"@id\":\"https:\/\/www.biekapa.com\/eu\/biekapa-perfiladores\/empresa\/#breadcrumb\",\"itemListElement\":[{\"@type\":\"ListItem\",\"position\":1,\"name\":\"Portada\",\"item\":\"https:\/\/www.biekapa.com\/eu\/\"},{\"@type\":\"ListItem\",\"position\":2,\"name\":\"Biekapa\",\"item\":\"https:\/\/www.biekapa.com\/eu\/\"},{\"@type\":\"ListItem\",\"position\":3,\"name\":\"Enpresa\"}]},{\"@type\":\"WebSite\",\"@id\":\"https:\/\/www.biekapa.com\/#website\",\"url\":\"https:\/\/www.biekapa.com\/\",\"name\":\"Biekapa\",\"description\":\"Perfiladores\",\"potentialAction\":[{\"@type\":\"SearchAction\",\"target\":{\"@type\":\"EntryPoint\",\"urlTemplate\":\"https:\/\/www.biekapa.com\/?s={search_term_string}\"},\"query-input\":{\"@type\":\"PropertyValueSpecification\",\"valueRequired\":true,\"valueName\":\"search_term_string\"}}],\"inLanguage\":\"eu-ES\"}]}<\/script>\n<!-- \/ Yoast SEO plugin. -->","yoast_head_json":{"title":"Empresa | Biekapa Perfiladores | Fabricaci\u00f3n de Perfiles de acero Oiartzun","description":"Desde la pura fabricaci\u00f3n de perfiles de acero a la definici\u00f3n conjunta de proyectos de colaboraci\u00f3n industrial | Biekapa Perfiladores | Oiartzun Gipuzkoa","robots":{"index":"index","follow":"follow","max-snippet":"max-snippet:-1","max-image-preview":"max-image-preview:large","max-video-preview":"max-video-preview:-1"},"canonical":"https:\/\/www.biekapa.com\/eu\/biekapa-perfiladores\/empresa\/","og_locale":"eu_ES","og_type":"article","og_title":"Empresa | Biekapa Perfiladores | Fabricaci\u00f3n de Perfiles de acero Oiartzun","og_description":"Desde la pura fabricaci\u00f3n de perfiles de acero a la definici\u00f3n conjunta de proyectos de colaboraci\u00f3n industrial | Biekapa Perfiladores | Oiartzun Gipuzkoa","og_url":"https:\/\/www.biekapa.com\/eu\/biekapa-perfiladores\/empresa\/","og_site_name":"Biekapa","article_modified_time":"2020-09-16T15:36:29+00:00","twitter_card":"summary_large_image","twitter_misc":{"Est. reading time":"5 minutes"},"schema":{"@context":"https:\/\/schema.org","@graph":[{"@type":"WebPage","@id":"https:\/\/www.biekapa.com\/eu\/biekapa-perfiladores\/empresa\/","url":"https:\/\/www.biekapa.com\/eu\/biekapa-perfiladores\/empresa\/","name":"Empresa | Biekapa Perfiladores | Fabricaci\u00f3n de Perfiles de acero Oiartzun","isPartOf":{"@id":"https:\/\/www.biekapa.com\/#website"},"datePublished":"2018-11-21T14:48:55+00:00","dateModified":"2020-09-16T15:36:29+00:00","description":"Desde la pura fabricaci\u00f3n de perfiles de acero a la definici\u00f3n conjunta de proyectos de colaboraci\u00f3n industrial | Biekapa Perfiladores | Oiartzun Gipuzkoa","breadcrumb":{"@id":"https:\/\/www.biekapa.com\/eu\/biekapa-perfiladores\/empresa\/#breadcrumb"},"inLanguage":"eu-ES","potentialAction":[{"@type":"ReadAction","target":["https:\/\/www.biekapa.com\/eu\/biekapa-perfiladores\/empresa\/"]}]},{"@type":"BreadcrumbList","@id":"https:\/\/www.biekapa.com\/eu\/biekapa-perfiladores\/empresa\/#breadcrumb","itemListElement":[{"@type":"ListItem","position":1,"name":"Portada","item":"https:\/\/www.biekapa.com\/eu\/"},{"@type":"ListItem","position":2,"name":"Biekapa","item":"https:\/\/www.biekapa.com\/eu\/"},{"@type":"ListItem","position":3,"name":"Enpresa"}]},{"@type":"WebSite","@id":"https:\/\/www.biekapa.com\/#website","url":"https:\/\/www.biekapa.com\/","name":"Biekapa","description":"Perfiladores","potentialAction":[{"@type":"SearchAction","target":{"@type":"EntryPoint","urlTemplate":"https:\/\/www.biekapa.com\/?s={search_term_string}"},"query-input":{"@type":"PropertyValueSpecification","valueRequired":true,"valueName":"search_term_string"}}],"inLanguage":"eu-ES"}]}},"_links":{"self":[{"href":"https:\/\/www.biekapa.com\/eu\/wp-json\/wp\/v2\/pages\/1745","targetHints":{"allow":["GET"]}}],"collection":[{"href":"https:\/\/www.biekapa.com\/eu\/wp-json\/wp\/v2\/pages"}],"about":[{"href":"https:\/\/www.biekapa.com\/eu\/wp-json\/wp\/v2\/types\/page"}],"author":[{"embeddable":true,"href":"https:\/\/www.biekapa.com\/eu\/wp-json\/wp\/v2\/users\/2"}],"replies":[{"embeddable":true,"href":"https:\/\/www.biekapa.com\/eu\/wp-json\/wp\/v2\/comments?post=1745"}],"version-history":[{"count":3,"href":"https:\/\/www.biekapa.com\/eu\/wp-json\/wp\/v2\/pages\/1745\/revisions"}],"predecessor-version":[{"id":1748,"href":"https:\/\/www.biekapa.com\/eu\/wp-json\/wp\/v2\/pages\/1745\/revisions\/1748"}],"up":[{"embeddable":true,"href":"https:\/\/www.biekapa.com\/eu\/wp-json\/wp\/v2\/pages\/1661"}],"wp:attachment":[{"href":"https:\/\/www.biekapa.com\/eu\/wp-json\/wp\/v2\/media?parent=1745"}],"curies":[{"name":"wp","href":"https:\/\/api.w.org\/{rel}","templated":true}]}}