{"id":5006,"date":"2024-02-02T10:21:46","date_gmt":"2024-02-02T09:21:46","guid":{"rendered":"https:\/\/www.biekapa.com\/sostenibilidad\/"},"modified":"2025-07-21T12:23:18","modified_gmt":"2025-07-21T11:23:18","slug":"jasangarritasuna","status":"publish","type":"page","link":"https:\/\/www.biekapa.com\/eu\/jasangarritasuna\/","title":{"rendered":"Jasangarritasuna"},"content":{"rendered":"\n<style type=\"text\/css\" data-created_by=\"avia_inline_auto\" id=\"style-css-av-dbz1uz-19085bf6ff2b0b5b844e2d29229a3f14\">\n.avia-section.av-dbz1uz-19085bf6ff2b0b5b844e2d29229a3f14{\nbackground-color:#ffffff;\nbackground-image:url(https:\/\/www.biekapa.com\/wp-content\/uploads\/2018\/12\/Biekapa-Perfiles-Gipuzkoa-00003.jpg);\nbackground-repeat:no-repeat;\nbackground-position:0% 0%;\nbackground-attachment:fixed;\n}\n.avia-section.av-dbz1uz-19085bf6ff2b0b5b844e2d29229a3f14 .av-section-color-overlay{\nopacity:0.6;\nbackground-color:#ffffff;\n}\n.avia-section.av-dbz1uz-19085bf6ff2b0b5b844e2d29229a3f14 .av-extra-border-element .av-extra-border-inner{\nbackground-color:#ffffff;\n}\n<\/style>\n<div id='av_section_1'  class='avia-section av-dbz1uz-19085bf6ff2b0b5b844e2d29229a3f14 main_color avia-section-large avia-no-border-styling  avia-builder-el-0  avia-builder-el-no-sibling  avia-full-stretch avia-bg-style-fixed av-section-color-overlay-active container_wrap fullsize'  data-section-bg-repeat='stretch'><div class=\"av-section-color-overlay-wrap\"><div class=\"av-section-color-overlay\"><\/div><a href='#next-section' title='' class='scroll-down-link ' aria-hidden='true' data-av_icon='\ue877' data-av_iconfont='entypo-fontello'><\/a><div class='container av-section-cont-open' ><main  role=\"main\" itemprop=\"mainContentOfPage\"  class='template-page content  av-content-full alpha units'><div class='post-entry post-entry-type-page post-entry-5006'><div class='entry-content-wrapper clearfix'>\n\n<style type=\"text\/css\" data-created_by=\"avia_inline_auto\" id=\"style-css-av-d0ldej-eb313229f87800d1b2795aa74d1454ec\">\n.flex_column.av-d0ldej-eb313229f87800d1b2795aa74d1454ec{\nborder-radius:0px 0px 0px 0px;\npadding:20px 20px 20px 20px;\n}\n<\/style>\n<div  class='flex_column av-d0ldej-eb313229f87800d1b2795aa74d1454ec av_one_full  avia-builder-el-1  el_before_av_two_fifth  avia-builder-el-first  first flex_column_div av-animated-generic top-to-bottom  '     ><p>\n<style type=\"text\/css\" data-created_by=\"avia_inline_auto\" id=\"style-css-av-7sjvl-b40c5292aed4cb2fe201e6699742879c\">\n#top .av-special-heading.av-7sjvl-b40c5292aed4cb2fe201e6699742879c{\npadding-bottom:0;\nfont-size:40px;\n}\nbody .av-special-heading.av-7sjvl-b40c5292aed4cb2fe201e6699742879c .av-special-heading-tag .heading-char{\nfont-size:25px;\n}\n#top #wrap_all .av-special-heading.av-7sjvl-b40c5292aed4cb2fe201e6699742879c .av-special-heading-tag{\nfont-size:40px;\n}\n.av-special-heading.av-7sjvl-b40c5292aed4cb2fe201e6699742879c .av-subheading{\nfont-size:15px;\n}\n\n@media only screen and (min-width: 480px) and (max-width: 767px){ \n#top #wrap_all .av-special-heading.av-7sjvl-b40c5292aed4cb2fe201e6699742879c .av-special-heading-tag{\nfont-size:0.8em;\n}\n}\n\n@media only screen and (max-width: 479px){ \n#top #wrap_all .av-special-heading.av-7sjvl-b40c5292aed4cb2fe201e6699742879c .av-special-heading-tag{\nfont-size:0.8em;\n}\n}\n<\/style>\n<div  class='av-special-heading av-7sjvl-b40c5292aed4cb2fe201e6699742879c av-special-heading-h3 blockquote modern-quote modern-centered  avia-builder-el-2  el_before_av_hr  avia-builder-el-first  av-inherit-size av-linked-heading'><h3 class='av-special-heading-tag'  itemprop=\"headline\"  >JASANGARRITASUNA<\/h3><div class=\"special-heading-border\"><div class=\"special-heading-inner-border\"><\/div><\/div><\/div><br \/>\n\n<style type=\"text\/css\" data-created_by=\"avia_inline_auto\" id=\"style-css-av-cotw17-3b2264b6cc8369b855d06d1687662b1f\">\n#top .hr.av-cotw17-3b2264b6cc8369b855d06d1687662b1f{\nmargin-top:30px;\nmargin-bottom:30px;\n}\n.hr.av-cotw17-3b2264b6cc8369b855d06d1687662b1f .hr-inner{\nwidth:50px;\nborder-color:#000000;\n}\n<\/style>\n<div  class='hr av-cotw17-3b2264b6cc8369b855d06d1687662b1f hr-custom  avia-builder-el-3  el_after_av_heading  el_before_av_textblock  hr-center hr-icon-no'><span class='hr-inner inner-border-av-border-thin'><span class=\"hr-inner-style\"><\/span><\/span><\/div><br \/>\n\n<style type=\"text\/css\" data-created_by=\"avia_inline_auto\" id=\"style-css-av-ckg50r-4f86147825ed7c940bd7bee7050b5278\">\n#top .av_textblock_section.av-ckg50r-4f86147825ed7c940bd7bee7050b5278 .avia_textblock{\nfont-size:22px;\n}\n<\/style>\n<section  class='av_textblock_section av-ckg50r-4f86147825ed7c940bd7bee7050b5278 '   itemscope=\"itemscope\" itemtype=\"https:\/\/schema.org\/CreativeWork\" ><div class='avia_textblock'  itemprop=\"text\" ><p style=\"text-align: center;\">BIEKAPA ingurumenarekiko eta jasangarritasunarekiko konprometituta dago. Konpromiso hori bere &#8220;Ingurumen Politika&#8221;-n jasota dago eta ISO 14001 ziurtagiriaren bidez aitortua.<\/p>\n<p style=\"text-align: center;\">Jasangarritasunarekiko konpromisoaren barruan, BIEKAPA fabrikatzen dituen produktuena bizitza zikloaren analisia egin du. Bizitza zikloaren analisia ingurumena kudeatzeko tresna bat da, eta bere helburua da objektiboki eta metodoz aztertzea, igeltzo-plakako sektoreko bere produktuen bizitza ziklo osoan sortzen den ingurumen-inpaktua. BIEKAPA Europako Eskualde Garapenerako Funtsaren onuraduna izan da, zeinak jasangarritasunaren eta ETEen lehiakortasunaren hazkundea indartzea du helburu, eta horren bidez 2024. urtean ETEen hazkunde jasangarria eta lehiakortasuna indartzeko Ekintza Plana abian jarri du. Horretarako Gipuzkoako Merkataritza Ganberako ETE Jasangarriaren Programaren laguntzaz baliatu da. #EuropaSeSiente.<\/p>\n<p style=\"text-align: center;\">Bestalde, BIEKAPA energia efizientziaren hobekuntzan eta energia berriztagarrien erabileran apustu egin du bere eguneroko jardueran. 2023. urtean BIEKAPA 220 kWko auto kontsumorako planta fotovoltaiko berri baten instalaziorako inbertsioa egin zuen. Planta hau 500 Wp-ko 603 panel zehatzek osatzen dute, FV monokristalinoaren teknologiaren bidez. Inbertsio hau 2018an egindako beste 100 kWko batekin batera dago, eta Next Generation funtsen, Europar Batasunak sustatutakoen, baita EVE (Euskal Energia Erakundeak) eta Ekologia Trantsizio eta Erronka Demografikoko Ministerioaren (IDAE) laguntza jaso du.<\/p>\n<p><img decoding=\"async\" class=\"aligncenter\" style=\"text-align: center;\" src=\"https:\/\/www.biekapa.com\/wp-content\/uploads\/2024\/02\/just.png\" \/><\/p>\n<\/div><\/section><\/p><\/div><div  class='flex_column av-25slri-5178b98949a1618af9f10f1c3ca747a8 av_two_fifth  avia-builder-el-5  el_after_av_one_full  el_before_av_one_fifth  first flex_column_div  column-top-margin'     ><p>\n<style type=\"text\/css\" data-created_by=\"avia_inline_auto\" id=\"style-css-av-lvxwmqh2-c98d589c9a86e9bbd6b46f2c21f1e482\">\n.avia-image-container.av-lvxwmqh2-c98d589c9a86e9bbd6b46f2c21f1e482 img.avia_image{\nbox-shadow:none;\n}\n.avia-image-container.av-lvxwmqh2-c98d589c9a86e9bbd6b46f2c21f1e482 .av-image-caption-overlay-center{\ncolor:#ffffff;\n}\n<\/style>\n<div  class='avia-image-container av-lvxwmqh2-c98d589c9a86e9bbd6b46f2c21f1e482 av-styling- avia-align-center  avia-builder-el-6  el_before_av_button  avia-builder-el-first '   itemprop=\"image\" itemscope=\"itemscope\" itemtype=\"https:\/\/schema.org\/ImageObject\" ><div class=\"avia-image-container-inner\"><div class=\"avia-image-overlay-wrap\"><a href=\"https:\/\/www.biekapa.com\/wp-content\/uploads\/2024\/09\/DC-IF-01.3.EUS-Politica-Medio-Ambiente.pdf\" class='avia_image'  aria-label='DC-IF-01.3.EUS Politica Medio Ambiente'><img decoding=\"async\" fetchpriority=\"high\" class='wp-image-6085 avia-img-lazy-loading-not-6085 avia_image ' src=\"https:\/\/www.biekapa.com\/wp-content\/uploads\/2024\/09\/DC-IF-01.3.EUS-Politica-Medio-Ambiente.gif\" alt='' title='DC-IF-01.3.EUS Politica Medio Ambiente'  height=\"647\" width=\"415\"  itemprop=\"thumbnailUrl\"  \/><\/a><\/div><\/div><\/div><br \/>\n<div  class='avia-button-wrap av-lvxwnhfp-34b0fb1cefdc6c6eb77b2c786b7ba01f-wrap avia-button-center  avia-builder-el-7  el_after_av_image  avia-builder-el-last '><a href='https:\/\/www.biekapa.com\/wp-content\/uploads\/2024\/09\/DC-IF-01.3.EUS-Politica-Medio-Ambiente.pdf'  class='avia-button av-lvxwnhfp-34b0fb1cefdc6c6eb77b2c786b7ba01f avia-icon_select-yes-left-icon avia-size-medium avia-position-center avia-color-theme-color'  ><span class='avia_button_icon avia_button_icon_left' aria-hidden='true' data-av_icon='\ue82d' data-av_iconfont='entypo-fontello'><\/span><span class='avia_iconbox_title' >Deskargatu ziurtagiria<\/span><\/a><\/div><\/p><\/div><div  class='flex_column av-3xyx26-666756551d3196972e832d211111a78e av_one_fifth  avia-builder-el-8  el_after_av_two_fifth  el_before_av_two_fifth  flex_column_div  column-top-margin'     ><\/div><div  class='flex_column av-5s217i-572983bdc8ef5ac1679698562206c40e av_two_fifth  avia-builder-el-9  el_after_av_one_fifth  el_before_av_hr  flex_column_div  column-top-margin'     ><p>\n<style type=\"text\/css\" data-created_by=\"avia_inline_auto\" id=\"style-css-av-4mctzy-ac233691494c836ec410a4fd5d19a379\">\n.avia-image-container.av-4mctzy-ac233691494c836ec410a4fd5d19a379 img.avia_image{\nbox-shadow:none;\n}\n.avia-image-container.av-4mctzy-ac233691494c836ec410a4fd5d19a379 .av-image-caption-overlay-center{\ncolor:#ffffff;\n}\n<\/style>\n<div  class='avia-image-container av-4mctzy-ac233691494c836ec410a4fd5d19a379 av-styling- avia-align-center  avia-builder-el-10  el_before_av_button  avia-builder-el-first '   itemprop=\"image\" itemscope=\"itemscope\" itemtype=\"https:\/\/schema.org\/ImageObject\" ><div class=\"avia-image-container-inner\"><div class=\"avia-image-overlay-wrap\"><a href=\"https:\/\/www.biekapa.com\/wp-content\/uploads\/2024\/05\/CertificadoGA-2024-0089_ES_2024-03-20.pdf\" class='avia_image'  aria-label='thumbGestionAmbiental'><img decoding=\"async\" fetchpriority=\"high\" class='wp-image-5572 avia-img-lazy-loading-not-5572 avia_image ' src=\"https:\/\/www.biekapa.com\/wp-content\/uploads\/2024\/05\/thumbGestionAmbiental.png\" alt='' title='thumbGestionAmbiental'  height=\"625\" width=\"447\"  itemprop=\"thumbnailUrl\" srcset=\"https:\/\/www.biekapa.com\/wp-content\/uploads\/2024\/05\/thumbGestionAmbiental.png 447w, https:\/\/www.biekapa.com\/wp-content\/uploads\/2024\/05\/thumbGestionAmbiental-215x300.png 215w\" sizes=\"(max-width: 447px) 100vw, 447px\" \/><\/a><\/div><\/div><\/div><br \/>\n<div  class='avia-button-wrap av-1ufftq-51cd7b97b8053c6f059ef1e688546d64-wrap avia-button-center  avia-builder-el-11  el_after_av_image  avia-builder-el-last '><a href='https:\/\/www.biekapa.com\/wp-content\/uploads\/2024\/05\/CertificadoGA-2024-0089_ES_2024-03-20.pdf'  class='avia-button av-1ufftq-51cd7b97b8053c6f059ef1e688546d64 avia-icon_select-yes-left-icon avia-size-medium avia-position-center avia-color-theme-color'  ><span class='avia_button_icon avia_button_icon_left' aria-hidden='true' data-av_icon='\ue82d' data-av_iconfont='entypo-fontello'><\/span><span class='avia_iconbox_title' >Deskargatu ziurtagiria<\/span><\/a><\/div><\/p><\/div>\n<style type=\"text\/css\" data-created_by=\"avia_inline_auto\" id=\"style-css-av-18mj7n-9832996e7f68f36e029e69f9dea61c65\">\n#top .hr.hr-invisible.av-18mj7n-9832996e7f68f36e029e69f9dea61c65{\nheight:120px;\n}\n<\/style>\n<div  class='hr av-18mj7n-9832996e7f68f36e029e69f9dea61c65 hr-invisible  avia-builder-el-12  el_after_av_two_fifth  avia-builder-el-last '><span class='hr-inner '><span class=\"hr-inner-style\"><\/span><\/span><\/div>\n\n","protected":false},"excerpt":{"rendered":"","protected":false},"author":2,"featured_media":0,"parent":0,"menu_order":58,"comment_status":"closed","ping_status":"closed","template":"","meta":{"footnotes":""},"class_list":["post-5006","page","type-page","status-publish","hentry"],"yoast_head":"<!-- This site is optimized with the Yoast SEO plugin v27.1.1 - https:\/\/yoast.com\/product\/yoast-seo-wordpress\/ -->\n<title>Cat\u00e1logos Biekapa Perfiladores | Fabricaci\u00f3n de Perfiles en Acero<\/title>\n<meta name=\"description\" content=\"Cat\u00e1logos Biekapa Perfiladores | Conoce toda nuestra gama de Perfiles para tabiquer\u00eda seca y nuestros Postes y Accesorios para Vi\u00f1edos. Oiartzun Gipuzkoa\" \/>\n<meta name=\"robots\" content=\"index, follow, max-snippet:-1, max-image-preview:large, max-video-preview:-1\" \/>\n<link rel=\"canonical\" href=\"https:\/\/www.biekapa.com\/eu\/jasangarritasuna\/\" \/>\n<meta property=\"og:locale\" content=\"eu_ES\" \/>\n<meta property=\"og:type\" content=\"article\" \/>\n<meta property=\"og:title\" content=\"Cat\u00e1logos Biekapa Perfiladores | Fabricaci\u00f3n de Perfiles en Acero\" \/>\n<meta property=\"og:description\" content=\"Cat\u00e1logos Biekapa Perfiladores | Conoce toda nuestra gama de Perfiles para tabiquer\u00eda seca y nuestros Postes y Accesorios para Vi\u00f1edos. Oiartzun Gipuzkoa\" \/>\n<meta property=\"og:url\" content=\"https:\/\/www.biekapa.com\/eu\/jasangarritasuna\/\" \/>\n<meta property=\"og:site_name\" content=\"Biekapa\" \/>\n<meta property=\"article:modified_time\" content=\"2025-07-21T11:23:18+00:00\" \/>\n<meta property=\"og:image\" content=\"https:\/\/www.biekapa.com\/wp-content\/uploads\/2024\/02\/just.png\" \/>\n<meta name=\"twitter:card\" content=\"summary_large_image\" \/>\n<meta name=\"twitter:label1\" content=\"Est. reading time\" \/>\n\t<meta name=\"twitter:data1\" content=\"2 minutes\" \/>\n<script type=\"application\/ld+json\" class=\"yoast-schema-graph\">{\"@context\":\"https:\/\/schema.org\",\"@graph\":[{\"@type\":\"WebPage\",\"@id\":\"https:\/\/www.biekapa.com\/eu\/jasangarritasuna\/\",\"url\":\"https:\/\/www.biekapa.com\/eu\/jasangarritasuna\/\",\"name\":\"Cat\u00e1logos Biekapa Perfiladores | Fabricaci\u00f3n de Perfiles en Acero\",\"isPartOf\":{\"@id\":\"https:\/\/www.biekapa.com\/#website\"},\"primaryImageOfPage\":{\"@id\":\"https:\/\/www.biekapa.com\/eu\/jasangarritasuna\/#primaryimage\"},\"image\":{\"@id\":\"https:\/\/www.biekapa.com\/eu\/jasangarritasuna\/#primaryimage\"},\"thumbnailUrl\":\"https:\/\/www.biekapa.com\/wp-content\/uploads\/2024\/02\/just.png\",\"datePublished\":\"2024-02-02T09:21:46+00:00\",\"dateModified\":\"2025-07-21T11:23:18+00:00\",\"description\":\"Cat\u00e1logos Biekapa Perfiladores | Conoce toda nuestra gama de Perfiles para tabiquer\u00eda seca y nuestros Postes y Accesorios para Vi\u00f1edos. Oiartzun Gipuzkoa\",\"breadcrumb\":{\"@id\":\"https:\/\/www.biekapa.com\/eu\/jasangarritasuna\/#breadcrumb\"},\"inLanguage\":\"eu-ES\",\"potentialAction\":[{\"@type\":\"ReadAction\",\"target\":[\"https:\/\/www.biekapa.com\/eu\/jasangarritasuna\/\"]}]},{\"@type\":\"ImageObject\",\"inLanguage\":\"eu-ES\",\"@id\":\"https:\/\/www.biekapa.com\/eu\/jasangarritasuna\/#primaryimage\",\"url\":\"https:\/\/www.biekapa.com\/wp-content\/uploads\/2024\/02\/just.png\",\"contentUrl\":\"https:\/\/www.biekapa.com\/wp-content\/uploads\/2024\/02\/just.png\"},{\"@type\":\"BreadcrumbList\",\"@id\":\"https:\/\/www.biekapa.com\/eu\/jasangarritasuna\/#breadcrumb\",\"itemListElement\":[{\"@type\":\"ListItem\",\"position\":1,\"name\":\"Portada\",\"item\":\"https:\/\/www.biekapa.com\/eu\/\"},{\"@type\":\"ListItem\",\"position\":2,\"name\":\"Jasangarritasuna\"}]},{\"@type\":\"WebSite\",\"@id\":\"https:\/\/www.biekapa.com\/#website\",\"url\":\"https:\/\/www.biekapa.com\/\",\"name\":\"Biekapa\",\"description\":\"Perfiladores\",\"potentialAction\":[{\"@type\":\"SearchAction\",\"target\":{\"@type\":\"EntryPoint\",\"urlTemplate\":\"https:\/\/www.biekapa.com\/?s={search_term_string}\"},\"query-input\":{\"@type\":\"PropertyValueSpecification\",\"valueRequired\":true,\"valueName\":\"search_term_string\"}}],\"inLanguage\":\"eu-ES\"}]}<\/script>\n<!-- \/ Yoast SEO plugin. -->","yoast_head_json":{"title":"Cat\u00e1logos Biekapa Perfiladores | Fabricaci\u00f3n de Perfiles en Acero","description":"Cat\u00e1logos Biekapa Perfiladores | Conoce toda nuestra gama de Perfiles para tabiquer\u00eda seca y nuestros Postes y Accesorios para Vi\u00f1edos. Oiartzun Gipuzkoa","robots":{"index":"index","follow":"follow","max-snippet":"max-snippet:-1","max-image-preview":"max-image-preview:large","max-video-preview":"max-video-preview:-1"},"canonical":"https:\/\/www.biekapa.com\/eu\/jasangarritasuna\/","og_locale":"eu_ES","og_type":"article","og_title":"Cat\u00e1logos Biekapa Perfiladores | Fabricaci\u00f3n de Perfiles en Acero","og_description":"Cat\u00e1logos Biekapa Perfiladores | Conoce toda nuestra gama de Perfiles para tabiquer\u00eda seca y nuestros Postes y Accesorios para Vi\u00f1edos. Oiartzun Gipuzkoa","og_url":"https:\/\/www.biekapa.com\/eu\/jasangarritasuna\/","og_site_name":"Biekapa","article_modified_time":"2025-07-21T11:23:18+00:00","og_image":[{"url":"https:\/\/www.biekapa.com\/wp-content\/uploads\/2024\/02\/just.png","type":"","width":"","height":""}],"twitter_card":"summary_large_image","twitter_misc":{"Est. reading time":"2 minutes"},"schema":{"@context":"https:\/\/schema.org","@graph":[{"@type":"WebPage","@id":"https:\/\/www.biekapa.com\/eu\/jasangarritasuna\/","url":"https:\/\/www.biekapa.com\/eu\/jasangarritasuna\/","name":"Cat\u00e1logos Biekapa Perfiladores | Fabricaci\u00f3n de Perfiles en Acero","isPartOf":{"@id":"https:\/\/www.biekapa.com\/#website"},"primaryImageOfPage":{"@id":"https:\/\/www.biekapa.com\/eu\/jasangarritasuna\/#primaryimage"},"image":{"@id":"https:\/\/www.biekapa.com\/eu\/jasangarritasuna\/#primaryimage"},"thumbnailUrl":"https:\/\/www.biekapa.com\/wp-content\/uploads\/2024\/02\/just.png","datePublished":"2024-02-02T09:21:46+00:00","dateModified":"2025-07-21T11:23:18+00:00","description":"Cat\u00e1logos Biekapa Perfiladores | Conoce toda nuestra gama de Perfiles para tabiquer\u00eda seca y nuestros Postes y Accesorios para Vi\u00f1edos. Oiartzun Gipuzkoa","breadcrumb":{"@id":"https:\/\/www.biekapa.com\/eu\/jasangarritasuna\/#breadcrumb"},"inLanguage":"eu-ES","potentialAction":[{"@type":"ReadAction","target":["https:\/\/www.biekapa.com\/eu\/jasangarritasuna\/"]}]},{"@type":"ImageObject","inLanguage":"eu-ES","@id":"https:\/\/www.biekapa.com\/eu\/jasangarritasuna\/#primaryimage","url":"https:\/\/www.biekapa.com\/wp-content\/uploads\/2024\/02\/just.png","contentUrl":"https:\/\/www.biekapa.com\/wp-content\/uploads\/2024\/02\/just.png"},{"@type":"BreadcrumbList","@id":"https:\/\/www.biekapa.com\/eu\/jasangarritasuna\/#breadcrumb","itemListElement":[{"@type":"ListItem","position":1,"name":"Portada","item":"https:\/\/www.biekapa.com\/eu\/"},{"@type":"ListItem","position":2,"name":"Jasangarritasuna"}]},{"@type":"WebSite","@id":"https:\/\/www.biekapa.com\/#website","url":"https:\/\/www.biekapa.com\/","name":"Biekapa","description":"Perfiladores","potentialAction":[{"@type":"SearchAction","target":{"@type":"EntryPoint","urlTemplate":"https:\/\/www.biekapa.com\/?s={search_term_string}"},"query-input":{"@type":"PropertyValueSpecification","valueRequired":true,"valueName":"search_term_string"}}],"inLanguage":"eu-ES"}]}},"_links":{"self":[{"href":"https:\/\/www.biekapa.com\/eu\/wp-json\/wp\/v2\/pages\/5006","targetHints":{"allow":["GET"]}}],"collection":[{"href":"https:\/\/www.biekapa.com\/eu\/wp-json\/wp\/v2\/pages"}],"about":[{"href":"https:\/\/www.biekapa.com\/eu\/wp-json\/wp\/v2\/types\/page"}],"author":[{"embeddable":true,"href":"https:\/\/www.biekapa.com\/eu\/wp-json\/wp\/v2\/users\/2"}],"replies":[{"embeddable":true,"href":"https:\/\/www.biekapa.com\/eu\/wp-json\/wp\/v2\/comments?post=5006"}],"version-history":[{"count":12,"href":"https:\/\/www.biekapa.com\/eu\/wp-json\/wp\/v2\/pages\/5006\/revisions"}],"predecessor-version":[{"id":7684,"href":"https:\/\/www.biekapa.com\/eu\/wp-json\/wp\/v2\/pages\/5006\/revisions\/7684"}],"wp:attachment":[{"href":"https:\/\/www.biekapa.com\/eu\/wp-json\/wp\/v2\/media?parent=5006"}],"curies":[{"name":"wp","href":"https:\/\/api.w.org\/{rel}","templated":true}]}}