{"id":1081,"date":"2018-11-21T15:48:55","date_gmt":"2018-11-21T14:48:55","guid":{"rendered":"http:\/\/www.biekapa.com\/biekapa-perfiladores\/empresa\/"},"modified":"2020-09-16T16:36:01","modified_gmt":"2020-09-16T15:36:01","slug":"entreprise","status":"publish","type":"page","link":"https:\/\/www.biekapa.com\/fr\/biekapa-perfiladores\/entreprise\/","title":{"rendered":"Entreprise"},"content":{"rendered":"\n<style type=\"text\/css\" data-created_by=\"avia_inline_auto\" id=\"style-css-av-dbz1uz-8021d417507b76579e87a4b88fdbaa9c\">\n.avia-section.av-dbz1uz-8021d417507b76579e87a4b88fdbaa9c{\nbackground-color:#ffffff;\nbackground-image:url(https:\/\/www.biekapa.com\/wp-content\/uploads\/2018\/11\/1-1.jpg);\nbackground-repeat:no-repeat;\nbackground-position:0% 0%;\nbackground-attachment:fixed;\n}\n.avia-section.av-dbz1uz-8021d417507b76579e87a4b88fdbaa9c .av-extra-border-element .av-extra-border-inner{\nbackground-color:#ffffff;\n}\n<\/style>\n<div id='av_section_1'  class='avia-section av-dbz1uz-8021d417507b76579e87a4b88fdbaa9c main_color avia-section-large avia-no-border-styling  avia-builder-el-0  el_before_av_section  avia-builder-el-first  avia-full-stretch avia-bg-style-fixed container_wrap fullsize'  data-section-bg-repeat='stretch'><div class=\"av-section-color-overlay-wrap\"><a href='#next-section' title='' class='scroll-down-link ' aria-hidden='true' data-av_icon='\ue877' data-av_iconfont='entypo-fontello'><\/a><div class='container av-section-cont-open' ><main  role=\"main\" itemprop=\"mainContentOfPage\"  class='template-page content  av-content-full alpha units'><div class='post-entry post-entry-type-page post-entry-1081'><div class='entry-content-wrapper clearfix'>\n\n<style type=\"text\/css\" data-created_by=\"avia_inline_auto\" id=\"style-css-av-d0ldej-eb313229f87800d1b2795aa74d1454ec\">\n.flex_column.av-d0ldej-eb313229f87800d1b2795aa74d1454ec{\nborder-radius:0px 0px 0px 0px;\npadding:20px 20px 20px 20px;\n}\n<\/style>\n<div  class='flex_column av-d0ldej-eb313229f87800d1b2795aa74d1454ec av_one_full  avia-builder-el-1  avia-builder-el-no-sibling  first flex_column_div av-animated-generic top-to-bottom  '     ><p>\n<style type=\"text\/css\" data-created_by=\"avia_inline_auto\" id=\"style-css-av-jrqgefr7-79ba667a65405dff699f5424e3e166be\">\n#top .av-special-heading.av-jrqgefr7-79ba667a65405dff699f5424e3e166be{\npadding-bottom:0;\nfont-size:40px;\n}\nbody .av-special-heading.av-jrqgefr7-79ba667a65405dff699f5424e3e166be .av-special-heading-tag .heading-char{\nfont-size:25px;\n}\n#top #wrap_all .av-special-heading.av-jrqgefr7-79ba667a65405dff699f5424e3e166be .av-special-heading-tag{\nfont-size:40px;\n}\n.av-special-heading.av-jrqgefr7-79ba667a65405dff699f5424e3e166be .av-subheading{\nfont-size:15px;\n}\n\n@media only screen and (min-width: 480px) and (max-width: 767px){ \n#top #wrap_all .av-special-heading.av-jrqgefr7-79ba667a65405dff699f5424e3e166be .av-special-heading-tag{\nfont-size:0.8em;\n}\n}\n\n@media only screen and (max-width: 479px){ \n#top #wrap_all .av-special-heading.av-jrqgefr7-79ba667a65405dff699f5424e3e166be .av-special-heading-tag{\nfont-size:0.8em;\n}\n}\n<\/style>\n<div  class='av-special-heading av-jrqgefr7-79ba667a65405dff699f5424e3e166be av-special-heading-h3 blockquote modern-quote modern-centered  avia-builder-el-2  el_before_av_hr  avia-builder-el-first  av-inherit-size'><h3 class='av-special-heading-tag'  itemprop=\"headline\"  >ENTREPRISE<\/h3><div class=\"special-heading-border\"><div class=\"special-heading-inner-border\"><\/div><\/div><\/div><br \/>\n\n<style type=\"text\/css\" data-created_by=\"avia_inline_auto\" id=\"style-css-av-cotw17-3b2264b6cc8369b855d06d1687662b1f\">\n#top .hr.av-cotw17-3b2264b6cc8369b855d06d1687662b1f{\nmargin-top:30px;\nmargin-bottom:30px;\n}\n.hr.av-cotw17-3b2264b6cc8369b855d06d1687662b1f .hr-inner{\nwidth:50px;\nborder-color:#000000;\n}\n<\/style>\n<div  class='hr av-cotw17-3b2264b6cc8369b855d06d1687662b1f hr-custom  avia-builder-el-3  el_after_av_heading  el_before_av_textblock  hr-center hr-icon-no'><span class='hr-inner inner-border-av-border-thin'><span class=\"hr-inner-style\"><\/span><\/span><\/div><br \/>\n\n<style type=\"text\/css\" data-created_by=\"avia_inline_auto\" id=\"style-css-av-ckg50r-3352883846c88c01836270e522f82d9e\">\n#top .av_textblock_section.av-ckg50r-3352883846c88c01836270e522f82d9e .avia_textblock{\nfont-size:22px;\n}\n<\/style>\n<section  class='av_textblock_section av-ckg50r-3352883846c88c01836270e522f82d9e '   itemscope=\"itemscope\" itemtype=\"https:\/\/schema.org\/CreativeWork\" ><div class='avia_textblock'  itemprop=\"text\" ><p style=\"text-align: center;\">BIEKAPA fabrique des profils d\u2019acier \u00e0 travers d&#8217;une proc\u00e9dure de profilage \u00e0 froid. La strat\u00e9gie et philosophie de BIEKAPA cherche \u00e0 comprendre les besoins du client et \u00e0 d\u00e9finir le meilleur mod\u00e8le de collaboration : de la fabrication du produit proprement dite \u00e0 la d\u00e9finition conjointe de projets de collaboration industrielle.<\/p>\n<\/div><\/section><br \/>\n\n<style type=\"text\/css\" data-created_by=\"avia_inline_auto\" id=\"style-css-av-18mj7n-9832996e7f68f36e029e69f9dea61c65\">\n#top .hr.hr-invisible.av-18mj7n-9832996e7f68f36e029e69f9dea61c65{\nheight:120px;\n}\n<\/style>\n<div  class='hr av-18mj7n-9832996e7f68f36e029e69f9dea61c65 hr-invisible  avia-builder-el-5  el_after_av_textblock  avia-builder-el-last '><span class='hr-inner '><span class=\"hr-inner-style\"><\/span><\/span><\/div><\/p><\/div>\n\n<\/div><\/div><\/main><!-- close content main element --><\/div><div class='av-extra-border-element border-extra-diagonal  diagonal-box-shadow'><div class='av-extra-border-outer'><div class='av-extra-border-inner'><\/div><\/div><\/div><\/div><\/div><div id='av_section_2'  class='avia-section av-45na-5928aef6d90c35c7128e07b7a1a105b6 main_color avia-section-default avia-no-border-styling  avia-builder-el-6  el_after_av_section  avia-builder-el-last  avia-bg-style-scroll container_wrap fullsize'  ><div class='container av-section-cont-open' ><div class='template-page content  av-content-full alpha units'><div class='post-entry post-entry-type-page post-entry-1081'><div class='entry-content-wrapper clearfix'>\n\n<style type=\"text\/css\" data-created_by=\"avia_inline_auto\" id=\"style-css-av-554i-80d80252d7b2e985ccf98c3f90618554\">\n.flex_column.av-554i-80d80252d7b2e985ccf98c3f90618554{\nborder-radius:0px 0px 0px 0px;\npadding:0px 0px 0px 0px;\n}\n<\/style>\n<div  class='flex_column av-554i-80d80252d7b2e985ccf98c3f90618554 av_one_half  avia-builder-el-7  el_before_av_one_half  avia-builder-el-first  first flex_column_div av-zero-column-padding  '     ><section  class='av_textblock_section av-jotxvakk-472a07899708aeac06d9efe28b1e62fb '   itemscope=\"itemscope\" itemtype=\"https:\/\/schema.org\/CreativeWork\" ><div class='avia_textblock'  itemprop=\"text\" ><p style=\"text-align: justify;\">BIEKAPA a \u00e9t\u00e9 cr\u00e9\u00e9 en 2017 suite \u00e0 la fusion de deux entreprises poss\u00e9dant une grande exp\u00e9rience dans la fabrication de profiles d\u2019acier \u00e0 travers d&#8217;un proc\u00e9d\u00e9 de profilage \u00e0 froid\u00a0: d\u2019un c\u00f4t\u00e9 KAPA PERFILES S.L sp\u00e9cialis\u00e9e dans les ossatures m\u00e9talliques pour la plaque de pl\u00e2tre, d\u2019un autre c\u00f4t\u00e9 BIEK PERFILADORES S.L. fabricant de profiles pour l\u2019agriculture, l\u2019industrie, le secteur \u00e9nerg\u00e9tique et la construction.<\/p>\n<p style=\"text-align: justify;\">Chacune des entreprises a commenc\u00e9 ses activit\u00e9s en l\u2019an 2.000 avec une implantation dans la m\u00eame zone g\u00e9ographique. Cette localisation, proche de la fronti\u00e8re avec la France, a contribu\u00e9 \u00e0 que BIEKAPA soit aujourd\u2019hui une entreprise nettement exportatrice avec une forte vocation internationale.<\/p>\n<p style=\"text-align: justify;\">BIEKAPA poss\u00e8de une profonde connaissance du secteur du profilage \u00e0 froid, tant au niveau productif comme en ce qui concerne le march\u00e9 : son \u00absavoir-faire\u00a0\u00bb est issu de 20 ans d\u2019exp\u00e9rience et de donner r\u00e9ponses aux n\u00e9cessit\u00e9s et demandes des clients. BIEKAPA dispose d\u2019installations, d\u2019une capacit\u00e9 de production en accord avec les besoins du march\u00e9 et d\u2019une organisation exp\u00e9riment\u00e9e, professionnelle et toujours pr\u00eate \u00e0 relever de nouveaux d\u00e9fis.<\/p>\n<\/div><\/section><\/div>\n<style type=\"text\/css\" data-created_by=\"avia_inline_auto\" id=\"style-css-av-3rts-c0047074deb3d855c4fbd8f0f89dd079\">\n.flex_column.av-3rts-c0047074deb3d855c4fbd8f0f89dd079{\nborder-radius:0px 0px 0px 0px;\npadding:0px 0px 0px 0px;\n}\n<\/style>\n<div  class='flex_column av-3rts-c0047074deb3d855c4fbd8f0f89dd079 av_one_half  avia-builder-el-9  el_after_av_one_half  avia-builder-el-last  flex_column_div av-zero-column-padding  '     ><section  class='av_textblock_section av-jotxvakk-472a07899708aeac06d9efe28b1e62fb '   itemscope=\"itemscope\" itemtype=\"https:\/\/schema.org\/CreativeWork\" ><div class='avia_textblock'  itemprop=\"text\" ><p style=\"text-align: justify;\">BIEKAPA compte avec un d\u00e9partement technique propre et le professionnalisme et l\u2019exp\u00e9rience d\u2019une des meilleures \u00e9quipes techniques dans le d\u00e9veloppement des profils m\u00e9talliques au niveau europ\u00e9en.<\/p>\n<p style=\"text-align: justify;\">La pr\u00e9occupation pour la qualit\u00e9 est attest\u00e9e par les reconnaissances que dispose cette jeune et dynamique entreprise. Son catalogue se compose de produits certifi\u00e9s par des organismes de qualit\u00e9 tant national comme \u00e9trangers (N AENOR, NF CSTB).<\/p>\n<p style=\"text-align: justify;\">En d\u00e9finitive, BIEKAPA est le r\u00e9sultat de la fusion de deux entreprises de trajectoire consolid\u00e9e qui se sont compl\u00e9ment\u00e9es afin de former une entreprise leader en son secteur, disposant de connaissances, capacit\u00e9s et d\u2019une volont\u00e9 d\u2019\u00eatre pr\u00eat pour r\u00e9pondre aux besoins du march\u00e9 avec la fabrication du meilleur produit, au meilleur prix et avec le meilleur service.<\/p>\n<\/div><\/section><br \/>\n\n<style type=\"text\/css\" data-created_by=\"avia_inline_auto\" id=\"style-css-av-cotw17-88dbe571f579905c0a37d5bb54e96760\">\n#top .hr.hr-invisible.av-cotw17-88dbe571f579905c0a37d5bb54e96760{\nheight:30px;\n}\n<\/style>\n<div  class='hr av-cotw17-88dbe571f579905c0a37d5bb54e96760 hr-invisible  avia-builder-el-11  el_after_av_textblock  el_before_av_image '><span class='hr-inner '><span class=\"hr-inner-style\"><\/span><\/span><\/div><br \/>\n\n<style type=\"text\/css\" data-created_by=\"avia_inline_auto\" id=\"style-css-av-jpfeyrgx-0acecab81b476c4967277ee1fed28ea2\">\n.avia-image-container.av-jpfeyrgx-0acecab81b476c4967277ee1fed28ea2 img.avia_image{\nbox-shadow:none;\n}\n.avia-image-container.av-jpfeyrgx-0acecab81b476c4967277ee1fed28ea2 .av-image-caption-overlay-center{\ncolor:#ffffff;\n}\n<\/style>\n<div  class='avia-image-container av-jpfeyrgx-0acecab81b476c4967277ee1fed28ea2 av-styling- avia-align-right  avia-builder-el-12  el_after_av_hr  avia-builder-el-last '   itemprop=\"image\" itemscope=\"itemscope\" itemtype=\"https:\/\/schema.org\/ImageObject\" ><div class=\"avia-image-container-inner\"><div class=\"avia-image-overlay-wrap\"><img decoding=\"async\" fetchpriority=\"high\" class='wp-image-1526 avia-img-lazy-loading-not-1526 avia_image ' src=\"https:\/\/www.biekapa.com\/wp-content\/uploads\/2019\/02\/Biekapa-profileurs-300x78.png\" alt='' title='Biekapa profileurs'  height=\"78\" width=\"300\"  itemprop=\"thumbnailUrl\"  \/><\/div><\/div><\/div><\/p><\/div>\n","protected":false},"excerpt":{"rendered":"","protected":false},"author":2,"featured_media":0,"parent":1076,"menu_order":0,"comment_status":"closed","ping_status":"closed","template":"","meta":{"footnotes":""},"class_list":["post-1081","page","type-page","status-publish","hentry"],"yoast_head":"<!-- This site is optimized with the Yoast SEO plugin v27.1.1 - https:\/\/yoast.com\/product\/yoast-seo-wordpress\/ -->\n<title>Empresa | Biekapa Perfiladores | Fabricaci\u00f3n de Perfiles de acero Oiartzun<\/title>\n<meta name=\"description\" content=\"Desde la pura fabricaci\u00f3n de perfiles de acero a la definici\u00f3n conjunta de proyectos de colaboraci\u00f3n industrial | Biekapa Perfiladores | Oiartzun Gipuzkoa\" \/>\n<meta name=\"robots\" content=\"index, follow, max-snippet:-1, max-image-preview:large, max-video-preview:-1\" \/>\n<link rel=\"canonical\" href=\"https:\/\/www.biekapa.com\/biekapa-perfiladores\/empresa\/\" \/>\n<meta property=\"og:locale\" content=\"fr_FR\" \/>\n<meta property=\"og:type\" content=\"article\" \/>\n<meta property=\"og:title\" content=\"Empresa | Biekapa Perfiladores | Fabricaci\u00f3n de Perfiles de acero Oiartzun\" \/>\n<meta property=\"og:description\" content=\"Desde la pura fabricaci\u00f3n de perfiles de acero a la definici\u00f3n conjunta de proyectos de colaboraci\u00f3n industrial | Biekapa Perfiladores | Oiartzun Gipuzkoa\" \/>\n<meta property=\"og:url\" content=\"https:\/\/www.biekapa.com\/biekapa-perfiladores\/empresa\/\" \/>\n<meta property=\"og:site_name\" content=\"Biekapa\" \/>\n<meta property=\"article:modified_time\" content=\"2020-09-16T15:36:01+00:00\" \/>\n<meta name=\"twitter:card\" content=\"summary_large_image\" \/>\n<meta name=\"twitter:label1\" content=\"Est. reading time\" \/>\n\t<meta name=\"twitter:data1\" content=\"6 minutes\" \/>\n<script type=\"application\/ld+json\" class=\"yoast-schema-graph\">{\"@context\":\"https:\/\/schema.org\",\"@graph\":[{\"@type\":\"WebPage\",\"@id\":\"https:\/\/www.biekapa.com\/biekapa-perfiladores\/empresa\/\",\"url\":\"https:\/\/www.biekapa.com\/biekapa-perfiladores\/empresa\/\",\"name\":\"Empresa | Biekapa Perfiladores | Fabricaci\u00f3n de Perfiles de acero Oiartzun\",\"isPartOf\":{\"@id\":\"https:\/\/www.biekapa.com\/#website\"},\"datePublished\":\"2018-11-21T14:48:55+00:00\",\"dateModified\":\"2020-09-16T15:36:01+00:00\",\"description\":\"Desde la pura fabricaci\u00f3n de perfiles de acero a la definici\u00f3n conjunta de proyectos de colaboraci\u00f3n industrial | Biekapa Perfiladores | Oiartzun Gipuzkoa\",\"breadcrumb\":{\"@id\":\"https:\/\/www.biekapa.com\/biekapa-perfiladores\/empresa\/#breadcrumb\"},\"inLanguage\":\"fr-FR\",\"potentialAction\":[{\"@type\":\"ReadAction\",\"target\":[\"https:\/\/www.biekapa.com\/biekapa-perfiladores\/empresa\/\"]}]},{\"@type\":\"BreadcrumbList\",\"@id\":\"https:\/\/www.biekapa.com\/biekapa-perfiladores\/empresa\/#breadcrumb\",\"itemListElement\":[{\"@type\":\"ListItem\",\"position\":1,\"name\":\"Portada\",\"item\":\"https:\/\/www.biekapa.com\/fr\/\"},{\"@type\":\"ListItem\",\"position\":2,\"name\":\"Biekapa\",\"item\":\"https:\/\/www.biekapa.com\/fr\/\"},{\"@type\":\"ListItem\",\"position\":3,\"name\":\"Entreprise\"}]},{\"@type\":\"WebSite\",\"@id\":\"https:\/\/www.biekapa.com\/#website\",\"url\":\"https:\/\/www.biekapa.com\/\",\"name\":\"Biekapa\",\"description\":\"Perfiladores\",\"potentialAction\":[{\"@type\":\"SearchAction\",\"target\":{\"@type\":\"EntryPoint\",\"urlTemplate\":\"https:\/\/www.biekapa.com\/?s={search_term_string}\"},\"query-input\":{\"@type\":\"PropertyValueSpecification\",\"valueRequired\":true,\"valueName\":\"search_term_string\"}}],\"inLanguage\":\"fr-FR\"}]}<\/script>\n<!-- \/ Yoast SEO plugin. -->","yoast_head_json":{"title":"Empresa | Biekapa Perfiladores | Fabricaci\u00f3n de Perfiles de acero Oiartzun","description":"Desde la pura fabricaci\u00f3n de perfiles de acero a la definici\u00f3n conjunta de proyectos de colaboraci\u00f3n industrial | Biekapa Perfiladores | Oiartzun Gipuzkoa","robots":{"index":"index","follow":"follow","max-snippet":"max-snippet:-1","max-image-preview":"max-image-preview:large","max-video-preview":"max-video-preview:-1"},"canonical":"https:\/\/www.biekapa.com\/biekapa-perfiladores\/empresa\/","og_locale":"fr_FR","og_type":"article","og_title":"Empresa | Biekapa Perfiladores | Fabricaci\u00f3n de Perfiles de acero Oiartzun","og_description":"Desde la pura fabricaci\u00f3n de perfiles de acero a la definici\u00f3n conjunta de proyectos de colaboraci\u00f3n industrial | Biekapa Perfiladores | Oiartzun Gipuzkoa","og_url":"https:\/\/www.biekapa.com\/biekapa-perfiladores\/empresa\/","og_site_name":"Biekapa","article_modified_time":"2020-09-16T15:36:01+00:00","twitter_card":"summary_large_image","twitter_misc":{"Est. reading time":"6 minutes"},"schema":{"@context":"https:\/\/schema.org","@graph":[{"@type":"WebPage","@id":"https:\/\/www.biekapa.com\/biekapa-perfiladores\/empresa\/","url":"https:\/\/www.biekapa.com\/biekapa-perfiladores\/empresa\/","name":"Empresa | Biekapa Perfiladores | Fabricaci\u00f3n de Perfiles de acero Oiartzun","isPartOf":{"@id":"https:\/\/www.biekapa.com\/#website"},"datePublished":"2018-11-21T14:48:55+00:00","dateModified":"2020-09-16T15:36:01+00:00","description":"Desde la pura fabricaci\u00f3n de perfiles de acero a la definici\u00f3n conjunta de proyectos de colaboraci\u00f3n industrial | Biekapa Perfiladores | Oiartzun Gipuzkoa","breadcrumb":{"@id":"https:\/\/www.biekapa.com\/biekapa-perfiladores\/empresa\/#breadcrumb"},"inLanguage":"fr-FR","potentialAction":[{"@type":"ReadAction","target":["https:\/\/www.biekapa.com\/biekapa-perfiladores\/empresa\/"]}]},{"@type":"BreadcrumbList","@id":"https:\/\/www.biekapa.com\/biekapa-perfiladores\/empresa\/#breadcrumb","itemListElement":[{"@type":"ListItem","position":1,"name":"Portada","item":"https:\/\/www.biekapa.com\/fr\/"},{"@type":"ListItem","position":2,"name":"Biekapa","item":"https:\/\/www.biekapa.com\/fr\/"},{"@type":"ListItem","position":3,"name":"Entreprise"}]},{"@type":"WebSite","@id":"https:\/\/www.biekapa.com\/#website","url":"https:\/\/www.biekapa.com\/","name":"Biekapa","description":"Perfiladores","potentialAction":[{"@type":"SearchAction","target":{"@type":"EntryPoint","urlTemplate":"https:\/\/www.biekapa.com\/?s={search_term_string}"},"query-input":{"@type":"PropertyValueSpecification","valueRequired":true,"valueName":"search_term_string"}}],"inLanguage":"fr-FR"}]}},"_links":{"self":[{"href":"https:\/\/www.biekapa.com\/fr\/wp-json\/wp\/v2\/pages\/1081","targetHints":{"allow":["GET"]}}],"collection":[{"href":"https:\/\/www.biekapa.com\/fr\/wp-json\/wp\/v2\/pages"}],"about":[{"href":"https:\/\/www.biekapa.com\/fr\/wp-json\/wp\/v2\/types\/page"}],"author":[{"embeddable":true,"href":"https:\/\/www.biekapa.com\/fr\/wp-json\/wp\/v2\/users\/2"}],"replies":[{"embeddable":true,"href":"https:\/\/www.biekapa.com\/fr\/wp-json\/wp\/v2\/comments?post=1081"}],"version-history":[{"count":3,"href":"https:\/\/www.biekapa.com\/fr\/wp-json\/wp\/v2\/pages\/1081\/revisions"}],"predecessor-version":[{"id":1535,"href":"https:\/\/www.biekapa.com\/fr\/wp-json\/wp\/v2\/pages\/1081\/revisions\/1535"}],"up":[{"embeddable":true,"href":"https:\/\/www.biekapa.com\/fr\/wp-json\/wp\/v2\/pages\/1076"}],"wp:attachment":[{"href":"https:\/\/www.biekapa.com\/fr\/wp-json\/wp\/v2\/media?parent=1081"}],"curies":[{"name":"wp","href":"https:\/\/api.w.org\/{rel}","templated":true}]}}