{"id":1099,"date":"2018-11-21T16:08:08","date_gmt":"2018-11-21T16:08:08","guid":{"rendered":"http:\/\/www.biekapa.com\/productos\/perfiles-especiales\/"},"modified":"2020-09-16T16:36:02","modified_gmt":"2020-09-16T15:36:02","slug":"profils-speciaux","status":"publish","type":"page","link":"https:\/\/www.biekapa.com\/fr\/produits\/profils-speciaux\/","title":{"rendered":"Profils Sp\u00e9ciaux"},"content":{"rendered":"\n<style type=\"text\/css\" data-created_by=\"avia_inline_auto\" id=\"style-css-av-dbz1uz-07b1434df8b8bd6e7e925bb21f48f843\">\n.avia-section.av-dbz1uz-07b1434df8b8bd6e7e925bb21f48f843{\nbackground-color:#ffffff;\nbackground-image:url(https:\/\/www.biekapa.com\/wp-content\/uploads\/2018\/12\/Biekapa-Perfiles-Gipuzkoa-00010.jpg);\nbackground-repeat:no-repeat;\nbackground-position:0% 0%;\nbackground-attachment:fixed;\n}\n.avia-section.av-dbz1uz-07b1434df8b8bd6e7e925bb21f48f843 .av-section-color-overlay{\nopacity:0.6;\nbackground-color:#ffffff;\n}\n.avia-section.av-dbz1uz-07b1434df8b8bd6e7e925bb21f48f843 .av-extra-border-element .av-extra-border-inner{\nbackground-color:#ffffff;\n}\n<\/style>\n<div id='av_section_1'  class='avia-section av-dbz1uz-07b1434df8b8bd6e7e925bb21f48f843 main_color avia-section-large avia-no-border-styling  avia-builder-el-0  el_before_av_section  avia-builder-el-first  avia-full-stretch avia-bg-style-fixed av-section-color-overlay-active container_wrap fullsize'  data-section-bg-repeat='stretch'><div class=\"av-section-color-overlay-wrap\"><div class=\"av-section-color-overlay\"><\/div><a href='#next-section' title='' class='scroll-down-link ' aria-hidden='true' data-av_icon='\ue877' data-av_iconfont='entypo-fontello'><\/a><div class='container av-section-cont-open' ><main  role=\"main\" itemprop=\"mainContentOfPage\"  class='template-page content  av-content-full alpha units'><div class='post-entry post-entry-type-page post-entry-1099'><div class='entry-content-wrapper clearfix'>\n\n<style type=\"text\/css\" data-created_by=\"avia_inline_auto\" id=\"style-css-av-d0ldej-eb313229f87800d1b2795aa74d1454ec\">\n.flex_column.av-d0ldej-eb313229f87800d1b2795aa74d1454ec{\nborder-radius:0px 0px 0px 0px;\npadding:20px 20px 20px 20px;\n}\n<\/style>\n<div  class='flex_column av-d0ldej-eb313229f87800d1b2795aa74d1454ec av_one_full  avia-builder-el-1  avia-builder-el-no-sibling  first flex_column_div av-animated-generic top-to-bottom  '     ><p>\n<style type=\"text\/css\" data-created_by=\"avia_inline_auto\" id=\"style-css-av-jrqhpenp-51546ce4cd1a7a60c3b934cec3050dfe\">\n#top .av-special-heading.av-jrqhpenp-51546ce4cd1a7a60c3b934cec3050dfe{\npadding-bottom:0;\nfont-size:40px;\n}\nbody .av-special-heading.av-jrqhpenp-51546ce4cd1a7a60c3b934cec3050dfe .av-special-heading-tag .heading-char{\nfont-size:25px;\n}\n#top #wrap_all .av-special-heading.av-jrqhpenp-51546ce4cd1a7a60c3b934cec3050dfe .av-special-heading-tag{\nfont-size:40px;\n}\n.av-special-heading.av-jrqhpenp-51546ce4cd1a7a60c3b934cec3050dfe .av-subheading{\nfont-size:15px;\n}\n\n@media only screen and (min-width: 480px) and (max-width: 767px){ \n#top #wrap_all .av-special-heading.av-jrqhpenp-51546ce4cd1a7a60c3b934cec3050dfe .av-special-heading-tag{\nfont-size:0.8em;\n}\n}\n\n@media only screen and (max-width: 479px){ \n#top #wrap_all .av-special-heading.av-jrqhpenp-51546ce4cd1a7a60c3b934cec3050dfe .av-special-heading-tag{\nfont-size:0.8em;\n}\n}\n<\/style>\n<div  class='av-special-heading av-jrqhpenp-51546ce4cd1a7a60c3b934cec3050dfe av-special-heading-h3 blockquote modern-quote modern-centered  avia-builder-el-2  el_before_av_hr  avia-builder-el-first  av-inherit-size'><h3 class='av-special-heading-tag'  itemprop=\"headline\"  >PROFILS SP\u00c9CIAUX<\/h3><div class=\"special-heading-border\"><div class=\"special-heading-inner-border\"><\/div><\/div><\/div><br \/>\n\n<style type=\"text\/css\" data-created_by=\"avia_inline_auto\" id=\"style-css-av-cotw17-3b2264b6cc8369b855d06d1687662b1f\">\n#top .hr.av-cotw17-3b2264b6cc8369b855d06d1687662b1f{\nmargin-top:30px;\nmargin-bottom:30px;\n}\n.hr.av-cotw17-3b2264b6cc8369b855d06d1687662b1f .hr-inner{\nwidth:50px;\nborder-color:#000000;\n}\n<\/style>\n<div  class='hr av-cotw17-3b2264b6cc8369b855d06d1687662b1f hr-custom  avia-builder-el-3  el_after_av_heading  el_before_av_textblock  hr-center hr-icon-no'><span class='hr-inner inner-border-av-border-thin'><span class=\"hr-inner-style\"><\/span><\/span><\/div><br \/>\n\n<style type=\"text\/css\" data-created_by=\"avia_inline_auto\" id=\"style-css-av-ckg50r-3352883846c88c01836270e522f82d9e\">\n#top .av_textblock_section.av-ckg50r-3352883846c88c01836270e522f82d9e .avia_textblock{\nfont-size:22px;\n}\n<\/style>\n<section  class='av_textblock_section av-ckg50r-3352883846c88c01836270e522f82d9e '   itemscope=\"itemscope\" itemtype=\"https:\/\/schema.org\/CreativeWork\" ><div class='avia_textblock'  itemprop=\"text\" ><p style=\"text-align: center;\">BIEKAPA compte avec son propre d\u00e9partement technique et le professionnalisme et l\u2019exp\u00e9rience d\u2019une des meilleures \u00e9quipes techniques dans le d\u00e9veloppement des profils m\u00e9talliques au niveau europ\u00e9en.<\/p>\n<p style=\"text-align: center;\">La strat\u00e9gie et philosophie de BIEKAPA cherche \u00e0 comprendre les besoins du client et \u00e0 d\u00e9finir le meilleur mod\u00e8le de collaboration : de la fabrication du produit proprement dite \u00e0 la d\u00e9finition conjointe de projets de collaboration industrielle.<\/p>\n<\/div><\/section><br \/>\n\n<style type=\"text\/css\" data-created_by=\"avia_inline_auto\" id=\"style-css-av-18mj7n-9832996e7f68f36e029e69f9dea61c65\">\n#top .hr.hr-invisible.av-18mj7n-9832996e7f68f36e029e69f9dea61c65{\nheight:120px;\n}\n<\/style>\n<div  class='hr av-18mj7n-9832996e7f68f36e029e69f9dea61c65 hr-invisible  avia-builder-el-5  el_after_av_textblock  avia-builder-el-last '><span class='hr-inner '><span class=\"hr-inner-style\"><\/span><\/span><\/div><\/p><\/div><\/div><\/div><\/main><!-- close content main element --><\/div><div class='av-extra-border-element border-extra-diagonal  diagonal-box-shadow'><div class='av-extra-border-outer'><div class='av-extra-border-inner'><\/div><\/div><\/div><\/div><\/div>\n<style type=\"text\/css\" data-created_by=\"avia_inline_auto\" id=\"style-css-av-jp00trv3-d0dba10633b3bed1f319fa2e885f8e2d\">\n.avia-section.av-jp00trv3-d0dba10633b3bed1f319fa2e885f8e2d{\nbackground-repeat:no-repeat;\nbackground-image:url(https:\/\/www.biekapa.com\/wp-content\/uploads\/2018\/11\/5-1.jpg);\nbackground-position:0% 0%;\nbackground-attachment:scroll;\n}\n.avia-section.av-jp00trv3-d0dba10633b3bed1f319fa2e885f8e2d .av-section-color-overlay{\nopacity:0.6;\nbackground-color:#ffffff;\n}\n<\/style>\n<div id='av_section_2'  class='avia-section av-jp00trv3-d0dba10633b3bed1f319fa2e885f8e2d main_color avia-section-default avia-no-border-styling  avia-builder-el-6  el_after_av_section  avia-builder-el-last  avia-bg-style-scroll av-section-color-overlay-active container_wrap fullsize'  data-section-bg-repeat='no-repeat'><div class=\"av-section-color-overlay-wrap\"><div class=\"av-section-color-overlay\"><\/div><div class='container av-section-cont-open' ><div class='template-page content  av-content-full alpha units'><div class='post-entry post-entry-type-page post-entry-1099'><div class='entry-content-wrapper clearfix'>\n\n<style type=\"text\/css\" data-created_by=\"avia_inline_auto\" id=\"style-css-av-jrqhqpz3-bfd5bc0c7bbbb9aa32cc74419d5f768a\">\n#top .av-special-heading.av-jrqhqpz3-bfd5bc0c7bbbb9aa32cc74419d5f768a{\npadding-bottom:0;\nfont-size:30px;\n}\nbody .av-special-heading.av-jrqhqpz3-bfd5bc0c7bbbb9aa32cc74419d5f768a .av-special-heading-tag .heading-char{\nfont-size:25px;\n}\n#top #wrap_all .av-special-heading.av-jrqhqpz3-bfd5bc0c7bbbb9aa32cc74419d5f768a .av-special-heading-tag{\nfont-size:30px;\n}\n.av-special-heading.av-jrqhqpz3-bfd5bc0c7bbbb9aa32cc74419d5f768a .av-subheading{\nfont-size:15px;\n}\n\n@media only screen and (min-width: 480px) and (max-width: 767px){ \n#top #wrap_all .av-special-heading.av-jrqhqpz3-bfd5bc0c7bbbb9aa32cc74419d5f768a .av-special-heading-tag{\nfont-size:0.8em;\n}\n}\n\n@media only screen and (max-width: 479px){ \n#top #wrap_all .av-special-heading.av-jrqhqpz3-bfd5bc0c7bbbb9aa32cc74419d5f768a .av-special-heading-tag{\nfont-size:0.8em;\n}\n}\n<\/style>\n<div  class='av-special-heading av-jrqhqpz3-bfd5bc0c7bbbb9aa32cc74419d5f768a av-special-heading-h4 blockquote modern-quote modern-centered  avia-builder-el-7  el_before_av_one_fifth  avia-builder-el-first  av-inherit-size'><h4 class='av-special-heading-tag'  itemprop=\"headline\"  >Vous ne trouvez pas la r\u00e9ponse?<\/h4><div class='av-subheading av-subheading_below'><p>Contactez-nous, envoyez-nous vos questions et nous vous contacterons d\u00e8s que possible<\/p>\n<\/div><div class=\"special-heading-border\"><div class=\"special-heading-inner-border\"><\/div><\/div><\/div>\n\n<style type=\"text\/css\" data-created_by=\"avia_inline_auto\" id=\"style-css-av-dnxg3-d3c3d555c9ec36b4b1f1866193d40178\">\n.flex_column.av-dnxg3-d3c3d555c9ec36b4b1f1866193d40178{\nborder-radius:0px 0px 0px 0px;\npadding:0px 0px 0px 0px;\n}\n<\/style>\n<div  class='flex_column av-dnxg3-d3c3d555c9ec36b4b1f1866193d40178 av_one_fifth  avia-builder-el-8  el_after_av_heading  el_before_av_two_third  first flex_column_div av-zero-column-padding  '     ><\/div>\n<style type=\"text\/css\" data-created_by=\"avia_inline_auto\" id=\"style-css-av-a6y7v-f1f4f90fc3449b64c4e41ad7432fdefc\">\n.flex_column.av-a6y7v-f1f4f90fc3449b64c4e41ad7432fdefc{\nborder-radius:0px 0px 0px 0px;\npadding:0px 0px 0px 0px;\n}\n<\/style>\n<div  class='flex_column av-a6y7v-f1f4f90fc3449b64c4e41ad7432fdefc av_two_third  avia-builder-el-9  el_after_av_one_fifth  avia-builder-el-last  flex_column_div av-zero-column-padding  '     ><section  class='av_textblock_section av-jp00w632-82f1f0a7bb017417df7e5b02f4f683a6 '   itemscope=\"itemscope\" itemtype=\"https:\/\/schema.org\/CreativeWork\" ><div class='avia_textblock'  itemprop=\"text\" >\n<div class=\"wpcf7 no-js\" id=\"wpcf7-f1498-o1\" lang=\"es-ES\" dir=\"ltr\" data-wpcf7-id=\"1498\">\n<div class=\"screen-reader-response\"><p role=\"status\" aria-live=\"polite\" aria-atomic=\"true\"><\/p> <ul><\/ul><\/div>\n<form action=\"\/fr\/wp-json\/wp\/v2\/pages\/1099#wpcf7-f1498-o1\" method=\"post\" class=\"wpcf7-form init\" aria-label=\"Contact form\" novalidate=\"novalidate\" data-status=\"init\">\n<fieldset class=\"hidden-fields-container\"><input type=\"hidden\" name=\"_wpcf7\" value=\"1498\" \/><input type=\"hidden\" name=\"_wpcf7_version\" value=\"6.1.5\" \/><input type=\"hidden\" name=\"_wpcf7_locale\" value=\"es_ES\" \/><input type=\"hidden\" name=\"_wpcf7_unit_tag\" value=\"wpcf7-f1498-o1\" \/><input type=\"hidden\" name=\"_wpcf7_container_post\" value=\"0\" \/><input type=\"hidden\" name=\"_wpcf7_posted_data_hash\" value=\"\" \/>\n<\/fieldset>\n<p><label> Nom et pr\u00e9nom*<br \/>\n<span class=\"wpcf7-form-control-wrap\" data-name=\"your-name\"><input size=\"40\" maxlength=\"400\" class=\"wpcf7-form-control wpcf7-text wpcf7-validates-as-required\" aria-required=\"true\" aria-invalid=\"false\" value=\"\" type=\"text\" name=\"your-name\" \/><\/span> <\/label>\n<\/p>\n<p><label> Email*<br \/>\n<span class=\"wpcf7-form-control-wrap\" data-name=\"your-email\"><input size=\"40\" maxlength=\"400\" class=\"wpcf7-form-control wpcf7-email wpcf7-validates-as-required wpcf7-text wpcf7-validates-as-email\" aria-required=\"true\" aria-invalid=\"false\" value=\"\" type=\"email\" name=\"your-email\" \/><\/span> <\/label>\n<\/p>\n<p><label> Message*<br \/>\n<span class=\"wpcf7-form-control-wrap\" data-name=\"your-message\"><textarea cols=\"40\" rows=\"10\" maxlength=\"2000\" class=\"wpcf7-form-control wpcf7-textarea wpcf7-validates-as-required\" aria-required=\"true\" aria-invalid=\"false\" name=\"your-message\"><\/textarea><\/span> <\/label>\n<\/p>\n<p><span class=\"wpcf7-form-control-wrap\" data-name=\"aceptar\"><span class=\"wpcf7-form-control wpcf7-acceptance\"><span class=\"wpcf7-list-item\"><label><input type=\"checkbox\" name=\"aceptar\" value=\"1\" aria-invalid=\"false\" \/><span class=\"wpcf7-list-item-label\">J'ai lu et j\u2019accepte la <a style=\"text-decoration: underline;\" href=\"https:\/\/www.biekapa.com\/politica-de-privacidad\/\">politique de confidentialit\u00e9.<\/a>.<\/span><\/label><\/span><\/span><\/span><br \/>\n<span id=\"wpcf7-69e1075604e92-wrapper\" class=\"wpcf7-form-control-wrap email-0-wrap\" ><label for=\"wpcf7-69e1075604e92-field\" class=\"hp-message\">Please leave this field empty.<\/label><input id=\"wpcf7-69e1075604e92-field\"  class=\"wpcf7-form-control wpcf7-text\" type=\"text\" name=\"email-0\" value=\"\" size=\"40\" tabindex=\"-1\" autocomplete=\"new-password\" \/><\/span><br \/>\n<input class=\"wpcf7-form-control wpcf7-submit has-spinner\" type=\"submit\" value=\"Envoyer\" \/>\n<\/p>\n<p style=\"line-height:0.7;\">\n\t<font size=\"1\">\nGestionnaire de traitement : Biekapa\nObjet du traitement et l\u00e9gitimation : Gestion des utilisateurs qui contactent Biekapa via le formulaire de contact pour demander des informations.\nBase de l\u00e9gitimation : consentement de la partie int\u00e9ress\u00e9e lors de la r\u00e9daction et de l'envoi du formulaire et en cochant la case d'acceptation de la pr\u00e9sente d\u00e9claration de confidentialit\u00e9.\nDestinataires des missions : aucune donn\u00e9e ne sera transf\u00e9r\u00e9e \u00e0 des tiers.\nDestinataire du transfert international : Aucun transfert international n'est effectu\u00e9.\nDroits des parties int\u00e9ress\u00e9es : retirer \u00e0 tout moment leur consentement pour s'opposer au traitement, acc\u00e9der aux donn\u00e9es, les rectifier et les supprimer, ainsi que d'autres droits, comme expliqu\u00e9 dans les <a href=\"https:\/\/www.biekapa.com\/politica-de-privacidad\/\">informations suppl\u00e9mentaires<\/a> ou en \u00e9crivant \u00e0 info@biekapa.com\nInformations compl\u00e9mentaires : Vous pouvez consulter les informations compl\u00e9mentaires et d\u00e9taill\u00e9es sous : <a title=\"Ir a informaci\u00f3n adicional\" href=\"https:\/\/www.biekapa.com\/politica-de-privacidad\/\" target=\"_parent\" rel=\"noopener\">\"2\u00e8me couche: informations compl\u00e9mentaires et d\u00e9taill\u00e9es\"<\/a>\n\t<\/font>\n<\/p><p style=\"display: none !important;\" class=\"akismet-fields-container\" data-prefix=\"_wpcf7_ak_\"><label>&#916;<textarea name=\"_wpcf7_ak_hp_textarea\" cols=\"45\" rows=\"8\" maxlength=\"100\"><\/textarea><\/label><input type=\"hidden\" id=\"ak_js_1\" name=\"_wpcf7_ak_js\" value=\"201\"\/><script>document.getElementById( \"ak_js_1\" ).setAttribute( \"value\", ( new Date() ).getTime() );<\/script><\/p><div class=\"wpcf7-response-output\" aria-hidden=\"true\"><\/div>\n<\/form>\n<\/div>\n\n<\/div><\/section><\/div><\/p>\n","protected":false},"excerpt":{"rendered":"","protected":false},"author":2,"featured_media":0,"parent":1095,"menu_order":0,"comment_status":"closed","ping_status":"closed","template":"","meta":{"footnotes":""},"class_list":["post-1099","page","type-page","status-publish","hentry"],"yoast_head":"<!-- This site is optimized with the Yoast SEO plugin v27.1.1 - https:\/\/yoast.com\/product\/yoast-seo-wordpress\/ -->\n<title>Perfiles especiales Biekapa Perfiladores | Fabricaci\u00f3n de Perfiles de acero<\/title>\n<meta name=\"description\" content=\"Perfiles Especiales Biekapa, contamos con un Departamento T\u00e9cnico propio y la profesionalidad y experiencia de uno de los mejores equipos t\u00e9cnicos.\" \/>\n<meta name=\"robots\" content=\"index, follow, max-snippet:-1, max-image-preview:large, max-video-preview:-1\" \/>\n<link rel=\"canonical\" href=\"https:\/\/www.biekapa.com\/productos\/perfiles-especiales\/\" \/>\n<meta property=\"og:locale\" content=\"fr_FR\" \/>\n<meta property=\"og:type\" content=\"article\" \/>\n<meta property=\"og:title\" content=\"Perfiles especiales Biekapa Perfiladores | Fabricaci\u00f3n de Perfiles de acero\" \/>\n<meta property=\"og:description\" content=\"Perfiles Especiales Biekapa, contamos con un Departamento T\u00e9cnico propio y la profesionalidad y experiencia de uno de los mejores equipos t\u00e9cnicos.\" \/>\n<meta property=\"og:url\" content=\"https:\/\/www.biekapa.com\/productos\/perfiles-especiales\/\" \/>\n<meta property=\"og:site_name\" content=\"Biekapa\" \/>\n<meta property=\"article:modified_time\" content=\"2020-09-16T15:36:02+00:00\" \/>\n<meta name=\"twitter:card\" content=\"summary_large_image\" \/>\n<meta name=\"twitter:label1\" content=\"Est. reading time\" \/>\n\t<meta name=\"twitter:data1\" content=\"5 minutes\" \/>\n<script type=\"application\/ld+json\" class=\"yoast-schema-graph\">{\"@context\":\"https:\/\/schema.org\",\"@graph\":[{\"@type\":\"WebPage\",\"@id\":\"https:\/\/www.biekapa.com\/productos\/perfiles-especiales\/\",\"url\":\"https:\/\/www.biekapa.com\/productos\/perfiles-especiales\/\",\"name\":\"Perfiles especiales Biekapa Perfiladores | Fabricaci\u00f3n de Perfiles de acero\",\"isPartOf\":{\"@id\":\"https:\/\/www.biekapa.com\/#website\"},\"datePublished\":\"2018-11-21T16:08:08+00:00\",\"dateModified\":\"2020-09-16T15:36:02+00:00\",\"description\":\"Perfiles Especiales Biekapa, contamos con un Departamento T\u00e9cnico propio y la profesionalidad y experiencia de uno de los mejores equipos t\u00e9cnicos.\",\"breadcrumb\":{\"@id\":\"https:\/\/www.biekapa.com\/productos\/perfiles-especiales\/#breadcrumb\"},\"inLanguage\":\"fr-FR\",\"potentialAction\":[{\"@type\":\"ReadAction\",\"target\":[\"https:\/\/www.biekapa.com\/productos\/perfiles-especiales\/\"]}]},{\"@type\":\"BreadcrumbList\",\"@id\":\"https:\/\/www.biekapa.com\/productos\/perfiles-especiales\/#breadcrumb\",\"itemListElement\":[{\"@type\":\"ListItem\",\"position\":1,\"name\":\"Portada\",\"item\":\"https:\/\/www.biekapa.com\/fr\/\"},{\"@type\":\"ListItem\",\"position\":2,\"name\":\"Produits\",\"item\":\"https:\/\/www.biekapa.com\/productos\/\"},{\"@type\":\"ListItem\",\"position\":3,\"name\":\"Profils Sp\u00e9ciaux\"}]},{\"@type\":\"WebSite\",\"@id\":\"https:\/\/www.biekapa.com\/#website\",\"url\":\"https:\/\/www.biekapa.com\/\",\"name\":\"Biekapa\",\"description\":\"Perfiladores\",\"potentialAction\":[{\"@type\":\"SearchAction\",\"target\":{\"@type\":\"EntryPoint\",\"urlTemplate\":\"https:\/\/www.biekapa.com\/?s={search_term_string}\"},\"query-input\":{\"@type\":\"PropertyValueSpecification\",\"valueRequired\":true,\"valueName\":\"search_term_string\"}}],\"inLanguage\":\"fr-FR\"}]}<\/script>\n<!-- \/ Yoast SEO plugin. -->","yoast_head_json":{"title":"Perfiles especiales Biekapa Perfiladores | Fabricaci\u00f3n de Perfiles de acero","description":"Perfiles Especiales Biekapa, contamos con un Departamento T\u00e9cnico propio y la profesionalidad y experiencia de uno de los mejores equipos t\u00e9cnicos.","robots":{"index":"index","follow":"follow","max-snippet":"max-snippet:-1","max-image-preview":"max-image-preview:large","max-video-preview":"max-video-preview:-1"},"canonical":"https:\/\/www.biekapa.com\/productos\/perfiles-especiales\/","og_locale":"fr_FR","og_type":"article","og_title":"Perfiles especiales Biekapa Perfiladores | Fabricaci\u00f3n de Perfiles de acero","og_description":"Perfiles Especiales Biekapa, contamos con un Departamento T\u00e9cnico propio y la profesionalidad y experiencia de uno de los mejores equipos t\u00e9cnicos.","og_url":"https:\/\/www.biekapa.com\/productos\/perfiles-especiales\/","og_site_name":"Biekapa","article_modified_time":"2020-09-16T15:36:02+00:00","twitter_card":"summary_large_image","twitter_misc":{"Est. reading time":"5 minutes"},"schema":{"@context":"https:\/\/schema.org","@graph":[{"@type":"WebPage","@id":"https:\/\/www.biekapa.com\/productos\/perfiles-especiales\/","url":"https:\/\/www.biekapa.com\/productos\/perfiles-especiales\/","name":"Perfiles especiales Biekapa Perfiladores | Fabricaci\u00f3n de Perfiles de acero","isPartOf":{"@id":"https:\/\/www.biekapa.com\/#website"},"datePublished":"2018-11-21T16:08:08+00:00","dateModified":"2020-09-16T15:36:02+00:00","description":"Perfiles Especiales Biekapa, contamos con un Departamento T\u00e9cnico propio y la profesionalidad y experiencia de uno de los mejores equipos t\u00e9cnicos.","breadcrumb":{"@id":"https:\/\/www.biekapa.com\/productos\/perfiles-especiales\/#breadcrumb"},"inLanguage":"fr-FR","potentialAction":[{"@type":"ReadAction","target":["https:\/\/www.biekapa.com\/productos\/perfiles-especiales\/"]}]},{"@type":"BreadcrumbList","@id":"https:\/\/www.biekapa.com\/productos\/perfiles-especiales\/#breadcrumb","itemListElement":[{"@type":"ListItem","position":1,"name":"Portada","item":"https:\/\/www.biekapa.com\/fr\/"},{"@type":"ListItem","position":2,"name":"Produits","item":"https:\/\/www.biekapa.com\/productos\/"},{"@type":"ListItem","position":3,"name":"Profils Sp\u00e9ciaux"}]},{"@type":"WebSite","@id":"https:\/\/www.biekapa.com\/#website","url":"https:\/\/www.biekapa.com\/","name":"Biekapa","description":"Perfiladores","potentialAction":[{"@type":"SearchAction","target":{"@type":"EntryPoint","urlTemplate":"https:\/\/www.biekapa.com\/?s={search_term_string}"},"query-input":{"@type":"PropertyValueSpecification","valueRequired":true,"valueName":"search_term_string"}}],"inLanguage":"fr-FR"}]}},"_links":{"self":[{"href":"https:\/\/www.biekapa.com\/fr\/wp-json\/wp\/v2\/pages\/1099","targetHints":{"allow":["GET"]}}],"collection":[{"href":"https:\/\/www.biekapa.com\/fr\/wp-json\/wp\/v2\/pages"}],"about":[{"href":"https:\/\/www.biekapa.com\/fr\/wp-json\/wp\/v2\/types\/page"}],"author":[{"embeddable":true,"href":"https:\/\/www.biekapa.com\/fr\/wp-json\/wp\/v2\/users\/2"}],"replies":[{"embeddable":true,"href":"https:\/\/www.biekapa.com\/fr\/wp-json\/wp\/v2\/comments?post=1099"}],"version-history":[{"count":2,"href":"https:\/\/www.biekapa.com\/fr\/wp-json\/wp\/v2\/pages\/1099\/revisions"}],"predecessor-version":[{"id":1504,"href":"https:\/\/www.biekapa.com\/fr\/wp-json\/wp\/v2\/pages\/1099\/revisions\/1504"}],"up":[{"embeddable":true,"href":"https:\/\/www.biekapa.com\/fr\/wp-json\/wp\/v2\/pages\/1095"}],"wp:attachment":[{"href":"https:\/\/www.biekapa.com\/fr\/wp-json\/wp\/v2\/media?parent=1099"}],"curies":[{"name":"wp","href":"https:\/\/api.w.org\/{rel}","templated":true}]}}