{"id":1113,"date":"2018-11-21T16:08:24","date_gmt":"2018-11-21T16:08:24","guid":{"rendered":"http:\/\/www.biekapa.com\/servicios\/"},"modified":"2020-09-16T16:36:02","modified_gmt":"2020-09-16T15:36:02","slug":"services","status":"publish","type":"page","link":"https:\/\/www.biekapa.com\/fr\/services\/","title":{"rendered":"Services"},"content":{"rendered":"\n<style type=\"text\/css\" data-created_by=\"avia_inline_auto\" id=\"style-css-av-dbz1uz-07b1434df8b8bd6e7e925bb21f48f843\">\n.avia-section.av-dbz1uz-07b1434df8b8bd6e7e925bb21f48f843{\nbackground-color:#ffffff;\nbackground-image:url(https:\/\/www.biekapa.com\/wp-content\/uploads\/2018\/12\/Biekapa-Perfiles-Gipuzkoa-00010.jpg);\nbackground-repeat:no-repeat;\nbackground-position:0% 0%;\nbackground-attachment:fixed;\n}\n.avia-section.av-dbz1uz-07b1434df8b8bd6e7e925bb21f48f843 .av-section-color-overlay{\nopacity:0.6;\nbackground-color:#ffffff;\n}\n.avia-section.av-dbz1uz-07b1434df8b8bd6e7e925bb21f48f843 .av-extra-border-element .av-extra-border-inner{\nbackground-color:#ffffff;\n}\n<\/style>\n<div id='av_section_1'  class='avia-section av-dbz1uz-07b1434df8b8bd6e7e925bb21f48f843 main_color avia-section-large avia-no-border-styling  avia-builder-el-0  el_before_av_section  avia-builder-el-first  avia-full-stretch avia-bg-style-fixed av-section-color-overlay-active container_wrap fullsize'  data-section-bg-repeat='stretch'><div class=\"av-section-color-overlay-wrap\"><div class=\"av-section-color-overlay\"><\/div><a href='#next-section' title='' class='scroll-down-link ' aria-hidden='true' data-av_icon='\ue877' data-av_iconfont='entypo-fontello'><\/a><div class='container av-section-cont-open' ><main  role=\"main\" itemprop=\"mainContentOfPage\"  class='template-page content  av-content-full alpha units'><div class='post-entry post-entry-type-page post-entry-1113'><div class='entry-content-wrapper clearfix'>\n\n<style type=\"text\/css\" data-created_by=\"avia_inline_auto\" id=\"style-css-av-d0ldej-eb313229f87800d1b2795aa74d1454ec\">\n.flex_column.av-d0ldej-eb313229f87800d1b2795aa74d1454ec{\nborder-radius:0px 0px 0px 0px;\npadding:20px 20px 20px 20px;\n}\n<\/style>\n<div  class='flex_column av-d0ldej-eb313229f87800d1b2795aa74d1454ec av_one_full  avia-builder-el-1  avia-builder-el-no-sibling  first flex_column_div av-animated-generic top-to-bottom  '     ><p>\n<style type=\"text\/css\" data-created_by=\"avia_inline_auto\" id=\"style-css-av-js5yvj1d-9a326bf01384bd9c72784ffce7801638\">\n#top .av-special-heading.av-js5yvj1d-9a326bf01384bd9c72784ffce7801638{\npadding-bottom:0;\nfont-size:40px;\n}\nbody .av-special-heading.av-js5yvj1d-9a326bf01384bd9c72784ffce7801638 .av-special-heading-tag .heading-char{\nfont-size:25px;\n}\n#top #wrap_all .av-special-heading.av-js5yvj1d-9a326bf01384bd9c72784ffce7801638 .av-special-heading-tag{\nfont-size:40px;\n}\n.av-special-heading.av-js5yvj1d-9a326bf01384bd9c72784ffce7801638 .av-subheading{\nfont-size:15px;\n}\n\n@media only screen and (min-width: 480px) and (max-width: 767px){ \n#top #wrap_all .av-special-heading.av-js5yvj1d-9a326bf01384bd9c72784ffce7801638 .av-special-heading-tag{\nfont-size:0.8em;\n}\n}\n\n@media only screen and (max-width: 479px){ \n#top #wrap_all .av-special-heading.av-js5yvj1d-9a326bf01384bd9c72784ffce7801638 .av-special-heading-tag{\nfont-size:0.8em;\n}\n}\n<\/style>\n<div  class='av-special-heading av-js5yvj1d-9a326bf01384bd9c72784ffce7801638 av-special-heading-h3 blockquote modern-quote modern-centered  avia-builder-el-2  el_before_av_hr  avia-builder-el-first  av-inherit-size'><h3 class='av-special-heading-tag'  itemprop=\"headline\"  >SERVICES<\/h3><div class=\"special-heading-border\"><div class=\"special-heading-inner-border\"><\/div><\/div><\/div><br \/>\n\n<style type=\"text\/css\" data-created_by=\"avia_inline_auto\" id=\"style-css-av-cotw17-3b2264b6cc8369b855d06d1687662b1f\">\n#top .hr.av-cotw17-3b2264b6cc8369b855d06d1687662b1f{\nmargin-top:30px;\nmargin-bottom:30px;\n}\n.hr.av-cotw17-3b2264b6cc8369b855d06d1687662b1f .hr-inner{\nwidth:50px;\nborder-color:#000000;\n}\n<\/style>\n<div  class='hr av-cotw17-3b2264b6cc8369b855d06d1687662b1f hr-custom  avia-builder-el-3  el_after_av_heading  el_before_av_textblock  hr-center hr-icon-no'><span class='hr-inner inner-border-av-border-thin'><span class=\"hr-inner-style\"><\/span><\/span><\/div><br \/>\n\n<style type=\"text\/css\" data-created_by=\"avia_inline_auto\" id=\"style-css-av-ckg50r-3352883846c88c01836270e522f82d9e\">\n#top .av_textblock_section.av-ckg50r-3352883846c88c01836270e522f82d9e .avia_textblock{\nfont-size:22px;\n}\n<\/style>\n<section  class='av_textblock_section av-ckg50r-3352883846c88c01836270e522f82d9e '   itemscope=\"itemscope\" itemtype=\"https:\/\/schema.org\/CreativeWork\" ><div class='avia_textblock'  itemprop=\"text\" ><p style=\"text-align: center;\">\u00c0 BIEKAPA, ainsi que le profilage, nous offrons des services suppl\u00e9mentaires pour vous offrir un service int\u00e9gral. Gr\u00e2ce \u00e0 l&#8217;exp\u00e9rience de notre \u00e9quipe et en particulier au d\u00e9partement technique et commercial, nous vous aiderons \u00e0 r\u00e9ussir votre projet de profilage.<\/p>\n<\/div><\/section><br \/>\n\n<style type=\"text\/css\" data-created_by=\"avia_inline_auto\" id=\"style-css-av-18mj7n-9832996e7f68f36e029e69f9dea61c65\">\n#top .hr.hr-invisible.av-18mj7n-9832996e7f68f36e029e69f9dea61c65{\nheight:120px;\n}\n<\/style>\n<div  class='hr av-18mj7n-9832996e7f68f36e029e69f9dea61c65 hr-invisible  avia-builder-el-5  el_after_av_textblock  avia-builder-el-last '><span class='hr-inner '><span class=\"hr-inner-style\"><\/span><\/span><\/div><\/p><\/div><\/div><\/div><\/main><!-- close content main element --><\/div><div class='av-extra-border-element border-extra-diagonal  diagonal-box-shadow'><div class='av-extra-border-outer'><div class='av-extra-border-inner'><\/div><\/div><\/div><\/div><\/div>\n<style type=\"text\/css\" data-created_by=\"avia_inline_auto\" id=\"style-css-av-8sv1vv-a93920b6b621a73d8a498d0fffad8f40\">\n.avia-section.av-8sv1vv-a93920b6b621a73d8a498d0fffad8f40 .av-extra-border-element .av-extra-border-inner{\nbackground-color:#f8f8f8;\n}\n<\/style>\n<div id='av_section_2'  class='avia-section av-8sv1vv-a93920b6b621a73d8a498d0fffad8f40 main_color avia-section-huge avia-no-border-styling  avia-builder-el-6  el_after_av_section  avia-builder-el-last  avia-bg-style-scroll container_wrap fullsize'  ><div class='container av-section-cont-open' ><div class='template-page content  av-content-full alpha units'><div class='post-entry post-entry-type-page post-entry-1113'><div class='entry-content-wrapper clearfix'>\n\n<style type=\"text\/css\" data-created_by=\"avia_inline_auto\" id=\"style-css-av-8mazff-00ea2492be6384d4f6c13c73b0c0a628\">\n.flex_column.av-8mazff-00ea2492be6384d4f6c13c73b0c0a628{\nborder-radius:0px 0px 0px 0px;\npadding:0px 0px 0px 0px;\n}\n<\/style>\n<div  class='flex_column av-8mazff-00ea2492be6384d4f6c13c73b0c0a628 av_one_third  avia-builder-el-7  el_before_av_one_third  avia-builder-el-first  first flex_column_div av-animated-generic right-to-left av-zero-column-padding  '     ><p><div  class='avia-slideshow av-jpr4emfq-f1b21732a7158e87e2e2c32accf8664f avia-slideshow-no scaling av_slideshow avia-slide-slider  avia-builder-el-8  el_before_av_hr  avia-builder-el-first  av-slideshow-ui av-control-default av-slideshow-autoplay av-loop-endless av-loop-manual-endless av-default-height-applied avia-slideshow-1' data-slideshow-options=\"{&quot;animation&quot;:&quot;slide&quot;,&quot;autoplay&quot;:true,&quot;loop_autoplay&quot;:&quot;endless&quot;,&quot;interval&quot;:5,&quot;loop_manual&quot;:&quot;manual-endless&quot;,&quot;autoplay_stopper&quot;:false,&quot;noNavigation&quot;:false,&quot;bg_slider&quot;:false,&quot;keep_padding&quot;:false,&quot;hoverpause&quot;:false,&quot;show_slide_delay&quot;:0}\"  itemprop=\"image\" itemscope=\"itemscope\" itemtype=\"https:\/\/schema.org\/ImageObject\" ><ul class='avia-slideshow-inner ' style='padding-bottom: 116.73151750973%;'><li  class='avia-slideshow-slide av-jpr4emfq-f1b21732a7158e87e2e2c32accf8664f__0  av-single-slide slide-1 slide-odd'><div data-rel='slideshow-1' class='avia-slide-wrap '   ><img decoding=\"async\" fetchpriority=\"high\" class=\"wp-image-1335 avia-img-lazy-loading-not-1335\"  src=\"https:\/\/www.biekapa.com\/wp-content\/uploads\/2018\/12\/Biekapa-1.jpg\" width=\"257\" height=\"300\" title='Biekapa  CORTE DE FLEJE' alt=''  itemprop=\"thumbnailUrl\"   \/><\/div><\/li><\/ul><\/div><br \/>\n\n<style type=\"text\/css\" data-created_by=\"avia_inline_auto\" id=\"style-css-av-u0j97-349abc19b26e64a31f28efb19f3122fc\">\n#top .hr.hr-invisible.av-u0j97-349abc19b26e64a31f28efb19f3122fc{\nheight:20px;\n}\n<\/style>\n<div  class='hr av-u0j97-349abc19b26e64a31f28efb19f3122fc hr-invisible  avia-builder-el-9  el_after_av_slideshow  el_before_av_textblock '><span class='hr-inner '><span class=\"hr-inner-style\"><\/span><\/span><\/div><br \/>\n<section  class='av_textblock_section av-88oxgb-c921ead114f646de8288dbd82f11a63f '   itemscope=\"itemscope\" itemtype=\"https:\/\/schema.org\/CreativeWork\" ><div class='avia_textblock'  itemprop=\"text\" ><h2>Coupe<br \/>\nen bande<\/h2>\n<\/div><\/section><br \/>\n\n<style type=\"text\/css\" data-created_by=\"avia_inline_auto\" id=\"style-css-av-u0j97-349abc19b26e64a31f28efb19f3122fc\">\n#top .hr.hr-invisible.av-u0j97-349abc19b26e64a31f28efb19f3122fc{\nheight:20px;\n}\n<\/style>\n<div  class='hr av-u0j97-349abc19b26e64a31f28efb19f3122fc hr-invisible  avia-builder-el-11  el_after_av_textblock  avia-builder-el-last '><span class='hr-inner '><span class=\"hr-inner-style\"><\/span><\/span><\/div><\/p><\/div>\n<style type=\"text\/css\" data-created_by=\"avia_inline_auto\" id=\"style-css-av-820rmb-f95aee300a4227a219236229ff60c34a\">\n.flex_column.av-820rmb-f95aee300a4227a219236229ff60c34a{\nborder-radius:0px 0px 0px 0px;\npadding:0px 0px 0px 0px;\n}\n<\/style>\n<div  class='flex_column av-820rmb-f95aee300a4227a219236229ff60c34a av_one_third  avia-builder-el-12  el_after_av_one_third  el_before_av_one_third  flex_column_div av-animated-generic right-to-left av-zero-column-padding  '     ><p><div  class='avia-slideshow av-jpr4emfq-0e00b4b13660b1fd04fda9038b345c0a avia-slideshow-no scaling av_slideshow avia-fade-slider  avia-builder-el-13  el_before_av_hr  avia-builder-el-first  av-slideshow-ui av-control-default av-slideshow-autoplay av-loop-endless av-loop-manual-endless av-default-height-applied avia-slideshow-2' data-slideshow-options=\"{&quot;animation&quot;:&quot;fade&quot;,&quot;autoplay&quot;:true,&quot;loop_autoplay&quot;:&quot;endless&quot;,&quot;interval&quot;:5,&quot;loop_manual&quot;:&quot;manual-endless&quot;,&quot;autoplay_stopper&quot;:false,&quot;noNavigation&quot;:false,&quot;bg_slider&quot;:false,&quot;keep_padding&quot;:false,&quot;hoverpause&quot;:false,&quot;show_slide_delay&quot;:0}\"  itemprop=\"image\" itemscope=\"itemscope\" itemtype=\"https:\/\/schema.org\/ImageObject\" ><ul class='avia-slideshow-inner ' style='padding-bottom: 116.73151750973%;'><li  class='avia-slideshow-slide av-jpr4emfq-0e00b4b13660b1fd04fda9038b345c0a__0  slide-1 slide-odd'><div data-rel='slideshow-2' class='avia-slide-wrap '   ><img decoding=\"async\" fetchpriority=\"high\" class=\"wp-image-1325 avia-img-lazy-loading-not-1325\"  src=\"https:\/\/www.biekapa.com\/wp-content\/uploads\/2018\/12\/Biekapa-2.jpg\" width=\"257\" height=\"300\" title='Biekapa 2' alt=''  itemprop=\"thumbnailUrl\"   \/><\/div><\/li><li  class='avia-slideshow-slide av-jpr4emfq-0e00b4b13660b1fd04fda9038b345c0a__1  slide-2 slide-even'><div data-rel='slideshow-2' class='avia-slide-wrap '   ><img decoding=\"async\" fetchpriority=\"high\" class=\"wp-image-1327 avia-img-lazy-loading-not-1327\"  src=\"https:\/\/www.biekapa.com\/wp-content\/uploads\/2018\/12\/Biekapa-4.jpg\" width=\"257\" height=\"300\" title='Biekapa 4' alt=''  itemprop=\"thumbnailUrl\"   \/><\/div><\/li><li  class='avia-slideshow-slide av-jpr4emfq-0e00b4b13660b1fd04fda9038b345c0a__2  slide-3 slide-odd'><div data-rel='slideshow-2' class='avia-slide-wrap '   ><img decoding=\"async\" fetchpriority=\"high\" class=\"wp-image-1329 avia-img-lazy-loading-not-1329\"  src=\"https:\/\/www.biekapa.com\/wp-content\/uploads\/2018\/12\/Biekapa-5.jpg\" width=\"257\" height=\"300\" title='Biekapa 5' alt=''  itemprop=\"thumbnailUrl\"   \/><\/div><\/li><li  class='avia-slideshow-slide av-jpr4emfq-0e00b4b13660b1fd04fda9038b345c0a__3  slide-4 slide-even'><div data-rel='slideshow-2' class='avia-slide-wrap '   ><img decoding=\"async\" fetchpriority=\"high\" class=\"wp-image-1331 avia-img-lazy-loading-not-1331\"  src=\"https:\/\/www.biekapa.com\/wp-content\/uploads\/2018\/12\/Biekapa-6.jpg\" width=\"257\" height=\"300\" title='Biekapa 6' alt=''  itemprop=\"thumbnailUrl\"   \/><\/div><\/li><li  class='avia-slideshow-slide av-jpr4emfq-0e00b4b13660b1fd04fda9038b345c0a__4  slide-5 slide-odd'><div data-rel='slideshow-2' class='avia-slide-wrap '   ><img decoding=\"async\" fetchpriority=\"high\" class=\"wp-image-1333 avia-img-lazy-loading-not-1333\"  src=\"https:\/\/www.biekapa.com\/wp-content\/uploads\/2018\/12\/Biekapa-7.jpg\" width=\"257\" height=\"300\" title='Biekapa 7' alt=''  itemprop=\"thumbnailUrl\"   \/><\/div><\/li><\/ul><div class='avia-slideshow-arrows avia-slideshow-controls' ><a href='#prev' class='prev-slide ' aria-hidden='true' data-av_icon='\ue87c' data-av_iconfont='entypo-fontello'  tabindex='-1'>Pr\u00e9c\u00e9dent<\/a><a href='#next' class='next-slide ' aria-hidden='true' data-av_icon='\ue87d' data-av_iconfont='entypo-fontello'  tabindex='-1'>Suivant<\/a><\/div><div class='avia-slideshow-dots avia-slideshow-controls'><a href='#1' class='goto-slide active' >1<\/a><a href='#2' class='goto-slide ' >2<\/a><a href='#3' class='goto-slide ' >3<\/a><a href='#4' class='goto-slide ' >4<\/a><a href='#5' class='goto-slide ' >5<\/a><\/div><\/div><br \/>\n\n<style type=\"text\/css\" data-created_by=\"avia_inline_auto\" id=\"style-css-av-7ojrqr-b1145ebd62445a9d25a9783e5cbe6e33\">\n#top .hr.hr-invisible.av-7ojrqr-b1145ebd62445a9d25a9783e5cbe6e33{\nheight:20px;\n}\n<\/style>\n<div  class='hr av-7ojrqr-b1145ebd62445a9d25a9783e5cbe6e33 hr-invisible  avia-builder-el-14  el_after_av_slideshow  el_before_av_textblock '><span class='hr-inner '><span class=\"hr-inner-style\"><\/span><\/span><\/div><br \/>\n<section  class='av_textblock_section av-7ixz2z-119ab5927049ff05f6b254b36177f53d '   itemscope=\"itemscope\" itemtype=\"https:\/\/schema.org\/CreativeWork\" ><div class='avia_textblock'  itemprop=\"text\" ><h2>Op\u00e9rations<br \/>\nsur le profil<\/h2>\n<\/div><\/section><br \/>\n\n<style type=\"text\/css\" data-created_by=\"avia_inline_auto\" id=\"style-css-av-7ojrqr-b1145ebd62445a9d25a9783e5cbe6e33\">\n#top .hr.hr-invisible.av-7ojrqr-b1145ebd62445a9d25a9783e5cbe6e33{\nheight:20px;\n}\n<\/style>\n<div  class='hr av-7ojrqr-b1145ebd62445a9d25a9783e5cbe6e33 hr-invisible  avia-builder-el-16  el_after_av_textblock  el_before_av_textblock '><span class='hr-inner '><span class=\"hr-inner-style\"><\/span><\/span><\/div><br \/>\n<section  class='av_textblock_section av-7ixz2z-119ab5927049ff05f6b254b36177f53d '   itemscope=\"itemscope\" itemtype=\"https:\/\/schema.org\/CreativeWork\" ><div class='avia_textblock'  itemprop=\"text\" ><ul>\n<li>\u00a0Poin\u00e7onnage<\/li>\n<li>Estampage<\/li>\n<li>Marquage<\/li>\n<li>Soudage par points<\/li>\n<\/ul>\n<\/div><\/section><\/p><\/div>\n<style type=\"text\/css\" data-created_by=\"avia_inline_auto\" id=\"style-css-av-7c4fkr-03428edb3ee7c4d0eea863ade377080d\">\n.flex_column.av-7c4fkr-03428edb3ee7c4d0eea863ade377080d{\nborder-radius:0px 0px 0px 0px;\npadding:0px 0px 0px 0px;\n}\n<\/style>\n<div  class='flex_column av-7c4fkr-03428edb3ee7c4d0eea863ade377080d av_one_third  avia-builder-el-18  el_after_av_one_third  el_before_av_hr  flex_column_div av-animated-generic right-to-left av-zero-column-padding  '     ><p><div  class='avia-slideshow av-jpr4emfq-f1b21732a7158e87e2e2c32accf8664f avia-slideshow-no scaling av_slideshow avia-slide-slider  avia-builder-el-19  el_before_av_hr  avia-builder-el-first  av-slideshow-ui av-control-default av-slideshow-autoplay av-loop-endless av-loop-manual-endless av-default-height-applied avia-slideshow-3' data-slideshow-options=\"{&quot;animation&quot;:&quot;slide&quot;,&quot;autoplay&quot;:true,&quot;loop_autoplay&quot;:&quot;endless&quot;,&quot;interval&quot;:5,&quot;loop_manual&quot;:&quot;manual-endless&quot;,&quot;autoplay_stopper&quot;:false,&quot;noNavigation&quot;:false,&quot;bg_slider&quot;:false,&quot;keep_padding&quot;:false,&quot;hoverpause&quot;:false,&quot;show_slide_delay&quot;:0}\"  itemprop=\"image\" itemscope=\"itemscope\" itemtype=\"https:\/\/schema.org\/ImageObject\" ><ul class='avia-slideshow-inner ' style='padding-bottom: 116.73151750973%;'><li  class='avia-slideshow-slide av-jpr4emfq-f1b21732a7158e87e2e2c32accf8664f__0  av-single-slide slide-1 slide-odd'><div data-rel='slideshow-3' class='avia-slide-wrap '   ><img decoding=\"async\" fetchpriority=\"high\" class=\"wp-image-1335 avia-img-lazy-loading-not-1335\"  src=\"https:\/\/www.biekapa.com\/wp-content\/uploads\/2018\/12\/Biekapa-1.jpg\" width=\"257\" height=\"300\" title='Biekapa  CORTE DE FLEJE' alt=''  itemprop=\"thumbnailUrl\"   \/><\/div><\/li><\/ul><\/div><br \/>\n\n<style type=\"text\/css\" data-created_by=\"avia_inline_auto\" id=\"style-css-av-704m1v-8caf2fdaeb46b81bcb0a7044a33f34cf\">\n#top .hr.hr-invisible.av-704m1v-8caf2fdaeb46b81bcb0a7044a33f34cf{\nheight:20px;\n}\n<\/style>\n<div  class='hr av-704m1v-8caf2fdaeb46b81bcb0a7044a33f34cf hr-invisible  avia-builder-el-20  el_after_av_slideshow  el_before_av_textblock '><span class='hr-inner '><span class=\"hr-inner-style\"><\/span><\/span><\/div><br \/>\n<section  class='av_textblock_section av-ozw63-6bee29dbd159560685afd7502082ed9a '   itemscope=\"itemscope\" itemtype=\"https:\/\/schema.org\/CreativeWork\" ><div class='avia_textblock'  itemprop=\"text\" ><h2>Conseils techniques et d\u00e9veloppement de profils<\/h2>\n<\/div><\/section><br \/>\n\n<style type=\"text\/css\" data-created_by=\"avia_inline_auto\" id=\"style-css-av-704m1v-8caf2fdaeb46b81bcb0a7044a33f34cf\">\n#top .hr.hr-invisible.av-704m1v-8caf2fdaeb46b81bcb0a7044a33f34cf{\nheight:20px;\n}\n<\/style>\n<div  class='hr av-704m1v-8caf2fdaeb46b81bcb0a7044a33f34cf hr-invisible  avia-builder-el-22  el_after_av_textblock  avia-builder-el-last '><span class='hr-inner '><span class=\"hr-inner-style\"><\/span><\/span><\/div><\/p><\/div>\n<style type=\"text\/css\" data-created_by=\"avia_inline_auto\" id=\"style-css-av-6o1dub-d6914e293494689cf493a13fe3856cb8\">\n#top .hr.hr-invisible.av-6o1dub-d6914e293494689cf493a13fe3856cb8{\nheight:115px;\n}\n<\/style>\n<div  class='hr av-6o1dub-d6914e293494689cf493a13fe3856cb8 hr-invisible  avia-builder-el-23  el_after_av_one_third  avia-builder-el-last '><span class='hr-inner '><span class=\"hr-inner-style\"><\/span><\/span><\/div>\n<\/p>\n","protected":false},"excerpt":{"rendered":"","protected":false},"author":2,"featured_media":0,"parent":0,"menu_order":30,"comment_status":"closed","ping_status":"closed","template":"","meta":{"footnotes":""},"class_list":["post-1113","page","type-page","status-publish","hentry"],"yoast_head":"<!-- This site is optimized with the Yoast SEO plugin v27.1.1 - https:\/\/yoast.com\/product\/yoast-seo-wordpress\/ -->\n<title>Servicios | Biekapa Perfiladores | Fabricaci\u00f3n de Perfiles de acero<\/title>\n<meta name=\"description\" content=\"Servicios Biekapa Perfiladores | Corte de fleje, Operaciones sobre el perfil y Asesor\u00eda T\u00e9cnica y Desarrollo de Perfiles. Fabricaci\u00f3n de Perfiles Oiartzun\" \/>\n<meta name=\"robots\" content=\"index, follow, max-snippet:-1, max-image-preview:large, max-video-preview:-1\" \/>\n<link rel=\"canonical\" href=\"https:\/\/www.biekapa.com\/servicios\/\" \/>\n<meta property=\"og:locale\" content=\"fr_FR\" \/>\n<meta property=\"og:type\" content=\"article\" \/>\n<meta property=\"og:title\" content=\"Servicios | Biekapa Perfiladores | Fabricaci\u00f3n de Perfiles de acero\" \/>\n<meta property=\"og:description\" content=\"Servicios Biekapa Perfiladores | Corte de fleje, Operaciones sobre el perfil y Asesor\u00eda T\u00e9cnica y Desarrollo de Perfiles. Fabricaci\u00f3n de Perfiles Oiartzun\" \/>\n<meta property=\"og:url\" content=\"https:\/\/www.biekapa.com\/servicios\/\" \/>\n<meta property=\"og:site_name\" content=\"Biekapa\" \/>\n<meta property=\"article:modified_time\" content=\"2020-09-16T15:36:02+00:00\" \/>\n<meta name=\"twitter:card\" content=\"summary_large_image\" \/>\n<meta name=\"twitter:label1\" content=\"Est. reading time\" \/>\n\t<meta name=\"twitter:data1\" content=\"8 minutes\" \/>\n<script type=\"application\/ld+json\" class=\"yoast-schema-graph\">{\"@context\":\"https:\/\/schema.org\",\"@graph\":[{\"@type\":\"WebPage\",\"@id\":\"https:\/\/www.biekapa.com\/servicios\/\",\"url\":\"https:\/\/www.biekapa.com\/servicios\/\",\"name\":\"Servicios | Biekapa Perfiladores | Fabricaci\u00f3n de Perfiles de acero\",\"isPartOf\":{\"@id\":\"https:\/\/www.biekapa.com\/#website\"},\"datePublished\":\"2018-11-21T16:08:24+00:00\",\"dateModified\":\"2020-09-16T15:36:02+00:00\",\"description\":\"Servicios Biekapa Perfiladores | Corte de fleje, Operaciones sobre el perfil y Asesor\u00eda T\u00e9cnica y Desarrollo de Perfiles. Fabricaci\u00f3n de Perfiles Oiartzun\",\"breadcrumb\":{\"@id\":\"https:\/\/www.biekapa.com\/servicios\/#breadcrumb\"},\"inLanguage\":\"fr-FR\",\"potentialAction\":[{\"@type\":\"ReadAction\",\"target\":[\"https:\/\/www.biekapa.com\/servicios\/\"]}]},{\"@type\":\"BreadcrumbList\",\"@id\":\"https:\/\/www.biekapa.com\/servicios\/#breadcrumb\",\"itemListElement\":[{\"@type\":\"ListItem\",\"position\":1,\"name\":\"Portada\",\"item\":\"https:\/\/www.biekapa.com\/fr\/\"},{\"@type\":\"ListItem\",\"position\":2,\"name\":\"Services\"}]},{\"@type\":\"WebSite\",\"@id\":\"https:\/\/www.biekapa.com\/#website\",\"url\":\"https:\/\/www.biekapa.com\/\",\"name\":\"Biekapa\",\"description\":\"Perfiladores\",\"potentialAction\":[{\"@type\":\"SearchAction\",\"target\":{\"@type\":\"EntryPoint\",\"urlTemplate\":\"https:\/\/www.biekapa.com\/?s={search_term_string}\"},\"query-input\":{\"@type\":\"PropertyValueSpecification\",\"valueRequired\":true,\"valueName\":\"search_term_string\"}}],\"inLanguage\":\"fr-FR\"}]}<\/script>\n<!-- \/ Yoast SEO plugin. -->","yoast_head_json":{"title":"Servicios | Biekapa Perfiladores | Fabricaci\u00f3n de Perfiles de acero","description":"Servicios Biekapa Perfiladores | Corte de fleje, Operaciones sobre el perfil y Asesor\u00eda T\u00e9cnica y Desarrollo de Perfiles. Fabricaci\u00f3n de Perfiles Oiartzun","robots":{"index":"index","follow":"follow","max-snippet":"max-snippet:-1","max-image-preview":"max-image-preview:large","max-video-preview":"max-video-preview:-1"},"canonical":"https:\/\/www.biekapa.com\/servicios\/","og_locale":"fr_FR","og_type":"article","og_title":"Servicios | Biekapa Perfiladores | Fabricaci\u00f3n de Perfiles de acero","og_description":"Servicios Biekapa Perfiladores | Corte de fleje, Operaciones sobre el perfil y Asesor\u00eda T\u00e9cnica y Desarrollo de Perfiles. Fabricaci\u00f3n de Perfiles Oiartzun","og_url":"https:\/\/www.biekapa.com\/servicios\/","og_site_name":"Biekapa","article_modified_time":"2020-09-16T15:36:02+00:00","twitter_card":"summary_large_image","twitter_misc":{"Est. reading time":"8 minutes"},"schema":{"@context":"https:\/\/schema.org","@graph":[{"@type":"WebPage","@id":"https:\/\/www.biekapa.com\/servicios\/","url":"https:\/\/www.biekapa.com\/servicios\/","name":"Servicios | Biekapa Perfiladores | Fabricaci\u00f3n de Perfiles de acero","isPartOf":{"@id":"https:\/\/www.biekapa.com\/#website"},"datePublished":"2018-11-21T16:08:24+00:00","dateModified":"2020-09-16T15:36:02+00:00","description":"Servicios Biekapa Perfiladores | Corte de fleje, Operaciones sobre el perfil y Asesor\u00eda T\u00e9cnica y Desarrollo de Perfiles. Fabricaci\u00f3n de Perfiles Oiartzun","breadcrumb":{"@id":"https:\/\/www.biekapa.com\/servicios\/#breadcrumb"},"inLanguage":"fr-FR","potentialAction":[{"@type":"ReadAction","target":["https:\/\/www.biekapa.com\/servicios\/"]}]},{"@type":"BreadcrumbList","@id":"https:\/\/www.biekapa.com\/servicios\/#breadcrumb","itemListElement":[{"@type":"ListItem","position":1,"name":"Portada","item":"https:\/\/www.biekapa.com\/fr\/"},{"@type":"ListItem","position":2,"name":"Services"}]},{"@type":"WebSite","@id":"https:\/\/www.biekapa.com\/#website","url":"https:\/\/www.biekapa.com\/","name":"Biekapa","description":"Perfiladores","potentialAction":[{"@type":"SearchAction","target":{"@type":"EntryPoint","urlTemplate":"https:\/\/www.biekapa.com\/?s={search_term_string}"},"query-input":{"@type":"PropertyValueSpecification","valueRequired":true,"valueName":"search_term_string"}}],"inLanguage":"fr-FR"}]}},"_links":{"self":[{"href":"https:\/\/www.biekapa.com\/fr\/wp-json\/wp\/v2\/pages\/1113","targetHints":{"allow":["GET"]}}],"collection":[{"href":"https:\/\/www.biekapa.com\/fr\/wp-json\/wp\/v2\/pages"}],"about":[{"href":"https:\/\/www.biekapa.com\/fr\/wp-json\/wp\/v2\/types\/page"}],"author":[{"embeddable":true,"href":"https:\/\/www.biekapa.com\/fr\/wp-json\/wp\/v2\/users\/2"}],"replies":[{"embeddable":true,"href":"https:\/\/www.biekapa.com\/fr\/wp-json\/wp\/v2\/comments?post=1113"}],"version-history":[{"count":2,"href":"https:\/\/www.biekapa.com\/fr\/wp-json\/wp\/v2\/pages\/1113\/revisions"}],"predecessor-version":[{"id":1571,"href":"https:\/\/www.biekapa.com\/fr\/wp-json\/wp\/v2\/pages\/1113\/revisions\/1571"}],"wp:attachment":[{"href":"https:\/\/www.biekapa.com\/fr\/wp-json\/wp\/v2\/media?parent=1113"}],"curies":[{"name":"wp","href":"https:\/\/api.w.org\/{rel}","templated":true}]}}