{"id":1123,"date":"2018-11-22T11:23:00","date_gmt":"2018-11-22T10:23:00","guid":{"rendered":"http:\/\/www.biekapa.com\/catalogos\/"},"modified":"2024-12-03T12:15:28","modified_gmt":"2024-12-03T11:15:28","slug":"catalogues","status":"publish","type":"page","link":"https:\/\/www.biekapa.com\/fr\/catalogues\/","title":{"rendered":"Catalogues"},"content":{"rendered":"\n<style type=\"text\/css\" data-created_by=\"avia_inline_auto\" id=\"style-css-av-dbz1uz-19085bf6ff2b0b5b844e2d29229a3f14\">\n.avia-section.av-dbz1uz-19085bf6ff2b0b5b844e2d29229a3f14{\nbackground-color:#ffffff;\nbackground-image:url(https:\/\/www.biekapa.com\/wp-content\/uploads\/2018\/12\/Biekapa-Perfiles-Gipuzkoa-00003.jpg);\nbackground-repeat:no-repeat;\nbackground-position:0% 0%;\nbackground-attachment:fixed;\n}\n.avia-section.av-dbz1uz-19085bf6ff2b0b5b844e2d29229a3f14 .av-section-color-overlay{\nopacity:0.6;\nbackground-color:#ffffff;\n}\n.avia-section.av-dbz1uz-19085bf6ff2b0b5b844e2d29229a3f14 .av-extra-border-element .av-extra-border-inner{\nbackground-color:#ffffff;\n}\n<\/style>\n<div id='av_section_1'  class='avia-section av-dbz1uz-19085bf6ff2b0b5b844e2d29229a3f14 main_color avia-section-large avia-no-border-styling  avia-builder-el-0  el_before_av_section  avia-builder-el-first  avia-full-stretch avia-bg-style-fixed av-section-color-overlay-active container_wrap fullsize'  data-section-bg-repeat='stretch'><div class=\"av-section-color-overlay-wrap\"><div class=\"av-section-color-overlay\"><\/div><a href='#next-section' title='' class='scroll-down-link ' aria-hidden='true' data-av_icon='\ue877' data-av_iconfont='entypo-fontello'><\/a><div class='container av-section-cont-open' ><main  role=\"main\" itemprop=\"mainContentOfPage\"  class='template-page content  av-content-full alpha units'><div class='post-entry post-entry-type-page post-entry-1123'><div class='entry-content-wrapper clearfix'>\n\n<style type=\"text\/css\" data-created_by=\"avia_inline_auto\" id=\"style-css-av-d0ldej-eb313229f87800d1b2795aa74d1454ec\">\n.flex_column.av-d0ldej-eb313229f87800d1b2795aa74d1454ec{\nborder-radius:0px 0px 0px 0px;\npadding:20px 20px 20px 20px;\n}\n<\/style>\n<div  class='flex_column av-d0ldej-eb313229f87800d1b2795aa74d1454ec av_one_full  avia-builder-el-1  avia-builder-el-no-sibling  first flex_column_div av-animated-generic top-to-bottom  '     ><p>\n<style type=\"text\/css\" data-created_by=\"avia_inline_auto\" id=\"style-css-av-js5zr3xm-c78b75dcd5b359d44ecb05546a2960e0\">\n#top .av-special-heading.av-js5zr3xm-c78b75dcd5b359d44ecb05546a2960e0{\npadding-bottom:0;\nfont-size:40px;\n}\nbody .av-special-heading.av-js5zr3xm-c78b75dcd5b359d44ecb05546a2960e0 .av-special-heading-tag .heading-char{\nfont-size:25px;\n}\n#top #wrap_all .av-special-heading.av-js5zr3xm-c78b75dcd5b359d44ecb05546a2960e0 .av-special-heading-tag{\nfont-size:40px;\n}\n.av-special-heading.av-js5zr3xm-c78b75dcd5b359d44ecb05546a2960e0 .av-subheading{\nfont-size:15px;\n}\n\n@media only screen and (min-width: 480px) and (max-width: 767px){ \n#top #wrap_all .av-special-heading.av-js5zr3xm-c78b75dcd5b359d44ecb05546a2960e0 .av-special-heading-tag{\nfont-size:0.8em;\n}\n}\n\n@media only screen and (max-width: 479px){ \n#top #wrap_all .av-special-heading.av-js5zr3xm-c78b75dcd5b359d44ecb05546a2960e0 .av-special-heading-tag{\nfont-size:0.8em;\n}\n}\n<\/style>\n<div  class='av-special-heading av-js5zr3xm-c78b75dcd5b359d44ecb05546a2960e0 av-special-heading-h3 blockquote modern-quote modern-centered  avia-builder-el-2  el_before_av_hr  avia-builder-el-first  av-inherit-size'><h3 class='av-special-heading-tag'  itemprop=\"headline\"  >CATALOGUES<\/h3><div class=\"special-heading-border\"><div class=\"special-heading-inner-border\"><\/div><\/div><\/div><br \/>\n\n<style type=\"text\/css\" data-created_by=\"avia_inline_auto\" id=\"style-css-av-cotw17-3b2264b6cc8369b855d06d1687662b1f\">\n#top .hr.av-cotw17-3b2264b6cc8369b855d06d1687662b1f{\nmargin-top:30px;\nmargin-bottom:30px;\n}\n.hr.av-cotw17-3b2264b6cc8369b855d06d1687662b1f .hr-inner{\nwidth:50px;\nborder-color:#000000;\n}\n<\/style>\n<div  class='hr av-cotw17-3b2264b6cc8369b855d06d1687662b1f hr-custom  avia-builder-el-3  el_after_av_heading  el_before_av_textblock  hr-center hr-icon-no'><span class='hr-inner inner-border-av-border-thin'><span class=\"hr-inner-style\"><\/span><\/span><\/div><br \/>\n\n<style type=\"text\/css\" data-created_by=\"avia_inline_auto\" id=\"style-css-av-ckg50r-3352883846c88c01836270e522f82d9e\">\n#top .av_textblock_section.av-ckg50r-3352883846c88c01836270e522f82d9e .avia_textblock{\nfont-size:22px;\n}\n<\/style>\n<section  class='av_textblock_section av-ckg50r-3352883846c88c01836270e522f82d9e '   itemscope=\"itemscope\" itemtype=\"https:\/\/schema.org\/CreativeWork\" ><div class='avia_textblock'  itemprop=\"text\" ><p style=\"text-align: center;\">T\u00e9l\u00e9chargez nos catalogues en un clic. Ils contiennent les m\u00eames informations que les catalogues physiques mais sont plus respectueux de l&#8217;environnement. Mais si vous pr\u00e9f\u00e9rez, vous pouvez envoyer un mail \u00e0 <a href=\"mailto:info@biekapa.com\">info@biekapa.com<\/a> et nous vous enverrons le catalogue.<\/p>\n<\/div><\/section><br \/>\n\n<style type=\"text\/css\" data-created_by=\"avia_inline_auto\" id=\"style-css-av-18mj7n-9832996e7f68f36e029e69f9dea61c65\">\n#top .hr.hr-invisible.av-18mj7n-9832996e7f68f36e029e69f9dea61c65{\nheight:120px;\n}\n<\/style>\n<div  class='hr av-18mj7n-9832996e7f68f36e029e69f9dea61c65 hr-invisible  avia-builder-el-5  el_after_av_textblock  avia-builder-el-last '><span class='hr-inner '><span class=\"hr-inner-style\"><\/span><\/span><\/div><\/p><\/div>\n\n<\/div><\/div><\/main><!-- close content main element --><\/div><div class='av-extra-border-element border-extra-diagonal  diagonal-box-shadow'><div class='av-extra-border-outer'><div class='av-extra-border-inner'><\/div><\/div><\/div><\/div><\/div><div id='av_section_2'  class='avia-section av-g5bt5-1f98c78f47568f8425762021eb759297 main_color avia-section-default avia-no-border-styling  avia-builder-el-6  el_after_av_section  avia-builder-el-last  avia-bg-style-scroll container_wrap fullsize'  ><div class='container av-section-cont-open' ><div class='template-page content  av-content-full alpha units'><div class='post-entry post-entry-type-page post-entry-1123'><div class='entry-content-wrapper clearfix'>\n\n<style type=\"text\/css\" data-created_by=\"avia_inline_auto\" id=\"style-css-av-b4lmx-774b7d200a302c534541ede0b1b1d593\">\n.flex_column.av-b4lmx-774b7d200a302c534541ede0b1b1d593{\nborder-radius:0px 0px 0px 0px;\npadding:0px 0px 0px 0px;\n}\n<\/style>\n<div  class='flex_column av-b4lmx-774b7d200a302c534541ede0b1b1d593 av_one_third  avia-builder-el-7  el_before_av_one_third  avia-builder-el-first  first flex_column_div av-zero-column-padding  '     ><style type=\"text\/css\" data-created_by=\"avia_inline_auto\" id=\"style-css-av-jotzfz49-1359851c5f8d69c95084d7c208087de7\">\n.avia-image-container.av-jotzfz49-1359851c5f8d69c95084d7c208087de7 img.avia_image{\nbox-shadow:none;\n}\n.avia-image-container.av-jotzfz49-1359851c5f8d69c95084d7c208087de7 .av-caption-image-overlay-bg{\nopacity:0.4;\nbackground-color:#000000;\n}\n.avia-image-container.av-jotzfz49-1359851c5f8d69c95084d7c208087de7 .av-image-caption-overlay-center{\ncolor:#ffffff;\n}\n<\/style>\n<div  class='avia-image-container av-jotzfz49-1359851c5f8d69c95084d7c208087de7 av-styling- avia-align-center  avia-builder-el-8  avia-builder-el-no-sibling  noHover av-overlay-hover-deactivate'   itemprop=\"image\" itemscope=\"itemscope\" itemtype=\"https:\/\/schema.org\/ImageObject\" ><div class=\"avia-image-container-inner\"><div class=\"avia-image-overlay-wrap\"><a href=\"https:\/\/www.biekapa.com\/wp-content\/uploads\/2019\/02\/Presentacion-BIEKAPA-2018-FRANCES.pdf\" class='avia_image' target=\"_blank\" rel=\"noopener noreferrer\" aria-label='Presentacion Biekapa'><div class=\"av-image-caption-overlay\"><div class=\"av-caption-image-overlay-bg\"><\/div><div class=\"av-image-caption-overlay-position\"><div class=\"av-image-caption-overlay-center\"><p>Pr\u00e9sentation BIEKAPA<\/p>\n<\/div><\/div><\/div><img decoding=\"async\" fetchpriority=\"high\" class='wp-image-1165 avia-img-lazy-loading-not-1165 avia_image ' src=\"https:\/\/www.biekapa.com\/wp-content\/uploads\/2018\/11\/Presentacion-Biekapa.jpg\" alt='' title='Presentacion Biekapa'  height=\"909\" width=\"643\"  itemprop=\"thumbnailUrl\" srcset=\"https:\/\/www.biekapa.com\/wp-content\/uploads\/2018\/11\/Presentacion-Biekapa.jpg 643w, https:\/\/www.biekapa.com\/wp-content\/uploads\/2018\/11\/Presentacion-Biekapa-212x300.jpg 212w, https:\/\/www.biekapa.com\/wp-content\/uploads\/2018\/11\/Presentacion-Biekapa-499x705.jpg 499w, https:\/\/www.biekapa.com\/wp-content\/uploads\/2018\/11\/Presentacion-Biekapa-450x636.jpg 450w\" sizes=\"(max-width: 643px) 100vw, 643px\" \/><\/a><\/div><\/div><\/div><\/div>\n<style type=\"text\/css\" data-created_by=\"avia_inline_auto\" id=\"style-css-av-b4lmx-dc3d8e2b81b93006998357a36a9ab966\">\n.flex_column.av-b4lmx-dc3d8e2b81b93006998357a36a9ab966{\nborder-radius:0px 0px 0px 0px;\npadding:0px 0px 0px 0px;\n}\n<\/style>\n<div  class='flex_column av-b4lmx-dc3d8e2b81b93006998357a36a9ab966 av_one_third  avia-builder-el-9  el_after_av_one_third  el_before_av_one_third  flex_column_div av-zero-column-padding  '     ><style type=\"text\/css\" data-created_by=\"avia_inline_auto\" id=\"style-css-av-jotzfz49-8846657da60c5a876d81ee25b5105b0a\">\n.avia-image-container.av-jotzfz49-8846657da60c5a876d81ee25b5105b0a img.avia_image{\nbox-shadow:none;\n}\n.avia-image-container.av-jotzfz49-8846657da60c5a876d81ee25b5105b0a .av-caption-image-overlay-bg{\nopacity:0.4;\nbackground-color:#000000;\n}\n.avia-image-container.av-jotzfz49-8846657da60c5a876d81ee25b5105b0a .av-image-caption-overlay-center{\ncolor:#ffffff;\n}\n<\/style>\n<div  class='avia-image-container av-jotzfz49-8846657da60c5a876d81ee25b5105b0a av-styling- avia-align-center  avia-builder-el-10  avia-builder-el-no-sibling  noHover av-overlay-hover-deactivate'   itemprop=\"image\" itemscope=\"itemscope\" itemtype=\"https:\/\/schema.org\/ImageObject\" ><div class=\"avia-image-container-inner\"><div class=\"avia-image-overlay-wrap\"><a href=\"https:\/\/www.biekapa.com\/wp-content\/uploads\/2018\/12\/Tabiqueria-Seca-BIEKAPA-2017.pdf\" class='avia_image' target=\"_blank\" rel=\"noopener noreferrer\" aria-label='Biekapa Cat\u00e1logo Tabiquer\u00eda Seca'><div class=\"av-image-caption-overlay\"><div class=\"av-caption-image-overlay-bg\"><\/div><div class=\"av-image-caption-overlay-position\"><div class=\"av-image-caption-overlay-center\"><p>Gamme de profils pour syst\u00e8mes des ossatures m\u00e9talliques<\/p>\n<\/div><\/div><\/div><img decoding=\"async\" fetchpriority=\"high\" class='wp-image-1104 avia-img-lazy-loading-not-1104 avia_image ' src=\"https:\/\/www.biekapa.com\/wp-content\/uploads\/2018\/11\/Biekapa-Cat\u00e1logo-Tabiquer\u00eda-Seca.jpg\" alt='' title='Biekapa Cat\u00e1logo Tabiquer\u00eda Seca'  height=\"841\" width=\"595\"  itemprop=\"thumbnailUrl\" srcset=\"https:\/\/www.biekapa.com\/wp-content\/uploads\/2018\/11\/Biekapa-Cat\u00e1logo-Tabiquer\u00eda-Seca.jpg 595w, https:\/\/www.biekapa.com\/wp-content\/uploads\/2018\/11\/Biekapa-Cat\u00e1logo-Tabiquer\u00eda-Seca-212x300.jpg 212w, https:\/\/www.biekapa.com\/wp-content\/uploads\/2018\/11\/Biekapa-Cat\u00e1logo-Tabiquer\u00eda-Seca-499x705.jpg 499w, https:\/\/www.biekapa.com\/wp-content\/uploads\/2018\/11\/Biekapa-Cat\u00e1logo-Tabiquer\u00eda-Seca-450x636.jpg 450w\" sizes=\"(max-width: 595px) 100vw, 595px\" \/><\/a><\/div><\/div><\/div><\/div>\n<style type=\"text\/css\" data-created_by=\"avia_inline_auto\" id=\"style-css-av-b4lmx-dc3d8e2b81b93006998357a36a9ab966\">\n.flex_column.av-b4lmx-dc3d8e2b81b93006998357a36a9ab966{\nborder-radius:0px 0px 0px 0px;\npadding:0px 0px 0px 0px;\n}\n<\/style>\n<div  class='flex_column av-b4lmx-dc3d8e2b81b93006998357a36a9ab966 av_one_third  avia-builder-el-11  el_after_av_one_third  avia-builder-el-last  flex_column_div av-zero-column-padding  '     ><style type=\"text\/css\" data-created_by=\"avia_inline_auto\" id=\"style-css-av-jotzfz49-714e06de2026f00ec9fdc1c7f838246a\">\n.avia-image-container.av-jotzfz49-714e06de2026f00ec9fdc1c7f838246a img.avia_image{\nbox-shadow:none;\n}\n.avia-image-container.av-jotzfz49-714e06de2026f00ec9fdc1c7f838246a .av-caption-image-overlay-bg{\nopacity:0.4;\nbackground-color:#000000;\n}\n.avia-image-container.av-jotzfz49-714e06de2026f00ec9fdc1c7f838246a .av-image-caption-overlay-center{\ncolor:#ffffff;\n}\n<\/style>\n<div  class='avia-image-container av-jotzfz49-714e06de2026f00ec9fdc1c7f838246a av-styling- avia-align-center  avia-builder-el-12  avia-builder-el-no-sibling  noHover av-overlay-hover-deactivate'   itemprop=\"image\" itemscope=\"itemscope\" itemtype=\"https:\/\/schema.org\/ImageObject\" ><div class=\"avia-image-container-inner\"><div class=\"avia-image-overlay-wrap\"><a href=\"https:\/\/www.biekapa.com\/wp-content\/uploads\/2024\/12\/AF-Postes-Vinedos-BIEKAPA-2024-FR-WEB.pdf\" class='avia_image' target=\"_blank\" rel=\"noopener noreferrer\" aria-label='Portada Fabricant de profile\u0117s me\u0117taliques FR'><div class=\"av-image-caption-overlay\"><div class=\"av-caption-image-overlay-bg\"><\/div><div class=\"av-image-caption-overlay-position\"><div class=\"av-image-caption-overlay-center\"><p>Catalogue Piquets et Accessoires pour Vignobles<\/p>\n<\/div><\/div><\/div><img decoding=\"async\" fetchpriority=\"high\" class='wp-image-6581 avia-img-lazy-loading-not-6581 avia_image ' src=\"https:\/\/www.biekapa.com\/wp-content\/uploads\/2024\/12\/Portada-Fabricant-de-profilees-meetaliques-FR.jpg\" alt='' title='Portada Fabricant de profile\u0117s me\u0117taliques FR'  height=\"1747\" width=\"1234\"  itemprop=\"thumbnailUrl\" srcset=\"https:\/\/www.biekapa.com\/wp-content\/uploads\/2024\/12\/Portada-Fabricant-de-profilees-meetaliques-FR.jpg 1234w, https:\/\/www.biekapa.com\/wp-content\/uploads\/2024\/12\/Portada-Fabricant-de-profilees-meetaliques-FR-212x300.jpg 212w, https:\/\/www.biekapa.com\/wp-content\/uploads\/2024\/12\/Portada-Fabricant-de-profilees-meetaliques-FR-728x1030.jpg 728w, https:\/\/www.biekapa.com\/wp-content\/uploads\/2024\/12\/Portada-Fabricant-de-profilees-meetaliques-FR-768x1087.jpg 768w, https:\/\/www.biekapa.com\/wp-content\/uploads\/2024\/12\/Portada-Fabricant-de-profilees-meetaliques-FR-1085x1536.jpg 1085w, https:\/\/www.biekapa.com\/wp-content\/uploads\/2024\/12\/Portada-Fabricant-de-profilees-meetaliques-FR-1060x1500.jpg 1060w, https:\/\/www.biekapa.com\/wp-content\/uploads\/2024\/12\/Portada-Fabricant-de-profilees-meetaliques-FR-498x705.jpg 498w\" sizes=\"(max-width: 1234px) 100vw, 1234px\" \/><\/a><\/div><\/div><\/div><\/div>\n","protected":false},"excerpt":{"rendered":"","protected":false},"author":2,"featured_media":0,"parent":0,"menu_order":58,"comment_status":"closed","ping_status":"closed","template":"","meta":{"footnotes":""},"class_list":["post-1123","page","type-page","status-publish","hentry"],"yoast_head":"<!-- This site is optimized with the Yoast SEO plugin v27.1.1 - https:\/\/yoast.com\/product\/yoast-seo-wordpress\/ -->\n<title>Cat\u00e1logos Biekapa Perfiladores | Fabricaci\u00f3n de Perfiles en Acero<\/title>\n<meta name=\"description\" content=\"Cat\u00e1logos Biekapa Perfiladores | Conoce toda nuestra gama de Perfiles para tabiquer\u00eda seca y nuestros Postes y Accesorios para Vi\u00f1edos. Oiartzun Gipuzkoa\" \/>\n<meta name=\"robots\" content=\"index, follow, max-snippet:-1, max-image-preview:large, max-video-preview:-1\" \/>\n<link rel=\"canonical\" href=\"https:\/\/www.biekapa.com\/fr\/catalogues\/\" \/>\n<meta property=\"og:locale\" content=\"fr_FR\" \/>\n<meta property=\"og:type\" content=\"article\" \/>\n<meta property=\"og:title\" content=\"Cat\u00e1logos Biekapa Perfiladores | Fabricaci\u00f3n de Perfiles en Acero\" \/>\n<meta property=\"og:description\" content=\"Cat\u00e1logos Biekapa Perfiladores | Conoce toda nuestra gama de Perfiles para tabiquer\u00eda seca y nuestros Postes y Accesorios para Vi\u00f1edos. Oiartzun Gipuzkoa\" \/>\n<meta property=\"og:url\" content=\"https:\/\/www.biekapa.com\/fr\/catalogues\/\" \/>\n<meta property=\"og:site_name\" content=\"Biekapa\" \/>\n<meta property=\"article:modified_time\" content=\"2024-12-03T11:15:28+00:00\" \/>\n<meta name=\"twitter:card\" content=\"summary_large_image\" \/>\n<meta name=\"twitter:label1\" content=\"Est. reading time\" \/>\n\t<meta name=\"twitter:data1\" content=\"1 minute\" \/>\n<script type=\"application\/ld+json\" class=\"yoast-schema-graph\">{\"@context\":\"https:\/\/schema.org\",\"@graph\":[{\"@type\":\"WebPage\",\"@id\":\"https:\/\/www.biekapa.com\/fr\/catalogues\/\",\"url\":\"https:\/\/www.biekapa.com\/fr\/catalogues\/\",\"name\":\"Cat\u00e1logos Biekapa Perfiladores | Fabricaci\u00f3n de Perfiles en Acero\",\"isPartOf\":{\"@id\":\"https:\/\/www.biekapa.com\/#website\"},\"datePublished\":\"2018-11-22T10:23:00+00:00\",\"dateModified\":\"2024-12-03T11:15:28+00:00\",\"description\":\"Cat\u00e1logos Biekapa Perfiladores | Conoce toda nuestra gama de Perfiles para tabiquer\u00eda seca y nuestros Postes y Accesorios para Vi\u00f1edos. Oiartzun Gipuzkoa\",\"breadcrumb\":{\"@id\":\"https:\/\/www.biekapa.com\/fr\/catalogues\/#breadcrumb\"},\"inLanguage\":\"fr-FR\",\"potentialAction\":[{\"@type\":\"ReadAction\",\"target\":[\"https:\/\/www.biekapa.com\/fr\/catalogues\/\"]}]},{\"@type\":\"BreadcrumbList\",\"@id\":\"https:\/\/www.biekapa.com\/fr\/catalogues\/#breadcrumb\",\"itemListElement\":[{\"@type\":\"ListItem\",\"position\":1,\"name\":\"Portada\",\"item\":\"https:\/\/www.biekapa.com\/fr\/\"},{\"@type\":\"ListItem\",\"position\":2,\"name\":\"Catalogues\"}]},{\"@type\":\"WebSite\",\"@id\":\"https:\/\/www.biekapa.com\/#website\",\"url\":\"https:\/\/www.biekapa.com\/\",\"name\":\"Biekapa\",\"description\":\"Perfiladores\",\"potentialAction\":[{\"@type\":\"SearchAction\",\"target\":{\"@type\":\"EntryPoint\",\"urlTemplate\":\"https:\/\/www.biekapa.com\/?s={search_term_string}\"},\"query-input\":{\"@type\":\"PropertyValueSpecification\",\"valueRequired\":true,\"valueName\":\"search_term_string\"}}],\"inLanguage\":\"fr-FR\"}]}<\/script>\n<!-- \/ Yoast SEO plugin. -->","yoast_head_json":{"title":"Cat\u00e1logos Biekapa Perfiladores | Fabricaci\u00f3n de Perfiles en Acero","description":"Cat\u00e1logos Biekapa Perfiladores | Conoce toda nuestra gama de Perfiles para tabiquer\u00eda seca y nuestros Postes y Accesorios para Vi\u00f1edos. Oiartzun Gipuzkoa","robots":{"index":"index","follow":"follow","max-snippet":"max-snippet:-1","max-image-preview":"max-image-preview:large","max-video-preview":"max-video-preview:-1"},"canonical":"https:\/\/www.biekapa.com\/fr\/catalogues\/","og_locale":"fr_FR","og_type":"article","og_title":"Cat\u00e1logos Biekapa Perfiladores | Fabricaci\u00f3n de Perfiles en Acero","og_description":"Cat\u00e1logos Biekapa Perfiladores | Conoce toda nuestra gama de Perfiles para tabiquer\u00eda seca y nuestros Postes y Accesorios para Vi\u00f1edos. Oiartzun Gipuzkoa","og_url":"https:\/\/www.biekapa.com\/fr\/catalogues\/","og_site_name":"Biekapa","article_modified_time":"2024-12-03T11:15:28+00:00","twitter_card":"summary_large_image","twitter_misc":{"Est. reading time":"1 minute"},"schema":{"@context":"https:\/\/schema.org","@graph":[{"@type":"WebPage","@id":"https:\/\/www.biekapa.com\/fr\/catalogues\/","url":"https:\/\/www.biekapa.com\/fr\/catalogues\/","name":"Cat\u00e1logos Biekapa Perfiladores | Fabricaci\u00f3n de Perfiles en Acero","isPartOf":{"@id":"https:\/\/www.biekapa.com\/#website"},"datePublished":"2018-11-22T10:23:00+00:00","dateModified":"2024-12-03T11:15:28+00:00","description":"Cat\u00e1logos Biekapa Perfiladores | Conoce toda nuestra gama de Perfiles para tabiquer\u00eda seca y nuestros Postes y Accesorios para Vi\u00f1edos. Oiartzun Gipuzkoa","breadcrumb":{"@id":"https:\/\/www.biekapa.com\/fr\/catalogues\/#breadcrumb"},"inLanguage":"fr-FR","potentialAction":[{"@type":"ReadAction","target":["https:\/\/www.biekapa.com\/fr\/catalogues\/"]}]},{"@type":"BreadcrumbList","@id":"https:\/\/www.biekapa.com\/fr\/catalogues\/#breadcrumb","itemListElement":[{"@type":"ListItem","position":1,"name":"Portada","item":"https:\/\/www.biekapa.com\/fr\/"},{"@type":"ListItem","position":2,"name":"Catalogues"}]},{"@type":"WebSite","@id":"https:\/\/www.biekapa.com\/#website","url":"https:\/\/www.biekapa.com\/","name":"Biekapa","description":"Perfiladores","potentialAction":[{"@type":"SearchAction","target":{"@type":"EntryPoint","urlTemplate":"https:\/\/www.biekapa.com\/?s={search_term_string}"},"query-input":{"@type":"PropertyValueSpecification","valueRequired":true,"valueName":"search_term_string"}}],"inLanguage":"fr-FR"}]}},"_links":{"self":[{"href":"https:\/\/www.biekapa.com\/fr\/wp-json\/wp\/v2\/pages\/1123","targetHints":{"allow":["GET"]}}],"collection":[{"href":"https:\/\/www.biekapa.com\/fr\/wp-json\/wp\/v2\/pages"}],"about":[{"href":"https:\/\/www.biekapa.com\/fr\/wp-json\/wp\/v2\/types\/page"}],"author":[{"embeddable":true,"href":"https:\/\/www.biekapa.com\/fr\/wp-json\/wp\/v2\/users\/2"}],"replies":[{"embeddable":true,"href":"https:\/\/www.biekapa.com\/fr\/wp-json\/wp\/v2\/comments?post=1123"}],"version-history":[{"count":9,"href":"https:\/\/www.biekapa.com\/fr\/wp-json\/wp\/v2\/pages\/1123\/revisions"}],"predecessor-version":[{"id":6586,"href":"https:\/\/www.biekapa.com\/fr\/wp-json\/wp\/v2\/pages\/1123\/revisions\/6586"}],"wp:attachment":[{"href":"https:\/\/www.biekapa.com\/fr\/wp-json\/wp\/v2\/media?parent=1123"}],"curies":[{"name":"wp","href":"https:\/\/api.w.org\/{rel}","templated":true}]}}