{"id":1132,"date":"2018-11-21T16:10:12","date_gmt":"2018-11-21T15:10:12","guid":{"rendered":"http:\/\/www.biekapa.com\/contacto\/"},"modified":"2020-09-16T16:36:03","modified_gmt":"2020-09-16T15:36:03","slug":"contact","status":"publish","type":"page","link":"https:\/\/www.biekapa.com\/fr\/contact\/","title":{"rendered":"Contact"},"content":{"rendered":"\n<style type=\"text\/css\" data-created_by=\"avia_inline_auto\" id=\"style-css-av-dbz1uz-9f79adce1bfbc70496915b4bf6b24634\">\n.avia-section.av-dbz1uz-9f79adce1bfbc70496915b4bf6b24634{\nbackground-color:#ffffff;\nbackground-image:url(https:\/\/www.biekapa.com\/wp-content\/uploads\/2018\/12\/Biekapa-Perfiles-Gipuzkoa-00002.jpg);\nbackground-repeat:no-repeat;\nbackground-position:0% 0%;\nbackground-attachment:fixed;\n}\n.avia-section.av-dbz1uz-9f79adce1bfbc70496915b4bf6b24634 .av-section-color-overlay{\nopacity:0.6;\nbackground-color:#ffffff;\n}\n.avia-section.av-dbz1uz-9f79adce1bfbc70496915b4bf6b24634 .av-extra-border-element .av-extra-border-inner{\nbackground-color:#ffffff;\n}\n<\/style>\n<div id='av_section_1'  class='avia-section av-dbz1uz-9f79adce1bfbc70496915b4bf6b24634 main_color avia-section-large avia-no-border-styling  avia-builder-el-0  el_before_av_one_half  avia-builder-el-first  avia-full-stretch avia-bg-style-fixed av-section-color-overlay-active container_wrap fullsize'  data-section-bg-repeat='stretch'><div class=\"av-section-color-overlay-wrap\"><div class=\"av-section-color-overlay\"><\/div><a href='#next-section' title='' class='scroll-down-link ' aria-hidden='true' data-av_icon='\ue877' data-av_iconfont='entypo-fontello'><\/a><div class='container av-section-cont-open' ><main  role=\"main\" itemprop=\"mainContentOfPage\"  class='template-page content  av-content-full alpha units'><div class='post-entry post-entry-type-page post-entry-1132'><div class='entry-content-wrapper clearfix'>\n\n<style type=\"text\/css\" data-created_by=\"avia_inline_auto\" id=\"style-css-av-d0ldej-eb313229f87800d1b2795aa74d1454ec\">\n.flex_column.av-d0ldej-eb313229f87800d1b2795aa74d1454ec{\nborder-radius:0px 0px 0px 0px;\npadding:20px 20px 20px 20px;\n}\n<\/style>\n<div  class='flex_column av-d0ldej-eb313229f87800d1b2795aa74d1454ec av_one_full  avia-builder-el-1  avia-builder-el-no-sibling  first flex_column_div av-animated-generic top-to-bottom  '     ><p>\n<style type=\"text\/css\" data-created_by=\"avia_inline_auto\" id=\"style-css-av-js602ey0-80a8a9bcb76d2950b202b07b8f196a09\">\n#top .av-special-heading.av-js602ey0-80a8a9bcb76d2950b202b07b8f196a09{\npadding-bottom:0;\nfont-size:40px;\n}\nbody .av-special-heading.av-js602ey0-80a8a9bcb76d2950b202b07b8f196a09 .av-special-heading-tag .heading-char{\nfont-size:25px;\n}\n#top #wrap_all .av-special-heading.av-js602ey0-80a8a9bcb76d2950b202b07b8f196a09 .av-special-heading-tag{\nfont-size:40px;\n}\n.av-special-heading.av-js602ey0-80a8a9bcb76d2950b202b07b8f196a09 .av-subheading{\nfont-size:15px;\n}\n\n@media only screen and (min-width: 480px) and (max-width: 767px){ \n#top #wrap_all .av-special-heading.av-js602ey0-80a8a9bcb76d2950b202b07b8f196a09 .av-special-heading-tag{\nfont-size:0.8em;\n}\n}\n\n@media only screen and (max-width: 479px){ \n#top #wrap_all .av-special-heading.av-js602ey0-80a8a9bcb76d2950b202b07b8f196a09 .av-special-heading-tag{\nfont-size:0.8em;\n}\n}\n<\/style>\n<div  class='av-special-heading av-js602ey0-80a8a9bcb76d2950b202b07b8f196a09 av-special-heading-h3 blockquote modern-quote modern-centered  avia-builder-el-2  el_before_av_hr  avia-builder-el-first  av-inherit-size'><h3 class='av-special-heading-tag'  itemprop=\"headline\"  >CONTACT<\/h3><div class=\"special-heading-border\"><div class=\"special-heading-inner-border\"><\/div><\/div><\/div><br \/>\n\n<style type=\"text\/css\" data-created_by=\"avia_inline_auto\" id=\"style-css-av-cotw17-3b2264b6cc8369b855d06d1687662b1f\">\n#top .hr.av-cotw17-3b2264b6cc8369b855d06d1687662b1f{\nmargin-top:30px;\nmargin-bottom:30px;\n}\n.hr.av-cotw17-3b2264b6cc8369b855d06d1687662b1f .hr-inner{\nwidth:50px;\nborder-color:#000000;\n}\n<\/style>\n<div  class='hr av-cotw17-3b2264b6cc8369b855d06d1687662b1f hr-custom  avia-builder-el-3  el_after_av_heading  el_before_av_textblock  hr-center hr-icon-no'><span class='hr-inner inner-border-av-border-thin'><span class=\"hr-inner-style\"><\/span><\/span><\/div><br \/>\n\n<style type=\"text\/css\" data-created_by=\"avia_inline_auto\" id=\"style-css-av-ckg50r-3352883846c88c01836270e522f82d9e\">\n#top .av_textblock_section.av-ckg50r-3352883846c88c01836270e522f82d9e .avia_textblock{\nfont-size:22px;\n}\n<\/style>\n<section  class='av_textblock_section av-ckg50r-3352883846c88c01836270e522f82d9e '   itemscope=\"itemscope\" itemtype=\"https:\/\/schema.org\/CreativeWork\" ><div class='avia_textblock'  itemprop=\"text\" ><p style=\"text-align: center;\">Pour poser des questions sur nos profils ou nous envoyer un commentaire, remplissez simplement le formulaire ci-dessous et l\u00b4\u00e9quipe Biekapa vous contactera dans les plus brefs d\u00e9lais. Si vous pr\u00e9f\u00e9rez, \u00e9crivez-nous directement \u00e0 l&#8217;adresse \u00e9lectronique \u00a0<a href=\"mailto:info@biekapa.com\">info@biekapa.com<\/a><\/p>\n<\/div><\/section><br \/>\n\n<style type=\"text\/css\" data-created_by=\"avia_inline_auto\" id=\"style-css-av-18mj7n-9832996e7f68f36e029e69f9dea61c65\">\n#top .hr.hr-invisible.av-18mj7n-9832996e7f68f36e029e69f9dea61c65{\nheight:120px;\n}\n<\/style>\n<div  class='hr av-18mj7n-9832996e7f68f36e029e69f9dea61c65 hr-invisible  avia-builder-el-5  el_after_av_textblock  avia-builder-el-last '><span class='hr-inner '><span class=\"hr-inner-style\"><\/span><\/span><\/div><\/p><\/div><\/div><\/div><\/main><!-- close content main element --><\/div><div class='av-extra-border-element border-extra-diagonal  diagonal-box-shadow'><div class='av-extra-border-outer'><div class='av-extra-border-inner'><\/div><\/div><\/div><\/div><\/div><div id='after_section_1'  class='main_color av_default_container_wrap container_wrap fullsize'  ><div class='container av-section-cont-open' ><div class='template-page content  av-content-full alpha units'><div class='post-entry post-entry-type-page post-entry-1132'><div class='entry-content-wrapper clearfix'>\n<style type=\"text\/css\" data-created_by=\"avia_inline_auto\" id=\"style-css-av-qvvkl-144a4d9d6508ee3b9dcafdc504438cff\">\n.flex_column.av-qvvkl-144a4d9d6508ee3b9dcafdc504438cff{\nborder-radius:0px 0px 0px 0px;\npadding:0px 0px 0px 0px;\n}\n<\/style>\n<div  class='flex_column av-qvvkl-144a4d9d6508ee3b9dcafdc504438cff av_one_half  avia-builder-el-6  el_after_av_section  el_before_av_one_half  avia-builder-el-first  first flex_column_div av-zero-column-padding  '     ><p><section  class='av_textblock_section av-jorf6231-f5efa3d687843d2509e0efa8db79df49 '   itemscope=\"itemscope\" itemtype=\"https:\/\/schema.org\/CreativeWork\" ><div class='avia_textblock'  itemprop=\"text\" ><p>BIEKAPA PROFILEURS<\/p>\n<p>Pol\u00edgono Lintzirin, 12<br \/>\n20180 Oiartzun<br \/>\nGipuzkoa<\/p>\n\n<style type=\"text\/css\" data-created_by=\"avia_inline_auto\" id=\"style-css-av-lq2j1-b855d6e726aaeff0a786201b7cbec288\">\n.av_font_icon.av-lq2j1-b855d6e726aaeff0a786201b7cbec288 .av-icon-char{\nfont-size:30px;\nline-height:30px;\n}\n<\/style>\n<span  class='av_font_icon av-lq2j1-b855d6e726aaeff0a786201b7cbec288 avia_animate_when_visible av-icon-style- avia-icon-pos-left av-no-color avia-icon-animate'><span class='av-icon-char' aria-hidden='true' data-av_icon='\ue854' data-av_iconfont='entypo-fontello' ><\/span><\/span>\n<p>943 639 189<\/p>\n\n<style type=\"text\/css\" data-created_by=\"avia_inline_auto\" id=\"style-css-av-d2pf9-68f1127d1852dc83397c8c1beb071599\">\n.av_font_icon.av-d2pf9-68f1127d1852dc83397c8c1beb071599 .av-icon-char{\nfont-size:30px;\nline-height:30px;\n}\n<\/style>\n<span  class='av_font_icon av-d2pf9-68f1127d1852dc83397c8c1beb071599 avia_animate_when_visible av-icon-style- avia-icon-pos-left av-no-color avia-icon-animate'><span class='av-icon-char' aria-hidden='true' data-av_icon='\ue805' data-av_iconfont='entypo-fontello' ><\/span><\/span>\n<p><a href=\"mailto:info@biekapa.com\">info@biekapa.com<\/a><\/p>\n<p>Heures de bureau : du lundi au vendredi : de 8h30 \u00e0 17h30<\/p>\n<\/div><\/section><br \/>\n<section  class='av_textblock_section av-jorf6231-f5efa3d687843d2509e0efa8db79df49 '   itemscope=\"itemscope\" itemtype=\"https:\/\/schema.org\/CreativeWork\" ><div class='avia_textblock'  itemprop=\"text\" ><p><iframe loading=\"lazy\" style=\"border: 0;\" src=\"https:\/\/www.google.com\/maps\/embed?pb=!1m18!1m12!1m3!1d46443.01567330002!2d-1.8859345710229816!3d43.32078030818524!2m3!1f0!2f0!3f0!3m2!1i1024!2i768!4f13.1!3m3!1m2!1s0xd51afa99a093ed5%3A0xe5e23c4c48723713!2sBIEKAPA+-+Biek+Kapa+Perfiladores+S.L.!5e0!3m2!1ses!2ses!4v1545062504969\" width=\"600\" height=\"450\" frameborder=\"0\" allowfullscreen=\"allowfullscreen\"><\/iframe><\/p>\n<\/div><\/section><\/p><\/div>\n<style type=\"text\/css\" data-created_by=\"avia_inline_auto\" id=\"style-css-av-bvn9p-0959bbb2d9b4723eea136bae00a7b859\">\n.flex_column.av-bvn9p-0959bbb2d9b4723eea136bae00a7b859{\nborder-radius:0px 0px 0px 0px;\npadding:0px 0px 0px 0px;\n}\n<\/style>\n<div  class='flex_column av-bvn9p-0959bbb2d9b4723eea136bae00a7b859 av_one_half  avia-builder-el-11  el_after_av_one_half  avia-builder-el-last  flex_column_div av-zero-column-padding  '     ><p><section  class='av_textblock_section av-jorf6231-f5efa3d687843d2509e0efa8db79df49 '   itemscope=\"itemscope\" itemtype=\"https:\/\/schema.org\/CreativeWork\" ><div class='avia_textblock'  itemprop=\"text\" ><p>COMMENT POUVONS-NOUS VOUS AIDER?<\/p>\n<\/div><\/section><br \/>\n<section  class='av_textblock_section av-jorf6231-f5efa3d687843d2509e0efa8db79df49 '   itemscope=\"itemscope\" itemtype=\"https:\/\/schema.org\/CreativeWork\" ><div class='avia_textblock'  itemprop=\"text\" >\n<div class=\"wpcf7 no-js\" id=\"wpcf7-f1498-o1\" lang=\"es-ES\" dir=\"ltr\" data-wpcf7-id=\"1498\">\n<div class=\"screen-reader-response\"><p role=\"status\" aria-live=\"polite\" aria-atomic=\"true\"><\/p> <ul><\/ul><\/div>\n<form action=\"\/fr\/wp-json\/wp\/v2\/pages\/1132#wpcf7-f1498-o1\" method=\"post\" class=\"wpcf7-form init\" aria-label=\"Contact form\" novalidate=\"novalidate\" data-status=\"init\">\n<fieldset class=\"hidden-fields-container\"><input type=\"hidden\" name=\"_wpcf7\" value=\"1498\" \/><input type=\"hidden\" name=\"_wpcf7_version\" value=\"6.1.5\" \/><input type=\"hidden\" name=\"_wpcf7_locale\" value=\"es_ES\" \/><input type=\"hidden\" name=\"_wpcf7_unit_tag\" value=\"wpcf7-f1498-o1\" \/><input type=\"hidden\" name=\"_wpcf7_container_post\" value=\"0\" \/><input type=\"hidden\" name=\"_wpcf7_posted_data_hash\" value=\"\" \/>\n<\/fieldset>\n<p><label> Nom et pr\u00e9nom*<br \/>\n<span class=\"wpcf7-form-control-wrap\" data-name=\"your-name\"><input size=\"40\" maxlength=\"400\" class=\"wpcf7-form-control wpcf7-text wpcf7-validates-as-required\" aria-required=\"true\" aria-invalid=\"false\" value=\"\" type=\"text\" name=\"your-name\" \/><\/span> <\/label>\n<\/p>\n<p><label> Email*<br \/>\n<span class=\"wpcf7-form-control-wrap\" data-name=\"your-email\"><input size=\"40\" maxlength=\"400\" class=\"wpcf7-form-control wpcf7-email wpcf7-validates-as-required wpcf7-text wpcf7-validates-as-email\" aria-required=\"true\" aria-invalid=\"false\" value=\"\" type=\"email\" name=\"your-email\" \/><\/span> <\/label>\n<\/p>\n<p><label> Message*<br \/>\n<span class=\"wpcf7-form-control-wrap\" data-name=\"your-message\"><textarea cols=\"40\" rows=\"10\" maxlength=\"2000\" class=\"wpcf7-form-control wpcf7-textarea wpcf7-validates-as-required\" aria-required=\"true\" aria-invalid=\"false\" name=\"your-message\"><\/textarea><\/span> <\/label>\n<\/p>\n<p><span class=\"wpcf7-form-control-wrap\" data-name=\"aceptar\"><span class=\"wpcf7-form-control wpcf7-acceptance\"><span class=\"wpcf7-list-item\"><label><input type=\"checkbox\" name=\"aceptar\" value=\"1\" aria-invalid=\"false\" \/><span class=\"wpcf7-list-item-label\">J'ai lu et j\u2019accepte la <a style=\"text-decoration: underline;\" href=\"https:\/\/www.biekapa.com\/politica-de-privacidad\/\">politique de confidentialit\u00e9.<\/a>.<\/span><\/label><\/span><\/span><\/span><br \/>\n<span id=\"wpcf7-69e5e0e7b62ab-wrapper\" class=\"wpcf7-form-control-wrap email-0-wrap\" ><label for=\"wpcf7-69e5e0e7b62ab-field\" class=\"hp-message\">Please leave this field empty.<\/label><input id=\"wpcf7-69e5e0e7b62ab-field\"  class=\"wpcf7-form-control wpcf7-text\" type=\"text\" name=\"email-0\" value=\"\" size=\"40\" tabindex=\"-1\" autocomplete=\"new-password\" \/><\/span><br \/>\n<input class=\"wpcf7-form-control wpcf7-submit has-spinner\" type=\"submit\" value=\"Envoyer\" \/>\n<\/p>\n<p style=\"line-height:0.7;\">\n\t<font size=\"1\">\nGestionnaire de traitement : Biekapa\nObjet du traitement et l\u00e9gitimation : Gestion des utilisateurs qui contactent Biekapa via le formulaire de contact pour demander des informations.\nBase de l\u00e9gitimation : consentement de la partie int\u00e9ress\u00e9e lors de la r\u00e9daction et de l'envoi du formulaire et en cochant la case d'acceptation de la pr\u00e9sente d\u00e9claration de confidentialit\u00e9.\nDestinataires des missions : aucune donn\u00e9e ne sera transf\u00e9r\u00e9e \u00e0 des tiers.\nDestinataire du transfert international : Aucun transfert international n'est effectu\u00e9.\nDroits des parties int\u00e9ress\u00e9es : retirer \u00e0 tout moment leur consentement pour s'opposer au traitement, acc\u00e9der aux donn\u00e9es, les rectifier et les supprimer, ainsi que d'autres droits, comme expliqu\u00e9 dans les <a href=\"https:\/\/www.biekapa.com\/politica-de-privacidad\/\">informations suppl\u00e9mentaires<\/a> ou en \u00e9crivant \u00e0 info@biekapa.com\nInformations compl\u00e9mentaires : Vous pouvez consulter les informations compl\u00e9mentaires et d\u00e9taill\u00e9es sous : <a title=\"Ir a informaci\u00f3n adicional\" href=\"https:\/\/www.biekapa.com\/politica-de-privacidad\/\" target=\"_parent\" rel=\"noopener\">\"2\u00e8me couche: informations compl\u00e9mentaires et d\u00e9taill\u00e9es\"<\/a>\n\t<\/font>\n<\/p><p style=\"display: none !important;\" class=\"akismet-fields-container\" data-prefix=\"_wpcf7_ak_\"><label>&#916;<textarea name=\"_wpcf7_ak_hp_textarea\" cols=\"45\" rows=\"8\" maxlength=\"100\"><\/textarea><\/label><input type=\"hidden\" id=\"ak_js_1\" name=\"_wpcf7_ak_js\" value=\"155\"\/><script>document.getElementById( \"ak_js_1\" ).setAttribute( \"value\", ( new Date() ).getTime() );<\/script><\/p><div class=\"wpcf7-response-output\" aria-hidden=\"true\"><\/div>\n<\/form>\n<\/div>\n\n<\/div><\/section><\/p><\/div><\/p>\n","protected":false},"excerpt":{"rendered":"","protected":false},"author":2,"featured_media":0,"parent":0,"menu_order":65,"comment_status":"closed","ping_status":"closed","template":"","meta":{"footnotes":""},"class_list":["post-1132","page","type-page","status-publish","hentry"],"yoast_head":"<!-- This site is optimized with the Yoast SEO plugin v27.1.1 - https:\/\/yoast.com\/product\/yoast-seo-wordpress\/ -->\n<title>Contacto | Biekapa Perfiladores | Fabricaci\u00f3n de Perfiles de Acero<\/title>\n<meta name=\"description\" content=\"Contacto Biekapa Perfiladores | Estamos en Pol\u00edgono Lintzirin en Oiartzun. info@biekapa.com 943 639 189 | Fabricaci\u00f3n de Perfiles de Acero Gipuzkoa\" \/>\n<meta name=\"robots\" content=\"index, follow, max-snippet:-1, max-image-preview:large, max-video-preview:-1\" \/>\n<link rel=\"canonical\" href=\"https:\/\/www.biekapa.com\/fr\/contact\/\" \/>\n<meta property=\"og:locale\" content=\"fr_FR\" \/>\n<meta property=\"og:type\" content=\"article\" \/>\n<meta property=\"og:title\" content=\"Contacto | Biekapa Perfiladores | Fabricaci\u00f3n de Perfiles de Acero\" \/>\n<meta property=\"og:description\" content=\"Contacto Biekapa Perfiladores | Estamos en Pol\u00edgono Lintzirin en Oiartzun. info@biekapa.com 943 639 189 | Fabricaci\u00f3n de Perfiles de Acero Gipuzkoa\" \/>\n<meta property=\"og:url\" content=\"https:\/\/www.biekapa.com\/fr\/contact\/\" \/>\n<meta property=\"og:site_name\" content=\"Biekapa\" \/>\n<meta property=\"article:modified_time\" content=\"2020-09-16T15:36:03+00:00\" \/>\n<meta name=\"twitter:card\" content=\"summary_large_image\" \/>\n<meta name=\"twitter:label1\" content=\"Est. reading time\" \/>\n\t<meta name=\"twitter:data1\" content=\"4 minutes\" \/>\n<script type=\"application\/ld+json\" class=\"yoast-schema-graph\">{\"@context\":\"https:\/\/schema.org\",\"@graph\":[{\"@type\":\"WebPage\",\"@id\":\"https:\/\/www.biekapa.com\/fr\/contact\/\",\"url\":\"https:\/\/www.biekapa.com\/fr\/contact\/\",\"name\":\"Contacto | Biekapa Perfiladores | Fabricaci\u00f3n de Perfiles de Acero\",\"isPartOf\":{\"@id\":\"https:\/\/www.biekapa.com\/#website\"},\"datePublished\":\"2018-11-21T15:10:12+00:00\",\"dateModified\":\"2020-09-16T15:36:03+00:00\",\"description\":\"Contacto Biekapa Perfiladores | Estamos en Pol\u00edgono Lintzirin en Oiartzun. info@biekapa.com 943 639 189 | Fabricaci\u00f3n de Perfiles de Acero Gipuzkoa\",\"breadcrumb\":{\"@id\":\"https:\/\/www.biekapa.com\/fr\/contact\/#breadcrumb\"},\"inLanguage\":\"fr-FR\",\"potentialAction\":[{\"@type\":\"ReadAction\",\"target\":[\"https:\/\/www.biekapa.com\/fr\/contact\/\"]}]},{\"@type\":\"BreadcrumbList\",\"@id\":\"https:\/\/www.biekapa.com\/fr\/contact\/#breadcrumb\",\"itemListElement\":[{\"@type\":\"ListItem\",\"position\":1,\"name\":\"Portada\",\"item\":\"https:\/\/www.biekapa.com\/fr\/\"},{\"@type\":\"ListItem\",\"position\":2,\"name\":\"Contact\"}]},{\"@type\":\"WebSite\",\"@id\":\"https:\/\/www.biekapa.com\/#website\",\"url\":\"https:\/\/www.biekapa.com\/\",\"name\":\"Biekapa\",\"description\":\"Perfiladores\",\"potentialAction\":[{\"@type\":\"SearchAction\",\"target\":{\"@type\":\"EntryPoint\",\"urlTemplate\":\"https:\/\/www.biekapa.com\/?s={search_term_string}\"},\"query-input\":{\"@type\":\"PropertyValueSpecification\",\"valueRequired\":true,\"valueName\":\"search_term_string\"}}],\"inLanguage\":\"fr-FR\"}]}<\/script>\n<!-- \/ Yoast SEO plugin. -->","yoast_head_json":{"title":"Contacto | Biekapa Perfiladores | Fabricaci\u00f3n de Perfiles de Acero","description":"Contacto Biekapa Perfiladores | Estamos en Pol\u00edgono Lintzirin en Oiartzun. info@biekapa.com 943 639 189 | Fabricaci\u00f3n de Perfiles de Acero Gipuzkoa","robots":{"index":"index","follow":"follow","max-snippet":"max-snippet:-1","max-image-preview":"max-image-preview:large","max-video-preview":"max-video-preview:-1"},"canonical":"https:\/\/www.biekapa.com\/fr\/contact\/","og_locale":"fr_FR","og_type":"article","og_title":"Contacto | Biekapa Perfiladores | Fabricaci\u00f3n de Perfiles de Acero","og_description":"Contacto Biekapa Perfiladores | Estamos en Pol\u00edgono Lintzirin en Oiartzun. info@biekapa.com 943 639 189 | Fabricaci\u00f3n de Perfiles de Acero Gipuzkoa","og_url":"https:\/\/www.biekapa.com\/fr\/contact\/","og_site_name":"Biekapa","article_modified_time":"2020-09-16T15:36:03+00:00","twitter_card":"summary_large_image","twitter_misc":{"Est. reading time":"4 minutes"},"schema":{"@context":"https:\/\/schema.org","@graph":[{"@type":"WebPage","@id":"https:\/\/www.biekapa.com\/fr\/contact\/","url":"https:\/\/www.biekapa.com\/fr\/contact\/","name":"Contacto | Biekapa Perfiladores | Fabricaci\u00f3n de Perfiles de Acero","isPartOf":{"@id":"https:\/\/www.biekapa.com\/#website"},"datePublished":"2018-11-21T15:10:12+00:00","dateModified":"2020-09-16T15:36:03+00:00","description":"Contacto Biekapa Perfiladores | Estamos en Pol\u00edgono Lintzirin en Oiartzun. info@biekapa.com 943 639 189 | Fabricaci\u00f3n de Perfiles de Acero Gipuzkoa","breadcrumb":{"@id":"https:\/\/www.biekapa.com\/fr\/contact\/#breadcrumb"},"inLanguage":"fr-FR","potentialAction":[{"@type":"ReadAction","target":["https:\/\/www.biekapa.com\/fr\/contact\/"]}]},{"@type":"BreadcrumbList","@id":"https:\/\/www.biekapa.com\/fr\/contact\/#breadcrumb","itemListElement":[{"@type":"ListItem","position":1,"name":"Portada","item":"https:\/\/www.biekapa.com\/fr\/"},{"@type":"ListItem","position":2,"name":"Contact"}]},{"@type":"WebSite","@id":"https:\/\/www.biekapa.com\/#website","url":"https:\/\/www.biekapa.com\/","name":"Biekapa","description":"Perfiladores","potentialAction":[{"@type":"SearchAction","target":{"@type":"EntryPoint","urlTemplate":"https:\/\/www.biekapa.com\/?s={search_term_string}"},"query-input":{"@type":"PropertyValueSpecification","valueRequired":true,"valueName":"search_term_string"}}],"inLanguage":"fr-FR"}]}},"_links":{"self":[{"href":"https:\/\/www.biekapa.com\/fr\/wp-json\/wp\/v2\/pages\/1132","targetHints":{"allow":["GET"]}}],"collection":[{"href":"https:\/\/www.biekapa.com\/fr\/wp-json\/wp\/v2\/pages"}],"about":[{"href":"https:\/\/www.biekapa.com\/fr\/wp-json\/wp\/v2\/types\/page"}],"author":[{"embeddable":true,"href":"https:\/\/www.biekapa.com\/fr\/wp-json\/wp\/v2\/users\/2"}],"replies":[{"embeddable":true,"href":"https:\/\/www.biekapa.com\/fr\/wp-json\/wp\/v2\/comments?post=1132"}],"version-history":[{"count":2,"href":"https:\/\/www.biekapa.com\/fr\/wp-json\/wp\/v2\/pages\/1132\/revisions"}],"predecessor-version":[{"id":1597,"href":"https:\/\/www.biekapa.com\/fr\/wp-json\/wp\/v2\/pages\/1132\/revisions\/1597"}],"wp:attachment":[{"href":"https:\/\/www.biekapa.com\/fr\/wp-json\/wp\/v2\/media?parent=1132"}],"curies":[{"name":"wp","href":"https:\/\/api.w.org\/{rel}","templated":true}]}}