{"id":5086,"date":"2024-02-09T11:47:04","date_gmt":"2024-02-09T10:47:04","guid":{"rendered":"https:\/\/www.biekapa.com\/sostenibilidad\/"},"modified":"2025-07-21T12:27:29","modified_gmt":"2025-07-21T11:27:29","slug":"sostenibilidad","status":"publish","type":"page","link":"https:\/\/www.biekapa.com\/fr\/sostenibilidad\/","title":{"rendered":"Durabilit\u00e9"},"content":{"rendered":"\n<style type=\"text\/css\" data-created_by=\"avia_inline_auto\" id=\"style-css-av-dbz1uz-19085bf6ff2b0b5b844e2d29229a3f14\">\n.avia-section.av-dbz1uz-19085bf6ff2b0b5b844e2d29229a3f14{\nbackground-color:#ffffff;\nbackground-image:url(https:\/\/www.biekapa.com\/wp-content\/uploads\/2018\/12\/Biekapa-Perfiles-Gipuzkoa-00003.jpg);\nbackground-repeat:no-repeat;\nbackground-position:0% 0%;\nbackground-attachment:fixed;\n}\n.avia-section.av-dbz1uz-19085bf6ff2b0b5b844e2d29229a3f14 .av-section-color-overlay{\nopacity:0.6;\nbackground-color:#ffffff;\n}\n.avia-section.av-dbz1uz-19085bf6ff2b0b5b844e2d29229a3f14 .av-extra-border-element .av-extra-border-inner{\nbackground-color:#ffffff;\n}\n<\/style>\n<div id='av_section_1'  class='avia-section av-dbz1uz-19085bf6ff2b0b5b844e2d29229a3f14 main_color avia-section-large avia-no-border-styling  avia-builder-el-0  avia-builder-el-no-sibling  avia-full-stretch avia-bg-style-fixed av-section-color-overlay-active container_wrap fullsize'  data-section-bg-repeat='stretch'><div class=\"av-section-color-overlay-wrap\"><div class=\"av-section-color-overlay\"><\/div><a href='#next-section' title='' class='scroll-down-link ' aria-hidden='true' data-av_icon='\ue877' data-av_iconfont='entypo-fontello'><\/a><div class='container av-section-cont-open' ><main  role=\"main\" itemprop=\"mainContentOfPage\"  class='template-page content  av-content-full alpha units'><div class='post-entry post-entry-type-page post-entry-5086'><div class='entry-content-wrapper clearfix'>\n\n<style type=\"text\/css\" data-created_by=\"avia_inline_auto\" id=\"style-css-av-d0ldej-eb313229f87800d1b2795aa74d1454ec\">\n.flex_column.av-d0ldej-eb313229f87800d1b2795aa74d1454ec{\nborder-radius:0px 0px 0px 0px;\npadding:20px 20px 20px 20px;\n}\n<\/style>\n<div  class='flex_column av-d0ldej-eb313229f87800d1b2795aa74d1454ec av_one_full  avia-builder-el-1  el_before_av_one_fourth  avia-builder-el-first  first flex_column_div av-animated-generic top-to-bottom  '     ><p>\n<style type=\"text\/css\" data-created_by=\"avia_inline_auto\" id=\"style-css-av-7sjvl-aae9d856617645462f43da81160c8f3b\">\n#top .av-special-heading.av-7sjvl-aae9d856617645462f43da81160c8f3b{\npadding-bottom:0;\nfont-size:40px;\n}\nbody .av-special-heading.av-7sjvl-aae9d856617645462f43da81160c8f3b .av-special-heading-tag .heading-char{\nfont-size:25px;\n}\n#top #wrap_all .av-special-heading.av-7sjvl-aae9d856617645462f43da81160c8f3b .av-special-heading-tag{\nfont-size:40px;\n}\n.av-special-heading.av-7sjvl-aae9d856617645462f43da81160c8f3b .av-subheading{\nfont-size:15px;\n}\n\n@media only screen and (min-width: 480px) and (max-width: 767px){ \n#top #wrap_all .av-special-heading.av-7sjvl-aae9d856617645462f43da81160c8f3b .av-special-heading-tag{\nfont-size:0.8em;\n}\n}\n\n@media only screen and (max-width: 479px){ \n#top #wrap_all .av-special-heading.av-7sjvl-aae9d856617645462f43da81160c8f3b .av-special-heading-tag{\nfont-size:0.8em;\n}\n}\n<\/style>\n<div  class='av-special-heading av-7sjvl-aae9d856617645462f43da81160c8f3b av-special-heading-h1 blockquote modern-quote modern-centered  avia-builder-el-2  el_before_av_hr  avia-builder-el-first  av-inherit-size av-linked-heading'><h1 class='av-special-heading-tag'  itemprop=\"headline\"  >DURABILIT\u00c9<\/h1><div class=\"special-heading-border\"><div class=\"special-heading-inner-border\"><\/div><\/div><\/div><br \/>\n\n<style type=\"text\/css\" data-created_by=\"avia_inline_auto\" id=\"style-css-av-cotw17-3b2264b6cc8369b855d06d1687662b1f\">\n#top .hr.av-cotw17-3b2264b6cc8369b855d06d1687662b1f{\nmargin-top:30px;\nmargin-bottom:30px;\n}\n.hr.av-cotw17-3b2264b6cc8369b855d06d1687662b1f .hr-inner{\nwidth:50px;\nborder-color:#000000;\n}\n<\/style>\n<div  class='hr av-cotw17-3b2264b6cc8369b855d06d1687662b1f hr-custom  avia-builder-el-3  el_after_av_heading  el_before_av_textblock  hr-center hr-icon-no'><span class='hr-inner inner-border-av-border-thin'><span class=\"hr-inner-style\"><\/span><\/span><\/div><br \/>\n\n<style type=\"text\/css\" data-created_by=\"avia_inline_auto\" id=\"style-css-av-ckg50r-4f86147825ed7c940bd7bee7050b5278\">\n#top .av_textblock_section.av-ckg50r-4f86147825ed7c940bd7bee7050b5278 .avia_textblock{\nfont-size:22px;\n}\n<\/style>\n<section  class='av_textblock_section av-ckg50r-4f86147825ed7c940bd7bee7050b5278 '   itemscope=\"itemscope\" itemtype=\"https:\/\/schema.org\/CreativeWork\" ><div class='avia_textblock'  itemprop=\"text\" ><p style=\"text-align: center;\">BIEKAPA est engag\u00e9e en faveur de la durabilit\u00e9 et de l&#8217;environnement. Cet engagement est inscrit dans sa &#8220;Politique Environnementale&#8221; et reconnu par la certification ISO 14001.<\/p>\n<p style=\"text-align: center;\">Dans le cadre de son engagement en faveur de la durabilit\u00e9, BIEKAPA a r\u00e9alis\u00e9 une analyse du cycle de vie des produits qu&#8217;elle fabrique. L&#8217;analyse du cycle de vie est un outil de gestion environnementale dont l&#8217;objectif est d&#8217;analyser de mani\u00e8re objective et m\u00e9thodique, l&#8217;impact environnemental g\u00e9n\u00e9r\u00e9 par ses produits du secteur des plaques de pl\u00e2tre tout au long de leur cycle de vie complet.BIEKAPA a \u00e9t\u00e9 b\u00e9n\u00e9ficiaire du Fonds Europ\u00e9en de D\u00e9veloppement R\u00e9gional dont l&#8217;objectif est de renforcer la croissance durable et la comp\u00e9titivit\u00e9 des PME, et gr\u00e2ce auquel elle a mis en place un Plan d&#8217;Action visant \u00e0 renforcer la croissance durable et la comp\u00e9titivit\u00e9 des PME d&#8217;ici 2024. Pour cela, elle a compt\u00e9 sur le soutien du Programme PME Durable de la Chambre de Commerce de Gipuzkoa. #L&#8217;EuropeSeSente.<\/p>\n<p style=\"text-align: center;\">D&#8217;autre part, BIEKAPA a mis\u00e9 sur l&#8217;am\u00e9lioration de l&#8217;efficacit\u00e9 \u00e9nerg\u00e9tique et sur l&#8217;utilisation des \u00e9nergies renouvelables dans son activit\u00e9 quotidienne. Dans ce sens, durant l&#8217;ann\u00e9e 2023, BIEKAPA a investi dans l&#8217;installation d&#8217;une nouvelle centrale photovolta\u00efque pour l&#8217;autoconsommation de 220 kWn. Cette centrale est compos\u00e9e de 603 panneaux de 500 Wp avec une technologie solaire FV monocristalline. Cet investissement s&#8217;ajoute \u00e0 celui r\u00e9alis\u00e9 en 2018 pour d&#8217;autres 100 kWn et a b\u00e9n\u00e9fici\u00e9 du soutien des fonds Next Generation, promus par l&#8217;Union europ\u00e9enne, ainsi que de l&#8217;EVE (Entit\u00e9 basque de l&#8217;\u00e9nergie) et du Minist\u00e8re de la Transition \u00e9cologique et du d\u00e9fi d\u00e9mographique (IDAE).<\/p>\n<p style=\"text-align: center;\"><img loading=\"lazy\" decoding=\"async\" class=\"aligncenter\" style=\"text-align: center;\" src=\"https:\/\/www.biekapa.com\/wp-content\/uploads\/2024\/02\/just.png\" width=\"836\" height=\"188\" \/><\/p>\n<\/div><\/section><\/p><\/div><div  class='flex_column av-lvxw5obn-f180d34cf200e64a955cfce00c598a4f av_one_fourth  avia-builder-el-5  el_after_av_one_full  el_before_av_one_half  first flex_column_div  column-top-margin'     ><p>\n<style type=\"text\/css\" data-created_by=\"avia_inline_auto\" id=\"style-css-av-lvxw32h8-e7e05231684e227f2de7ab7b19532e78\">\n.avia-image-container.av-lvxw32h8-e7e05231684e227f2de7ab7b19532e78 img.avia_image{\nbox-shadow:none;\n}\n.avia-image-container.av-lvxw32h8-e7e05231684e227f2de7ab7b19532e78 .av-image-caption-overlay-center{\ncolor:#ffffff;\n}\n<\/style>\n<div  class='avia-image-container av-lvxw32h8-e7e05231684e227f2de7ab7b19532e78 av-styling- avia-align-center  avia-builder-el-6  el_before_av_button  avia-builder-el-first '   itemprop=\"image\" itemscope=\"itemscope\" itemtype=\"https:\/\/schema.org\/ImageObject\" ><div class=\"avia-image-container-inner\"><div class=\"avia-image-overlay-wrap\"><a href=\"https:\/\/www.biekapa.com\/wp-content\/uploads\/2024\/09\/DC-IF-01.3-Politica-Medio-Ambiente.pdf\" class='avia_image'  aria-label='DC-IF-01.3 Politica Medio Ambiente'><img decoding=\"async\" fetchpriority=\"high\" class='wp-image-6083 avia-img-lazy-loading-not-6083 avia_image ' src=\"https:\/\/www.biekapa.com\/wp-content\/uploads\/2024\/09\/DC-IF-01.3-Politica-Medio-Ambiente.gif\" alt='' title='DC-IF-01.3 Politica Medio Ambiente'  height=\"678\" width=\"428\"  itemprop=\"thumbnailUrl\"  \/><\/a><\/div><\/div><\/div><br \/>\n<div  class='avia-button-wrap av-lvxw16hi-096316afe4d1df557d27c77ad4c33b44-wrap avia-button-center  avia-builder-el-7  el_after_av_image  avia-builder-el-last '><a href='https:\/\/www.biekapa.com\/wp-content\/uploads\/2024\/09\/DC-IF-01.3-Politica-Medio-Ambiente.pdf'  class='avia-button av-lvxw16hi-096316afe4d1df557d27c77ad4c33b44 avia-icon_select-yes-left-icon avia-size-medium avia-position-center avia-color-theme-color'  ><span class='avia_button_icon avia_button_icon_left' aria-hidden='true' data-av_icon='\ue82d' data-av_iconfont='entypo-fontello'><\/span><span class='avia_iconbox_title' >T\u00e9l\u00e9charger<\/span><\/a><\/div><\/p><\/div><div  class='flex_column av-av_one_half-7bd3f5cd863a6256abcb544d7c276d96 av_one_half  avia-builder-el-8  el_after_av_one_fourth  el_before_av_one_fourth  flex_column_div  column-top-margin'     ><section  class='av_textblock_section av-m3omy56q-b39cb5754e75a5b8f7a57b77db831d83 '   itemscope=\"itemscope\" itemtype=\"https:\/\/schema.org\/CreativeWork\" ><div class='avia_textblock'  itemprop=\"text\" ><section style=\"background-color: white; margin: 0:padding:0;\">\n<p style=\"text-align: left;\"><img loading=\"lazy\" decoding=\"async\" class=\"alignleft\" style=\"float: left;\" src=\"https:\/\/www.biekapa.com\/wp-content\/uploads\/2024\/11\/OCAB_MARQUAGE_TRIMAN_PMCB_CAT2_V_NOIR.png\" alt=\"triman\" width=\"226\" height=\"501\" \/><\/p>\n<h1 style=\"text-align: left; padding-top: 10px;\"><strong>\u00a0\u00a0\u00a0RECYCLAGE\u00a0<\/strong><\/h1>\n<p><span style=\"font-size: 14px !important;\"><br \/>\n<strong style=\"font-size: 14px !important;\">Dans le cadre de la loi anti gaspillage pour<\/strong><\/span><\/p>\n<p><strong style=\"font-size: 14px !important;\">une \u00e9conomie circulaire (AGEC), le r\u00e9gime<\/strong><\/p>\n<p><strong style=\"font-size: 14px !important;\">de la responsabilit\u00e9 \u00e9largie du producteur<\/strong><\/p>\n<p><strong style=\"font-size: 14px !important;\">(REP) est \u00e9tendu aux produits et mat\u00e9riaux de<\/strong><\/p>\n<p><strong style=\"font-size: 14px !important;\">construction du secteur du b\u00e2timent (PMCB)<\/strong><\/p>\n<p><strong style=\"font-size: 14px !important;\">depuis le 1er janvier 2022.<\/strong><\/p>\n<p><strong>\u00a0<\/strong><\/p>\n<p><strong>\u00a0<\/strong><\/p>\n<p><strong>\u00a0<\/strong><br \/>\n<strong>\u00a0<\/strong><\/p>\n<p><strong>\u00a0<\/strong><\/p>\n<p><strong>\u00a0\u00a0\u00a0\u00a0\u00a0\u00a0Depuis 2024, BIEKAPA appose l\u2019info-tri, aussi appel\u00e9e <\/strong><\/p>\n<p><strong>\u00a0\u00a0\u00a0\u00a0\u00a0\u00a0TRIMAN, <\/strong><strong>sur ses produits afin d\u2019\u00e9clairer le consommateur,<\/strong><\/p>\n<p><strong>\u00a0\u00a0\u00a0\u00a0\u00a0\u00a0particulier ou professionnel, sur le geste de tri \u00e0<\/strong><\/p>\n<p><strong>\u00a0\u00a0\u00a0\u00a0\u00a0\u00a0effectuer pour se d\u00e9faire de ce produit.<\/strong><\/p>\n<p><strong>\u00a0<\/strong><\/p>\n<p><strong>\u00a0\u00a0\u00a0\u00a0\u00a0\u00a0Cette signal\u00e9tique est compos\u00e9e du logo TRIMAN<\/strong><\/p>\n<p><strong>\u00a0\u00a0\u00a0\u00a0\u00a0\u00a0et d\u2019une information pr\u00e9cisant les modalit\u00e9s de<\/strong><\/p>\n<p><strong>\u00a0\u00a0\u00a0\u00a0\u00a0\u00a0tri ou d\u2019apport du d\u00e9chet issu du produit.<\/strong><br \/>\n<img loading=\"lazy\" decoding=\"async\" class=\"alignleft\" style=\"float: left; background-color: white;\" src=\"https:\/\/www.biekapa.com\/wp-content\/uploads\/2024\/11\/OCAB_MARQUAGE_TRIMAN_PMCB_CAT2_H_NOIR.png\" alt=\"triman\" width=\"746\" height=\"218\" \/><\/p>\n<\/section>\n<\/div><\/section><\/div><div  class='flex_column av-av_one_fourth-4c8e6729a6c013dfb5b481982d3b59c4 av_one_fourth  avia-builder-el-10  el_after_av_one_half  el_before_av_hr  flex_column_div  column-top-margin'     ><p>\n<style type=\"text\/css\" data-created_by=\"avia_inline_auto\" id=\"style-css-av-av_image-5dc8a5d4f54873de6c54a8d4a2398314\">\n.avia-image-container.av-av_image-5dc8a5d4f54873de6c54a8d4a2398314 img.avia_image{\nbox-shadow:none;\n}\n.avia-image-container.av-av_image-5dc8a5d4f54873de6c54a8d4a2398314 .av-image-caption-overlay-center{\ncolor:#ffffff;\n}\n<\/style>\n<div  class='avia-image-container av-av_image-5dc8a5d4f54873de6c54a8d4a2398314 av-styling- avia-align-center  avia-builder-el-11  el_before_av_button  avia-builder-el-first '   itemprop=\"image\" itemscope=\"itemscope\" itemtype=\"https:\/\/schema.org\/ImageObject\" ><div class=\"avia-image-container-inner\"><div class=\"avia-image-overlay-wrap\"><a href=\"https:\/\/www.biekapa.com\/wp-content\/uploads\/2024\/05\/CertificadoGA-2024-0089_FR_2024-05-14.pdf\" class='avia_image'  aria-label='frthumb14001'><img decoding=\"async\" fetchpriority=\"high\" class='wp-image-5645 avia-img-lazy-loading-not-5645 avia_image ' src=\"https:\/\/www.biekapa.com\/wp-content\/uploads\/2024\/05\/frthumb14001.png\" alt='' title='frthumb14001'  height=\"631\" width=\"447\"  itemprop=\"thumbnailUrl\" srcset=\"https:\/\/www.biekapa.com\/wp-content\/uploads\/2024\/05\/frthumb14001.png 447w, https:\/\/www.biekapa.com\/wp-content\/uploads\/2024\/05\/frthumb14001-213x300.png 213w\" sizes=\"(max-width: 447px) 100vw, 447px\" \/><\/a><\/div><\/div><\/div><br \/>\n<div  class='avia-button-wrap av-av_button-1c2daaa2d71de88a148e35f1248e7262-wrap avia-button-center  avia-builder-el-12  el_after_av_image  avia-builder-el-last '><a href='https:\/\/www.biekapa.com\/wp-content\/uploads\/2024\/05\/CertificadoGA-2024-0089_FR_2024-05-14.pdf'  class='avia-button av-av_button-1c2daaa2d71de88a148e35f1248e7262 avia-icon_select-yes-left-icon avia-size-medium avia-position-center avia-color-theme-color'  ><span class='avia_button_icon avia_button_icon_left' aria-hidden='true' data-av_icon='\ue82d' data-av_iconfont='entypo-fontello'><\/span><span class='avia_iconbox_title' >T\u00e9l\u00e9charger<\/span><\/a><\/div><\/p><\/div>\n<style type=\"text\/css\" data-created_by=\"avia_inline_auto\" id=\"style-css-av-18mj7n-9832996e7f68f36e029e69f9dea61c65\">\n#top .hr.hr-invisible.av-18mj7n-9832996e7f68f36e029e69f9dea61c65{\nheight:120px;\n}\n<\/style>\n<div  class='hr av-18mj7n-9832996e7f68f36e029e69f9dea61c65 hr-invisible  avia-builder-el-13  el_after_av_one_fourth  avia-builder-el-last '><span class='hr-inner '><span class=\"hr-inner-style\"><\/span><\/span><\/div>\n\n","protected":false},"excerpt":{"rendered":"","protected":false},"author":2,"featured_media":0,"parent":0,"menu_order":58,"comment_status":"closed","ping_status":"closed","template":"","meta":{"footnotes":""},"class_list":["post-5086","page","type-page","status-publish","hentry"],"yoast_head":"<!-- This site is optimized with the Yoast SEO plugin v27.1.1 - https:\/\/yoast.com\/product\/yoast-seo-wordpress\/ -->\n<title>Durabilit\u00e9 - Biekapa<\/title>\n<meta name=\"description\" content=\"Biekapa Perfiladores | Fabricaci\u00f3n de Perfiles met\u00e1licos a trav\u00e9s de procesos de conformado en fr\u00edo para la agricultura, industria, sector energ\u00e9tico ...\" \/>\n<meta name=\"robots\" content=\"index, follow, max-snippet:-1, max-image-preview:large, max-video-preview:-1\" \/>\n<link rel=\"canonical\" href=\"https:\/\/www.biekapa.com\/fr\/sostenibilidad\/\" \/>\n<meta property=\"og:locale\" content=\"fr_FR\" \/>\n<meta property=\"og:type\" content=\"article\" \/>\n<meta property=\"og:title\" content=\"Durabilit\u00e9 - Biekapa\" \/>\n<meta property=\"og:description\" content=\"Biekapa Perfiladores | Fabricaci\u00f3n de Perfiles met\u00e1licos a trav\u00e9s de procesos de conformado en fr\u00edo para la agricultura, industria, sector energ\u00e9tico ...\" \/>\n<meta property=\"og:url\" content=\"https:\/\/www.biekapa.com\/fr\/sostenibilidad\/\" \/>\n<meta property=\"og:site_name\" content=\"Biekapa\" \/>\n<meta property=\"article:modified_time\" content=\"2025-07-21T11:27:29+00:00\" \/>\n<meta property=\"og:image\" content=\"https:\/\/www.biekapa.com\/wp-content\/uploads\/2024\/02\/just.png\" \/>\n<meta name=\"twitter:card\" content=\"summary_large_image\" \/>\n<meta name=\"twitter:label1\" content=\"Est. reading time\" \/>\n\t<meta name=\"twitter:data1\" content=\"2 minutes\" \/>\n<script type=\"application\/ld+json\" class=\"yoast-schema-graph\">{\"@context\":\"https:\/\/schema.org\",\"@graph\":[{\"@type\":\"WebPage\",\"@id\":\"https:\/\/www.biekapa.com\/fr\/sostenibilidad\/\",\"url\":\"https:\/\/www.biekapa.com\/fr\/sostenibilidad\/\",\"name\":\"Durabilit\u00e9 - Biekapa\",\"isPartOf\":{\"@id\":\"https:\/\/www.biekapa.com\/#website\"},\"primaryImageOfPage\":{\"@id\":\"https:\/\/www.biekapa.com\/fr\/sostenibilidad\/#primaryimage\"},\"image\":{\"@id\":\"https:\/\/www.biekapa.com\/fr\/sostenibilidad\/#primaryimage\"},\"thumbnailUrl\":\"https:\/\/www.biekapa.com\/wp-content\/uploads\/2024\/02\/just.png\",\"datePublished\":\"2024-02-09T10:47:04+00:00\",\"dateModified\":\"2025-07-21T11:27:29+00:00\",\"description\":\"Biekapa Perfiladores | Fabricaci\u00f3n de Perfiles met\u00e1licos a trav\u00e9s de procesos de conformado en fr\u00edo para la agricultura, industria, sector energ\u00e9tico ...\",\"breadcrumb\":{\"@id\":\"https:\/\/www.biekapa.com\/fr\/sostenibilidad\/#breadcrumb\"},\"inLanguage\":\"fr-FR\",\"potentialAction\":[{\"@type\":\"ReadAction\",\"target\":[\"https:\/\/www.biekapa.com\/fr\/sostenibilidad\/\"]}]},{\"@type\":\"ImageObject\",\"inLanguage\":\"fr-FR\",\"@id\":\"https:\/\/www.biekapa.com\/fr\/sostenibilidad\/#primaryimage\",\"url\":\"https:\/\/www.biekapa.com\/wp-content\/uploads\/2024\/02\/just.png\",\"contentUrl\":\"https:\/\/www.biekapa.com\/wp-content\/uploads\/2024\/02\/just.png\"},{\"@type\":\"BreadcrumbList\",\"@id\":\"https:\/\/www.biekapa.com\/fr\/sostenibilidad\/#breadcrumb\",\"itemListElement\":[{\"@type\":\"ListItem\",\"position\":1,\"name\":\"Portada\",\"item\":\"https:\/\/www.biekapa.com\/fr\/\"},{\"@type\":\"ListItem\",\"position\":2,\"name\":\"Durabilit\u00e9\"}]},{\"@type\":\"WebSite\",\"@id\":\"https:\/\/www.biekapa.com\/#website\",\"url\":\"https:\/\/www.biekapa.com\/\",\"name\":\"Biekapa\",\"description\":\"Perfiladores\",\"potentialAction\":[{\"@type\":\"SearchAction\",\"target\":{\"@type\":\"EntryPoint\",\"urlTemplate\":\"https:\/\/www.biekapa.com\/?s={search_term_string}\"},\"query-input\":{\"@type\":\"PropertyValueSpecification\",\"valueRequired\":true,\"valueName\":\"search_term_string\"}}],\"inLanguage\":\"fr-FR\"}]}<\/script>\n<!-- \/ Yoast SEO plugin. -->","yoast_head_json":{"title":"Durabilit\u00e9 - Biekapa","description":"Biekapa Perfiladores | Fabricaci\u00f3n de Perfiles met\u00e1licos a trav\u00e9s de procesos de conformado en fr\u00edo para la agricultura, industria, sector energ\u00e9tico ...","robots":{"index":"index","follow":"follow","max-snippet":"max-snippet:-1","max-image-preview":"max-image-preview:large","max-video-preview":"max-video-preview:-1"},"canonical":"https:\/\/www.biekapa.com\/fr\/sostenibilidad\/","og_locale":"fr_FR","og_type":"article","og_title":"Durabilit\u00e9 - Biekapa","og_description":"Biekapa Perfiladores | Fabricaci\u00f3n de Perfiles met\u00e1licos a trav\u00e9s de procesos de conformado en fr\u00edo para la agricultura, industria, sector energ\u00e9tico ...","og_url":"https:\/\/www.biekapa.com\/fr\/sostenibilidad\/","og_site_name":"Biekapa","article_modified_time":"2025-07-21T11:27:29+00:00","og_image":[{"url":"https:\/\/www.biekapa.com\/wp-content\/uploads\/2024\/02\/just.png","type":"","width":"","height":""}],"twitter_card":"summary_large_image","twitter_misc":{"Est. reading time":"2 minutes"},"schema":{"@context":"https:\/\/schema.org","@graph":[{"@type":"WebPage","@id":"https:\/\/www.biekapa.com\/fr\/sostenibilidad\/","url":"https:\/\/www.biekapa.com\/fr\/sostenibilidad\/","name":"Durabilit\u00e9 - Biekapa","isPartOf":{"@id":"https:\/\/www.biekapa.com\/#website"},"primaryImageOfPage":{"@id":"https:\/\/www.biekapa.com\/fr\/sostenibilidad\/#primaryimage"},"image":{"@id":"https:\/\/www.biekapa.com\/fr\/sostenibilidad\/#primaryimage"},"thumbnailUrl":"https:\/\/www.biekapa.com\/wp-content\/uploads\/2024\/02\/just.png","datePublished":"2024-02-09T10:47:04+00:00","dateModified":"2025-07-21T11:27:29+00:00","description":"Biekapa Perfiladores | Fabricaci\u00f3n de Perfiles met\u00e1licos a trav\u00e9s de procesos de conformado en fr\u00edo para la agricultura, industria, sector energ\u00e9tico ...","breadcrumb":{"@id":"https:\/\/www.biekapa.com\/fr\/sostenibilidad\/#breadcrumb"},"inLanguage":"fr-FR","potentialAction":[{"@type":"ReadAction","target":["https:\/\/www.biekapa.com\/fr\/sostenibilidad\/"]}]},{"@type":"ImageObject","inLanguage":"fr-FR","@id":"https:\/\/www.biekapa.com\/fr\/sostenibilidad\/#primaryimage","url":"https:\/\/www.biekapa.com\/wp-content\/uploads\/2024\/02\/just.png","contentUrl":"https:\/\/www.biekapa.com\/wp-content\/uploads\/2024\/02\/just.png"},{"@type":"BreadcrumbList","@id":"https:\/\/www.biekapa.com\/fr\/sostenibilidad\/#breadcrumb","itemListElement":[{"@type":"ListItem","position":1,"name":"Portada","item":"https:\/\/www.biekapa.com\/fr\/"},{"@type":"ListItem","position":2,"name":"Durabilit\u00e9"}]},{"@type":"WebSite","@id":"https:\/\/www.biekapa.com\/#website","url":"https:\/\/www.biekapa.com\/","name":"Biekapa","description":"Perfiladores","potentialAction":[{"@type":"SearchAction","target":{"@type":"EntryPoint","urlTemplate":"https:\/\/www.biekapa.com\/?s={search_term_string}"},"query-input":{"@type":"PropertyValueSpecification","valueRequired":true,"valueName":"search_term_string"}}],"inLanguage":"fr-FR"}]}},"_links":{"self":[{"href":"https:\/\/www.biekapa.com\/fr\/wp-json\/wp\/v2\/pages\/5086","targetHints":{"allow":["GET"]}}],"collection":[{"href":"https:\/\/www.biekapa.com\/fr\/wp-json\/wp\/v2\/pages"}],"about":[{"href":"https:\/\/www.biekapa.com\/fr\/wp-json\/wp\/v2\/types\/page"}],"author":[{"embeddable":true,"href":"https:\/\/www.biekapa.com\/fr\/wp-json\/wp\/v2\/users\/2"}],"replies":[{"embeddable":true,"href":"https:\/\/www.biekapa.com\/fr\/wp-json\/wp\/v2\/comments?post=5086"}],"version-history":[{"count":14,"href":"https:\/\/www.biekapa.com\/fr\/wp-json\/wp\/v2\/pages\/5086\/revisions"}],"predecessor-version":[{"id":7686,"href":"https:\/\/www.biekapa.com\/fr\/wp-json\/wp\/v2\/pages\/5086\/revisions\/7686"}],"wp:attachment":[{"href":"https:\/\/www.biekapa.com\/fr\/wp-json\/wp\/v2\/media?parent=5086"}],"curies":[{"name":"wp","href":"https:\/\/api.w.org\/{rel}","templated":true}]}}